{"id":8117,"date":"2023-04-10T10:12:18","date_gmt":"2023-04-10T03:12:18","guid":{"rendered":"http:\/\/atcmachinery.com\/?post_type=product&#038;p=8117"},"modified":"2023-04-10T10:21:45","modified_gmt":"2023-04-10T03:21:45","slug":"lathe-machine-okuma-lcs25","status":"publish","type":"product","link":"https:\/\/atcmachinery.com\/en\/lathe-machine-okuma-lcs25\/","title":{"rendered":"Lathe machine Okuma LCS25"},"content":{"rendered":"<table style=\"height: 399px; width: 70.8912%;\" border=\"1\" width=\"802\" cellspacing=\"0\" cellpadding=\"0\">\n<tbody>\n<tr style=\"height: 40px;\">\n<td style=\"height: 40px; width: 50.0523%;\"><strong>Model<\/strong><\/td>\n<td style=\"height: 40px; width: 36.2311%;\">OKUMA LCS25<\/td>\n<\/tr>\n<tr style=\"height: 40px;\">\n<td style=\"height: 40px; width: 50.0523%;\"><strong>Year<\/strong><\/td>\n<td style=\"height: 40px; width: 36.2311%;\">1997<\/td>\n<\/tr>\n<tr style=\"height: 40px;\">\n<td style=\"height: 40px; width: 50.0523%;\"><strong>Control System<\/strong><\/td>\n<td style=\"height: 40px; width: 36.2311%;\">OSP-U100L<\/td>\n<\/tr>\n<tr style=\"height: 40px;\">\n<td style=\"height: 40px; width: 50.0523%;\"><strong>Travel (X, Z)<\/strong><\/td>\n<td style=\"height: 40px; width: 36.2311%;\">200 x 480 mm<\/td>\n<\/tr>\n<tr style=\"height: 40px;\">\n<td style=\"height: 40px; width: 50.0523%;\"><strong>Spindle Speed<\/strong><\/td>\n<td style=\"height: 40px; width: 36.2311%;\">3.000 rpm<\/td>\n<\/tr>\n<tr style=\"height: 40px;\">\n<td style=\"height: 40px; width: 50.0523%;\"><strong>Chuck<\/strong><\/td>\n<td style=\"height: 40px; width: 36.2311%;\">200 mm<\/td>\n<\/tr>\n<tr style=\"height: 40px;\">\n<td style=\"height: 40px; width: 50.0523%;\"><strong>Number of Tools<\/strong><\/td>\n<td style=\"height: 40px; width: 36.2311%;\">8<\/td>\n<\/tr>\n<tr style=\"height: 40px;\">\n<td style=\"height: 40px; width: 50.0523%;\"><strong>Tailstock<\/strong><\/td>\n<td style=\"height: 40px; width: 36.2311%;\"><\/td>\n<\/tr>\n<tr style=\"height: 40px;\">\n<td style=\"height: 40px; width: 50.0523%;\"><strong>Weight<\/strong><\/td>\n<td style=\"height: 40px; width: 36.2311%;\"><\/td>\n<\/tr>\n<tr style=\"height: 40px;\">\n<td style=\"height: 40px; width: 50.0523%;\"><strong>Overall Dimensions (LxWxH)<\/strong><\/td>\n<td style=\"height: 40px; width: 36.2311%;\"><\/td>\n<\/tr>\n<\/tbody>\n<\/table>\n\n\n<div class=\"kk-star-ratings kksr-auto kksr-align-center kksr-valign-bottom\"\n    data-payload='{&quot;align&quot;:&quot;center&quot;,&quot;id&quot;:&quot;8117&quot;,&quot;slug&quot;:&quot;default&quot;,&quot;valign&quot;:&quot;bottom&quot;,&quot;ignore&quot;:&quot;&quot;,&quot;reference&quot;:&quot;auto&quot;,&quot;class&quot;:&quot;&quot;,&quot;count&quot;:&quot;0&quot;,&quot;legendonly&quot;:&quot;&quot;,&quot;readonly&quot;:&quot;&quot;,&quot;score&quot;:&quot;0&quot;,&quot;starsonly&quot;:&quot;&quot;,&quot;best&quot;:&quot;5&quot;,&quot;gap&quot;:&quot;5&quot;,&quot;greet&quot;:&quot;\u0110\u00e1nh gi\u00e1 product&quot;,&quot;legend&quot;:&quot;0\\\/5 - (0 votes)&quot;,&quot;size&quot;:&quot;24&quot;,&quot;title&quot;:&quot;Lathe machine Okuma LCS25&quot;,&quot;width&quot;:&quot;0&quot;,&quot;_legend&quot;:&quot;{score}\\\/{best} - ({count} {votes})&quot;,&quot;font_factor&quot;:&quot;1.25&quot;}'>\n            \n<div class=\"kksr-stars\">\n    \n<div class=\"kksr-stars-inactive\">\n            <div class=\"kksr-star\" data-star=\"1\" style=\"padding-right: 5px\">\n            \n\n<div class=\"kksr-icon\" style=\"width: 24px; height: 24px;\"><\/div>\n        <\/div>\n            <div class=\"kksr-star\" data-star=\"2\" style=\"padding-right: 5px\">\n            \n\n<div class=\"kksr-icon\" style=\"width: 24px; height: 24px;\"><\/div>\n        <\/div>\n            <div class=\"kksr-star\" data-star=\"3\" style=\"padding-right: 5px\">\n            \n\n<div class=\"kksr-icon\" style=\"width: 24px; height: 24px;\"><\/div>\n        <\/div>\n            <div class=\"kksr-star\" data-star=\"4\" style=\"padding-right: 5px\">\n            \n\n<div class=\"kksr-icon\" style=\"width: 24px; height: 24px;\"><\/div>\n        <\/div>\n            <div class=\"kksr-star\" data-star=\"5\" style=\"padding-right: 5px\">\n            \n\n<div class=\"kksr-icon\" style=\"width: 24px; height: 24px;\"><\/div>\n        <\/div>\n    <\/div>\n    \n<div class=\"kksr-stars-active\" style=\"width: 0px;\">\n            <div class=\"kksr-star\" style=\"padding-right: 5px\">\n            \n\n<div class=\"kksr-icon\" style=\"width: 24px; height: 24px;\"><\/div>\n        <\/div>\n            <div class=\"kksr-star\" style=\"padding-right: 5px\">\n            \n\n<div class=\"kksr-icon\" style=\"width: 24px; height: 24px;\"><\/div>\n        <\/div>\n            <div class=\"kksr-star\" style=\"padding-right: 5px\">\n            \n\n<div class=\"kksr-icon\" style=\"width: 24px; height: 24px;\"><\/div>\n        <\/div>\n            <div class=\"kksr-star\" style=\"padding-right: 5px\">\n            \n\n<div class=\"kksr-icon\" style=\"width: 24px; height: 24px;\"><\/div>\n        <\/div>\n            <div class=\"kksr-star\" style=\"padding-right: 5px\">\n            \n\n<div class=\"kksr-icon\" style=\"width: 24px; height: 24px;\"><\/div>\n        <\/div>\n    <\/div>\n<\/div>\n                \n\n<div class=\"kksr-legend\" style=\"font-size: 19.2px;\">\n            <span class=\"kksr-muted\">\u0110\u00e1nh gi\u00e1 product<\/span>\n    <\/div>\n    <\/div>\n","protected":false},"excerpt":{"rendered":"<p>Model OKUMA LCS25 Year 1997 Control System OSP-U100L Travel (X, Z) 200 x 480 mm Spindle Speed 3.000 rpm Chuck 200 mm Number of Tools 8 Tailstock Weight Overall Dimensions (LxWxH)<\/p>\n","protected":false},"featured_media":8125,"template":"","meta":{"_acf_changed":false},"product_brand":[],"product_cat":[17],"product_tag":[],"class_list":{"0":"post-8117","1":"product","2":"type-product","3":"status-publish","4":"has-post-thumbnail","6":"product_cat-chua-phan-loai","8":"first","9":"instock","10":"shipping-taxable","11":"purchasable","12":"product-type-simple"},"acf":[],"_links":{"self":[{"href":"https:\/\/atcmachinery.com\/en\/wp-json\/wp\/v2\/product\/8117","targetHints":{"allow":["GET"]}}],"collection":[{"href":"https:\/\/atcmachinery.com\/en\/wp-json\/wp\/v2\/product"}],"about":[{"href":"https:\/\/atcmachinery.com\/en\/wp-json\/wp\/v2\/types\/product"}],"wp:featuredmedia":[{"embeddable":true,"href":"https:\/\/atcmachinery.com\/en\/wp-json\/wp\/v2\/media\/8125"}],"wp:attachment":[{"href":"https:\/\/atcmachinery.com\/en\/wp-json\/wp\/v2\/media?parent=8117"}],"wp:term":[{"taxonomy":"product_brand","embeddable":true,"href":"https:\/\/atcmachinery.com\/en\/wp-json\/wp\/v2\/product_brand?post=8117"},{"taxonomy":"product_cat","embeddable":true,"href":"https:\/\/atcmachinery.com\/en\/wp-json\/wp\/v2\/product_cat?post=8117"},{"taxonomy":"product_tag","embeddable":true,"href":"https:\/\/atcmachinery.com\/en\/wp-json\/wp\/v2\/product_tag?post=8117"}],"curies":[{"name":"wp","href":"https:\/\/api.w.org\/{rel}","templated":true}]}}