{"id":4854,"date":"2022-07-15T21:35:31","date_gmt":"2022-07-15T14:35:31","guid":{"rendered":"http:\/\/atcmachinery.com\/coffee-roaster-with-a-capacity-of-3-5-kg\/"},"modified":"2023-03-04T11:06:03","modified_gmt":"2023-03-04T04:06:03","slug":"coffee-roaster-with-a-capacity-of-3-5-kg","status":"publish","type":"product","link":"https:\/\/atcmachinery.com\/en\/coffee-roaster-with-a-capacity-of-3-5-kg\/","title":{"rendered":"Coffee roaster with a capacity of 3\u20135 kg"},"content":{"rendered":"<p>&nbsp;<\/p>\n<table style=\"height: 121px; width: 100%;\" border=\"1\" width=\"503\" cellspacing=\"0\" cellpadding=\"0\">\n<tbody>\n<tr style=\"height: 20px;\">\n<td style=\"height: 20px;\"><span style=\"font-size: 12pt;\"><strong>N\u0103ng su\u1ea5t rang m\u1ed9t m\u1ebb<\/strong><\/span><\/td>\n<td style=\"height: 20px;\"><span style=\"font-size: 12pt;\">3-5kg c\u00e0 ph\u00ea nh\u00e2n<\/span><\/td>\n<\/tr>\n<tr style=\"height: 16px;\">\n<td style=\"height: 16px;\"><span style=\"font-size: 12pt;\"><strong>Th\u1eddi gian rang<\/strong><\/span><\/td>\n<td style=\"height: 16px;\"><span style=\"font-size: 12pt;\">T\u01b0\u01a1ng \u0111\u01b0\u01a1ng 10-35 ph\u00fat\/m\u1ebb<\/span><\/td>\n<\/tr>\n<tr style=\"height: 25px;\">\n<td style=\"height: 25px;\"><span style=\"font-size: 12pt;\"><strong>Ch\u1ebf \u0111\u1ed9 \u0111i\u1ec1u khi\u1ec3n<\/strong><\/span><\/td>\n<td style=\"height: 25px;\"><span style=\"font-size: 12pt;\">B\u00e1n t\u1ef1 \u0111\u1ed9ng<\/span><\/td>\n<\/tr>\n<tr style=\"height: 28px;\">\n<td style=\"height: 28px;\"><span style=\"font-size: 12pt;\"><strong>H\u1ec7 l\u00e0m ngu\u1ed9i<\/strong><\/span><\/td>\n<td style=\"height: 28px;\"><span style=\"font-size: 12pt;\">B\u1eb1ng kh\u00f4ng kh\u00ed<\/span><\/td>\n<\/tr>\n<tr style=\"height: 10px;\">\n<td style=\"height: 10px;\"><span style=\"font-size: 12pt;\"><strong>H\u1ec7 nhi\u1ec7t<\/strong><\/span><\/td>\n<td style=\"height: 10px;\"><span style=\"font-size: 12pt;\">LPG\/Natural Gas<\/span><\/td>\n<\/tr>\n<tr style=\"height: 22px;\">\n<td style=\"height: 22px;\"><span style=\"font-size: 12pt;\"><strong>\u0110i\u1ec7n \u00e1p<\/strong><\/span><\/td>\n<td style=\"height: 22px;\"><span style=\"font-size: 12pt;\">3 pha 380V \u2013 50\/60Hz<\/span><\/td>\n<\/tr>\n<\/tbody>\n<\/table>\n\n\n<div class=\"kk-star-ratings kksr-auto kksr-align-center kksr-valign-bottom\"\n    data-payload='{&quot;align&quot;:&quot;center&quot;,&quot;id&quot;:&quot;4854&quot;,&quot;slug&quot;:&quot;default&quot;,&quot;valign&quot;:&quot;bottom&quot;,&quot;ignore&quot;:&quot;&quot;,&quot;reference&quot;:&quot;auto&quot;,&quot;class&quot;:&quot;&quot;,&quot;count&quot;:&quot;0&quot;,&quot;legendonly&quot;:&quot;&quot;,&quot;readonly&quot;:&quot;&quot;,&quot;score&quot;:&quot;0&quot;,&quot;starsonly&quot;:&quot;&quot;,&quot;best&quot;:&quot;5&quot;,&quot;gap&quot;:&quot;5&quot;,&quot;greet&quot;:&quot;\u0110\u00e1nh gi\u00e1 product&quot;,&quot;legend&quot;:&quot;0\\\/5 - (0 votes)&quot;,&quot;size&quot;:&quot;24&quot;,&quot;title&quot;:&quot;Coffee roaster with a capacity of 3\u20135 kg&quot;,&quot;width&quot;:&quot;0&quot;,&quot;_legend&quot;:&quot;{score}\\\/{best} - ({count} {votes})&quot;,&quot;font_factor&quot;:&quot;1.25&quot;}'>\n            \n<div class=\"kksr-stars\">\n    \n<div class=\"kksr-stars-inactive\">\n            <div class=\"kksr-star\" data-star=\"1\" style=\"padding-right: 5px\">\n            \n\n<div class=\"kksr-icon\" style=\"width: 24px; height: 24px;\"><\/div>\n        <\/div>\n            <div class=\"kksr-star\" data-star=\"2\" style=\"padding-right: 5px\">\n            \n\n<div class=\"kksr-icon\" style=\"width: 24px; height: 24px;\"><\/div>\n        <\/div>\n            <div class=\"kksr-star\" data-star=\"3\" style=\"padding-right: 5px\">\n            \n\n<div class=\"kksr-icon\" style=\"width: 24px; height: 24px;\"><\/div>\n        <\/div>\n            <div class=\"kksr-star\" data-star=\"4\" style=\"padding-right: 5px\">\n            \n\n<div class=\"kksr-icon\" style=\"width: 24px; height: 24px;\"><\/div>\n        <\/div>\n            <div class=\"kksr-star\" data-star=\"5\" style=\"padding-right: 5px\">\n            \n\n<div class=\"kksr-icon\" style=\"width: 24px; height: 24px;\"><\/div>\n        <\/div>\n    <\/div>\n    \n<div class=\"kksr-stars-active\" style=\"width: 0px;\">\n            <div class=\"kksr-star\" style=\"padding-right: 5px\">\n            \n\n<div class=\"kksr-icon\" style=\"width: 24px; height: 24px;\"><\/div>\n        <\/div>\n            <div class=\"kksr-star\" style=\"padding-right: 5px\">\n            \n\n<div class=\"kksr-icon\" style=\"width: 24px; height: 24px;\"><\/div>\n        <\/div>\n            <div class=\"kksr-star\" style=\"padding-right: 5px\">\n            \n\n<div class=\"kksr-icon\" style=\"width: 24px; height: 24px;\"><\/div>\n        <\/div>\n            <div class=\"kksr-star\" style=\"padding-right: 5px\">\n            \n\n<div class=\"kksr-icon\" style=\"width: 24px; height: 24px;\"><\/div>\n        <\/div>\n            <div class=\"kksr-star\" style=\"padding-right: 5px\">\n            \n\n<div class=\"kksr-icon\" style=\"width: 24px; height: 24px;\"><\/div>\n        <\/div>\n    <\/div>\n<\/div>\n                \n\n<div class=\"kksr-legend\" style=\"font-size: 19.2px;\">\n            <span class=\"kksr-muted\">\u0110\u00e1nh gi\u00e1 product<\/span>\n    <\/div>\n    <\/div>\n","protected":false},"excerpt":{"rendered":"<p>&nbsp; N\u0103ng su\u1ea5t rang m\u1ed9t m\u1ebb 3-5kg c\u00e0 ph\u00ea nh\u00e2n Th\u1eddi gian rang T\u01b0\u01a1ng \u0111\u01b0\u01a1ng 10-35 ph\u00fat\/m\u1ebb Ch\u1ebf \u0111\u1ed9 \u0111i\u1ec1u khi\u1ec3n B\u00e1n t\u1ef1 \u0111\u1ed9ng H\u1ec7 l\u00e0m ngu\u1ed9i B\u1eb1ng kh\u00f4ng kh\u00ed H\u1ec7 nhi\u1ec7t LPG\/Natural Gas \u0110i\u1ec7n \u00e1p 3 pha 380V \u2013 50\/60Hz<\/p>\n","protected":false},"featured_media":3904,"template":"","meta":{"_acf_changed":false},"product_brand":[],"product_cat":[129],"product_tag":[],"class_list":{"0":"post-4854","1":"product","2":"type-product","3":"status-publish","4":"has-post-thumbnail","6":"product_cat-machine-automation","8":"first","9":"instock","10":"shipping-taxable","11":"purchasable","12":"product-type-simple"},"acf":[],"_links":{"self":[{"href":"https:\/\/atcmachinery.com\/en\/wp-json\/wp\/v2\/product\/4854","targetHints":{"allow":["GET"]}}],"collection":[{"href":"https:\/\/atcmachinery.com\/en\/wp-json\/wp\/v2\/product"}],"about":[{"href":"https:\/\/atcmachinery.com\/en\/wp-json\/wp\/v2\/types\/product"}],"wp:featuredmedia":[{"embeddable":true,"href":"https:\/\/atcmachinery.com\/en\/wp-json\/wp\/v2\/media\/3904"}],"wp:attachment":[{"href":"https:\/\/atcmachinery.com\/en\/wp-json\/wp\/v2\/media?parent=4854"}],"wp:term":[{"taxonomy":"product_brand","embeddable":true,"href":"https:\/\/atcmachinery.com\/en\/wp-json\/wp\/v2\/product_brand?post=4854"},{"taxonomy":"product_cat","embeddable":true,"href":"https:\/\/atcmachinery.com\/en\/wp-json\/wp\/v2\/product_cat?post=4854"},{"taxonomy":"product_tag","embeddable":true,"href":"https:\/\/atcmachinery.com\/en\/wp-json\/wp\/v2\/product_tag?post=4854"}],"curies":[{"name":"wp","href":"https:\/\/api.w.org\/{rel}","templated":true}]}}