{"id":4850,"date":"2022-07-15T22:17:36","date_gmt":"2022-07-15T15:17:36","guid":{"rendered":"http:\/\/atcmachinery.com\/ifm-sublimation-dryer-gmbh-fd200\/"},"modified":"2023-03-04T10:59:51","modified_gmt":"2023-03-04T03:59:51","slug":"ifm-sublimation-dryer-gmbh-fd200","status":"publish","type":"product","link":"https:\/\/atcmachinery.com\/en\/ifm-sublimation-dryer-gmbh-fd200\/","title":{"rendered":"IFM sublimation dryer GMBH -FD200"},"content":{"rendered":"<p>&nbsp;<\/p>\n<table style=\"height: 329px; width: 103.961%;\" border=\"1\" width=\"503\" cellspacing=\"0\" cellpadding=\"0\">\n<tbody>\n<tr style=\"height: 20px;\">\n<td style=\"height: 20px; width: 48.5609%;\"><span style=\"font-size: 14pt; font-family: arial, helvetica, sans-serif;\"><strong>Kh\u1ed1i l\u01b0\u1ee3ng s\u1ea5y t\u01b0\u01a1i m\u1ed7i m\u1ebb<\/strong><\/span><\/td>\n<td style=\"height: 20px; width: 55.7802%;\"><span style=\"font-size: 14pt; font-family: arial, helvetica, sans-serif;\">20kg\/m\u1ebb<\/span><\/td>\n<\/tr>\n<tr style=\"height: 16px;\">\n<td style=\"height: 16px; width: 48.5609%;\"><span style=\"font-size: 14pt; font-family: arial, helvetica, sans-serif;\"><strong>V\u1eadt li\u1ec7u ch\u1ebf t\u1ea1o m\u00e1y<\/strong><\/span><\/td>\n<td style=\"height: 16px; width: 55.7802%;\"><span style=\"font-size: 14pt; font-family: arial, helvetica, sans-serif;\">INOX 304<\/span><\/td>\n<\/tr>\n<tr style=\"height: 25px;\">\n<td style=\"height: 25px; width: 48.5609%;\"><span style=\"font-size: 14pt; font-family: arial, helvetica, sans-serif;\"><strong>Nhi\u1ec7t \u0111\u1ed9 khay s\u1ea5y<\/strong><\/span><\/td>\n<td style=\"height: 25px; width: 55.7802%;\"><span style=\"font-size: 14pt; font-family: arial, helvetica, sans-serif;\">-20 t\u1edbi +60<sup>o<\/sup>C<\/span><\/td>\n<\/tr>\n<tr style=\"height: 28px;\">\n<td style=\"height: 28px; width: 48.5609%;\"><span style=\"font-size: 14pt; font-family: arial, helvetica, sans-serif;\"><strong>Nhi\u1ec7t \u0111\u1ed9 b\u1ed9 c\u1ea5p \u0111\u00f4ng<\/strong><\/span><\/td>\n<td style=\"height: 28px; width: 55.7802%;\"><span style=\"font-size: 14pt; font-family: arial, helvetica, sans-serif;\">\u2265 -40<sup>o<\/sup>C<\/span><\/td>\n<\/tr>\n<tr style=\"height: 10px;\">\n<td style=\"height: 10px; width: 48.5609%;\"><span style=\"font-size: 14pt; font-family: arial, helvetica, sans-serif;\"><strong>S\u1ed1 k\u1ec7 s\u1ea5y<\/strong><\/span><\/td>\n<td style=\"height: 10px; width: 55.7802%;\"><span style=\"font-size: 14pt; font-family: arial, helvetica, sans-serif;\">5 + 1 k\u1ec7<\/span><\/td>\n<\/tr>\n<tr style=\"height: 22px;\">\n<td style=\"height: 22px; width: 48.5609%;\"><span style=\"font-size: 14pt; font-family: arial, helvetica, sans-serif;\"><strong>K\u00edch th\u01b0\u1edbc k\u1ec7 s\u1ea5y<\/strong><\/span><\/td>\n<td style=\"height: 22px; width: 55.7802%;\"><span style=\"font-size: 14pt; font-family: arial, helvetica, sans-serif;\">400mm x 1500mm<\/span><\/td>\n<\/tr>\n<tr style=\"height: 22px;\">\n<td style=\"height: 22px; width: 48.5609%;\"><span style=\"font-size: 14pt; font-family: arial, helvetica, sans-serif;\"><strong>Kho\u1ea3ng c\u00e1ch gi\u1eefa c\u00e1c k\u1ec7 s\u1ea5y<\/strong><\/span><\/td>\n<td style=\"height: 22px; width: 55.7802%;\"><span style=\"font-size: 14pt; font-family: arial, helvetica, sans-serif;\">40-45mm<\/span><\/td>\n<\/tr>\n<tr style=\"height: 22px;\">\n<td style=\"height: 22px; width: 48.5609%;\"><span style=\"font-size: 14pt; font-family: arial, helvetica, sans-serif;\"><strong>S\u1ed1 l\u01b0\u1ee3ng khay<\/strong><\/span><\/td>\n<td style=\"height: 22px; width: 55.7802%;\"><span style=\"font-size: 14pt; font-family: arial, helvetica, sans-serif;\">10 khay<\/span><\/td>\n<\/tr>\n<tr style=\"height: 22px;\">\n<td style=\"height: 22px; width: 48.5609%;\"><span style=\"font-size: 14pt; font-family: arial, helvetica, sans-serif;\"><strong>K\u00edch th\u01b0\u1edbc khay s\u1ea5y<\/strong><\/span><\/td>\n<td style=\"height: 22px; width: 55.7802%;\"><span style=\"font-size: 14pt; font-family: arial, helvetica, sans-serif;\">390 x 750 mm<\/span><\/td>\n<\/tr>\n<tr style=\"height: 22px;\">\n<td style=\"height: 22px; width: 48.5609%;\"><span style=\"font-size: 14pt; font-family: arial, helvetica, sans-serif;\"><strong>Di\u1ec7n t\u00edch m\u1eb7t gia nhi\u1ec7t<\/strong><\/span><\/td>\n<td style=\"height: 22px; width: 55.7802%;\"><span style=\"font-size: 14pt; font-family: arial, helvetica, sans-serif;\">2.925m<sup>2<\/sup><\/span><\/td>\n<\/tr>\n<tr style=\"height: 22px;\">\n<td style=\"height: 10px; width: 48.5609%;\"><span style=\"font-size: 14pt; font-family: arial, helvetica, sans-serif;\"><strong>M\u00e1y n\u00e9n l\u1ea1nh<\/strong><\/span><\/td>\n<td style=\"height: 10px; width: 55.7802%;\"><span style=\"font-size: 14pt; font-family: arial, helvetica, sans-serif;\">Tecumseh\/ Ph\u00e1p &#8211; \u1ea4n<\/span><\/td>\n<\/tr>\n<tr style=\"height: 22px;\">\n<td style=\"height: 22px; width: 48.5609%;\"><span style=\"font-size: 14pt; font-family: arial, helvetica, sans-serif;\"><strong>M\u00f4i ch\u1ea5t l\u1ea1nh<\/strong><\/span><\/td>\n<td style=\"height: 22px; width: 55.7802%;\"><span style=\"font-size: 14pt; font-family: arial, helvetica, sans-serif;\">R404A<\/span><\/td>\n<\/tr>\n<tr style=\"height: 22px;\">\n<td style=\"height: 22px; width: 48.5609%;\"><span style=\"font-size: 14pt; font-family: arial, helvetica, sans-serif;\"><strong>Ph\u01b0\u01a1ng th\u1ee9c gi\u1ea3i nhi\u1ec7t<\/strong><\/span><\/td>\n<td style=\"height: 22px; width: 55.7802%;\"><span style=\"font-size: 14pt; font-family: arial, helvetica, sans-serif;\">Gi\u00f3\/N\u01b0\u1edbc<\/span><\/td>\n<\/tr>\n<tr style=\"height: 22px;\">\n<td style=\"height: 22px; width: 48.5609%;\"><span style=\"font-size: 14pt; font-family: arial, helvetica, sans-serif;\"><strong>C\u00f4ng su\u1ea5t \u0111i\u1ec7n ti\u00eau th\u1ee5<\/strong><\/span><\/td>\n<td style=\"height: 22px; width: 55.7802%;\"><span style=\"font-size: 14pt; font-family: arial, helvetica, sans-serif;\">3.5kwh<\/span><\/td>\n<\/tr>\n<tr style=\"height: 22px;\">\n<td style=\"height: 22px; width: 48.5609%;\"><span style=\"font-size: 14pt; font-family: arial, helvetica, sans-serif;\"><strong>Ph\u01b0\u01a1ng th\u1ee9c \u0111i\u1ec1u khi\u1ec3n<\/strong><\/span><\/td>\n<td style=\"height: 22px; width: 55.7802%;\"><span style=\"font-size: 14pt; font-family: arial, helvetica, sans-serif;\">T\u1ef1 \u0111\u1ed9ng b\u1eb1ng PLC + HMI Siemens<\/span><\/td>\n<\/tr>\n<tr style=\"height: 22px;\">\n<td style=\"height: 22px; width: 48.5609%;\"><span style=\"font-size: 14pt; font-family: arial, helvetica, sans-serif;\"><strong>\u0110i\u1ec7n \u00e1p ngu\u1ed3n<\/strong><\/span><\/td>\n<td style=\"height: 22px; width: 55.7802%;\"><span style=\"font-size: 14pt; font-family: arial, helvetica, sans-serif;\">380V\/ 3 pha<\/span><\/td>\n<\/tr>\n<\/tbody>\n<\/table>\n\n\n<div class=\"kk-star-ratings kksr-auto kksr-align-center kksr-valign-bottom\"\n    data-payload='{&quot;align&quot;:&quot;center&quot;,&quot;id&quot;:&quot;4850&quot;,&quot;slug&quot;:&quot;default&quot;,&quot;valign&quot;:&quot;bottom&quot;,&quot;ignore&quot;:&quot;&quot;,&quot;reference&quot;:&quot;auto&quot;,&quot;class&quot;:&quot;&quot;,&quot;count&quot;:&quot;0&quot;,&quot;legendonly&quot;:&quot;&quot;,&quot;readonly&quot;:&quot;&quot;,&quot;score&quot;:&quot;0&quot;,&quot;starsonly&quot;:&quot;&quot;,&quot;best&quot;:&quot;5&quot;,&quot;gap&quot;:&quot;5&quot;,&quot;greet&quot;:&quot;\u0110\u00e1nh gi\u00e1 product&quot;,&quot;legend&quot;:&quot;0\\\/5 - (0 votes)&quot;,&quot;size&quot;:&quot;24&quot;,&quot;title&quot;:&quot;IFM sublimation dryer GMBH -FD200&quot;,&quot;width&quot;:&quot;0&quot;,&quot;_legend&quot;:&quot;{score}\\\/{best} - ({count} {votes})&quot;,&quot;font_factor&quot;:&quot;1.25&quot;}'>\n            \n<div class=\"kksr-stars\">\n    \n<div class=\"kksr-stars-inactive\">\n            <div class=\"kksr-star\" data-star=\"1\" style=\"padding-right: 5px\">\n            \n\n<div class=\"kksr-icon\" style=\"width: 24px; height: 24px;\"><\/div>\n        <\/div>\n            <div class=\"kksr-star\" data-star=\"2\" style=\"padding-right: 5px\">\n            \n\n<div class=\"kksr-icon\" style=\"width: 24px; height: 24px;\"><\/div>\n        <\/div>\n            <div class=\"kksr-star\" data-star=\"3\" style=\"padding-right: 5px\">\n            \n\n<div class=\"kksr-icon\" style=\"width: 24px; height: 24px;\"><\/div>\n        <\/div>\n            <div class=\"kksr-star\" data-star=\"4\" style=\"padding-right: 5px\">\n            \n\n<div class=\"kksr-icon\" style=\"width: 24px; height: 24px;\"><\/div>\n        <\/div>\n            <div class=\"kksr-star\" data-star=\"5\" style=\"padding-right: 5px\">\n            \n\n<div class=\"kksr-icon\" style=\"width: 24px; height: 24px;\"><\/div>\n        <\/div>\n    <\/div>\n    \n<div class=\"kksr-stars-active\" style=\"width: 0px;\">\n            <div class=\"kksr-star\" style=\"padding-right: 5px\">\n            \n\n<div class=\"kksr-icon\" style=\"width: 24px; height: 24px;\"><\/div>\n        <\/div>\n            <div class=\"kksr-star\" style=\"padding-right: 5px\">\n            \n\n<div class=\"kksr-icon\" style=\"width: 24px; height: 24px;\"><\/div>\n        <\/div>\n            <div class=\"kksr-star\" style=\"padding-right: 5px\">\n            \n\n<div class=\"kksr-icon\" style=\"width: 24px; height: 24px;\"><\/div>\n        <\/div>\n            <div class=\"kksr-star\" style=\"padding-right: 5px\">\n            \n\n<div class=\"kksr-icon\" style=\"width: 24px; height: 24px;\"><\/div>\n        <\/div>\n            <div class=\"kksr-star\" style=\"padding-right: 5px\">\n            \n\n<div class=\"kksr-icon\" style=\"width: 24px; height: 24px;\"><\/div>\n        <\/div>\n    <\/div>\n<\/div>\n                \n\n<div class=\"kksr-legend\" style=\"font-size: 19.2px;\">\n            <span class=\"kksr-muted\">\u0110\u00e1nh gi\u00e1 product<\/span>\n    <\/div>\n    <\/div>\n","protected":false},"excerpt":{"rendered":"<p>&nbsp; Kh\u1ed1i l\u01b0\u1ee3ng s\u1ea5y t\u01b0\u01a1i m\u1ed7i m\u1ebb 20kg\/m\u1ebb V\u1eadt li\u1ec7u ch\u1ebf t\u1ea1o m\u00e1y INOX 304 Nhi\u1ec7t \u0111\u1ed9 khay s\u1ea5y -20 t\u1edbi +60oC Nhi\u1ec7t \u0111\u1ed9 b\u1ed9 c\u1ea5p \u0111\u00f4ng \u2265 -40oC S\u1ed1 k\u1ec7 s\u1ea5y 5 + 1 k\u1ec7 K\u00edch th\u01b0\u1edbc k\u1ec7 s\u1ea5y 400mm x 1500mm Kho\u1ea3ng c\u00e1ch gi\u1eefa c\u00e1c k\u1ec7 s\u1ea5y 40-45mm S\u1ed1 l\u01b0\u1ee3ng khay 10 khay<\/p>\n","protected":false},"featured_media":3928,"template":"","meta":{"_acf_changed":false},"product_brand":[],"product_cat":[129],"product_tag":[],"class_list":{"0":"post-4850","1":"product","2":"type-product","3":"status-publish","4":"has-post-thumbnail","6":"product_cat-machine-automation","8":"first","9":"instock","10":"shipping-taxable","11":"purchasable","12":"product-type-simple"},"acf":[],"_links":{"self":[{"href":"https:\/\/atcmachinery.com\/en\/wp-json\/wp\/v2\/product\/4850","targetHints":{"allow":["GET"]}}],"collection":[{"href":"https:\/\/atcmachinery.com\/en\/wp-json\/wp\/v2\/product"}],"about":[{"href":"https:\/\/atcmachinery.com\/en\/wp-json\/wp\/v2\/types\/product"}],"wp:featuredmedia":[{"embeddable":true,"href":"https:\/\/atcmachinery.com\/en\/wp-json\/wp\/v2\/media\/3928"}],"wp:attachment":[{"href":"https:\/\/atcmachinery.com\/en\/wp-json\/wp\/v2\/media?parent=4850"}],"wp:term":[{"taxonomy":"product_brand","embeddable":true,"href":"https:\/\/atcmachinery.com\/en\/wp-json\/wp\/v2\/product_brand?post=4850"},{"taxonomy":"product_cat","embeddable":true,"href":"https:\/\/atcmachinery.com\/en\/wp-json\/wp\/v2\/product_cat?post=4850"},{"taxonomy":"product_tag","embeddable":true,"href":"https:\/\/atcmachinery.com\/en\/wp-json\/wp\/v2\/product_tag?post=4850"}],"curies":[{"name":"wp","href":"https:\/\/api.w.org\/{rel}","templated":true}]}}