{"id":4848,"date":"2022-07-15T22:41:32","date_gmt":"2022-07-15T15:41:32","guid":{"rendered":"http:\/\/atcmachinery.com\/automatic-dosing-packing-machine-by-cup\/"},"modified":"2023-03-04T11:00:15","modified_gmt":"2023-03-04T04:00:15","slug":"automatic-dosing-packing-machine-by-cup","status":"publish","type":"product","link":"https:\/\/atcmachinery.com\/en\/automatic-dosing-packing-machine-by-cup\/","title":{"rendered":"Automatic dosing packing machine by cup"},"content":{"rendered":"<p>&nbsp;<\/p>\n<table style=\"height: 329px; width: 89.9974%;\" border=\"1\" width=\"503\" cellspacing=\"0\" cellpadding=\"0\">\n<tbody>\n<tr style=\"height: 20px;\">\n<td style=\"height: 20px; width: 45.7616%;\"><span style=\"font-size: 14pt; font-family: arial, helvetica, sans-serif;\"><strong>K\u00edch th\u01b0\u1edbc m\u00e1y<\/strong><\/span><\/td>\n<td style=\"height: 20px; width: 45.1467%;\"><span style=\"font-size: 14pt; font-family: arial, helvetica, sans-serif;\">(D) 1100 x (R) 740 x (C) 1720 mm<\/span><\/td>\n<\/tr>\n<tr style=\"height: 16px;\">\n<td style=\"height: 16px; width: 45.7616%;\"><span style=\"font-size: 14pt; font-family: arial, helvetica, sans-serif;\"><strong>D\u1ea1ng s\u1ea3n ph\u1ea9m<\/strong><\/span><\/td>\n<td style=\"height: 16px; width: 45.1467%;\"><span style=\"font-family: arial, helvetica, sans-serif;\"><span style=\"font-size: 18.6667px;\">B\u1ed9t\/ h\u1ea1t nh\u1ecf<\/span><\/span><\/td>\n<\/tr>\n<tr style=\"height: 25px;\">\n<td style=\"height: 25px; width: 45.7616%;\"><span style=\"font-family: arial, helvetica, sans-serif;\"><span style=\"font-size: 18.6667px;\"><b>Tr\u1ecdng l\u01b0\u1ee3ng g\u00f3i<\/b><\/span><\/span><\/td>\n<td style=\"height: 25px; width: 45.1467%;\"><span style=\"font-family: arial, helvetica, sans-serif;\"><span style=\"font-size: 18.6667px;\">2g &#8211; 50g<\/span><\/span><\/td>\n<\/tr>\n<tr style=\"height: 28px;\">\n<td style=\"height: 28px; width: 45.7616%;\"><span style=\"font-size: 14pt; font-family: arial, helvetica, sans-serif;\"><strong>Maximum film width<\/strong><\/span><\/td>\n<td style=\"height: 28px; width: 45.1467%;\"><span style=\"font-family: arial, helvetica, sans-serif;\"><span style=\"font-size: 18.6667px;\">280 mm<\/span><\/span><\/td>\n<\/tr>\n<tr style=\"height: 10px;\">\n<td style=\"height: 10px; width: 45.7616%;\"><span style=\"font-size: 14pt; font-family: arial, helvetica, sans-serif;\"><strong>\u0110\u1ed9 r\u1ed9ng t\u00fai<\/strong><\/span><\/td>\n<td style=\"height: 10px; width: 45.1467%;\"><span style=\"font-family: arial, helvetica, sans-serif;\"><span style=\"font-size: 18.6667px;\">30 &#8211; 140 mm<\/span><\/span><\/td>\n<\/tr>\n<tr style=\"height: 22px;\">\n<td style=\"height: 22px; width: 45.7616%;\"><span style=\"font-family: arial, helvetica, sans-serif;\"><span style=\"font-size: 18.6667px;\"><b>\u0110\u1ed9 d\u00e0i t\u00fai<\/b><\/span><\/span><\/td>\n<td style=\"height: 22px; width: 45.1467%;\"><span style=\"font-family: arial, helvetica, sans-serif;\"><span style=\"font-size: 18.6667px;\">50 &#8211; 145 mm<\/span><\/span><\/td>\n<\/tr>\n<tr style=\"height: 22px;\">\n<td style=\"height: 22px; width: 45.7616%;\"><span style=\"font-family: arial, helvetica, sans-serif;\"><span style=\"font-size: 18.6667px;\"><b>T\u1ed1c \u0111\u1ed9 \u0111\u00f3ng g\u00f3i<\/b><\/span><\/span><\/td>\n<td style=\"height: 22px; width: 45.1467%;\"><span style=\"font-size: 14pt; font-family: arial, helvetica, sans-serif;\">30 &#8211; 50 packs\/minute<\/span><\/td>\n<\/tr>\n<tr style=\"height: 22px;\">\n<td style=\"height: 22px; width: 45.7616%;\"><span style=\"font-family: arial, helvetica, sans-serif;\"><span style=\"font-size: 18.6667px;\"><b>Membrane material<\/b><\/span><\/span><\/td>\n<td style=\"height: 22px; width: 45.1467%;\"><span style=\"font-family: arial, helvetica, sans-serif;\"><span style=\"font-size: 18.6667px;\">M\u00e0ng nhi\u1ec7t \u0111a l\u1edbp ph\u1ee9c h\u1ee3p<\/span><\/span><\/td>\n<\/tr>\n<tr style=\"height: 22px;\">\n<td style=\"height: 22px; width: 45.7616%;\"><span style=\"font-family: arial, helvetica, sans-serif;\"><span style=\"font-size: 18.6667px;\"><b>Tr\u1ecdng l\u01b0\u1ee3ng m\u00e1y<\/b><\/span><\/span><\/td>\n<td style=\"height: 22px; width: 45.1467%;\"><span style=\"font-size: 14pt; font-family: arial, helvetica, sans-serif;\">250kg<\/span><\/td>\n<\/tr>\n<tr style=\"height: 22px;\">\n<td style=\"height: 22px; width: 45.7616%;\"><span style=\"font-family: arial, helvetica, sans-serif;\"><span style=\"font-size: 18.6667px;\"><b>Electric used<\/b><\/span><\/span><\/td>\n<td style=\"height: 22px; width: 45.1467%;\"><span style=\"font-family: arial, helvetica, sans-serif;\"><span style=\"font-size: 18.6667px;\">1.8kW<\/span><\/span><\/td>\n<\/tr>\n<tr style=\"height: 22px;\">\n<td style=\"height: 10px; width: 45.7616%;\"><span style=\"font-family: arial, helvetica, sans-serif;\"><span style=\"font-size: 18.6667px;\"><b>\u0110i\u1ec7n ngu\u1ed3n<\/b><\/span><\/span><\/td>\n<td style=\"height: 10px; width: 45.1467%;\"><span style=\"font-family: arial, helvetica, sans-serif;\"><span style=\"font-size: 18.6667px;\">1 pha\/ AC 220V\/ 13amp (Max)<\/span><\/span><\/td>\n<\/tr>\n<tr style=\"height: 22px;\">\n<td style=\"height: 22px; width: 45.7616%;\"><span style=\"font-family: arial, helvetica, sans-serif;\"><span style=\"font-size: 18.6667px;\"><b>Xu\u1ea5t x\u1ee9<\/b><\/span><\/span><\/td>\n<td style=\"height: 22px; width: 45.1467%;\"><span style=\"font-size: 14pt; font-family: arial, helvetica, sans-serif;\">Malaysia<\/span><\/td>\n<\/tr>\n<tr style=\"height: 22px;\">\n<td style=\"height: 22px; width: 45.7616%;\"><span style=\"font-size: 14pt; font-family: arial, helvetica, sans-serif;\"><strong>V\u1eadt li\u1ec7u ch\u1ebf t\u1ea1o m\u00e1y<\/strong><\/span><\/td>\n<td style=\"height: 22px; width: 45.1467%;\"><span style=\"font-family: arial, helvetica, sans-serif;\"><span style=\"font-size: 18.6667px;\">Th\u00e9p v\u00e0 s\u01a1n Epoxy ho\u1eb7c Th\u00e9p kh\u00f4ng g\u1ec9 304 ho\u1eb7c 316 (theo y\u00eau c\u1ea7u)<\/span><\/span><\/td>\n<\/tr>\n<\/tbody>\n<\/table>\n\n\n<div class=\"kk-star-ratings kksr-auto kksr-align-center kksr-valign-bottom\"\n    data-payload='{&quot;align&quot;:&quot;center&quot;,&quot;id&quot;:&quot;4848&quot;,&quot;slug&quot;:&quot;default&quot;,&quot;valign&quot;:&quot;bottom&quot;,&quot;ignore&quot;:&quot;&quot;,&quot;reference&quot;:&quot;auto&quot;,&quot;class&quot;:&quot;&quot;,&quot;count&quot;:&quot;0&quot;,&quot;legendonly&quot;:&quot;&quot;,&quot;readonly&quot;:&quot;&quot;,&quot;score&quot;:&quot;0&quot;,&quot;starsonly&quot;:&quot;&quot;,&quot;best&quot;:&quot;5&quot;,&quot;gap&quot;:&quot;5&quot;,&quot;greet&quot;:&quot;\u0110\u00e1nh gi\u00e1 product&quot;,&quot;legend&quot;:&quot;0\\\/5 - (0 votes)&quot;,&quot;size&quot;:&quot;24&quot;,&quot;title&quot;:&quot;Automatic dosing packing machine by cup&quot;,&quot;width&quot;:&quot;0&quot;,&quot;_legend&quot;:&quot;{score}\\\/{best} - ({count} {votes})&quot;,&quot;font_factor&quot;:&quot;1.25&quot;}'>\n            \n<div class=\"kksr-stars\">\n    \n<div class=\"kksr-stars-inactive\">\n            <div class=\"kksr-star\" data-star=\"1\" style=\"padding-right: 5px\">\n            \n\n<div class=\"kksr-icon\" style=\"width: 24px; height: 24px;\"><\/div>\n        <\/div>\n            <div class=\"kksr-star\" data-star=\"2\" style=\"padding-right: 5px\">\n            \n\n<div class=\"kksr-icon\" style=\"width: 24px; height: 24px;\"><\/div>\n        <\/div>\n            <div class=\"kksr-star\" data-star=\"3\" style=\"padding-right: 5px\">\n            \n\n<div class=\"kksr-icon\" style=\"width: 24px; height: 24px;\"><\/div>\n        <\/div>\n            <div class=\"kksr-star\" data-star=\"4\" style=\"padding-right: 5px\">\n            \n\n<div class=\"kksr-icon\" style=\"width: 24px; height: 24px;\"><\/div>\n        <\/div>\n            <div class=\"kksr-star\" data-star=\"5\" style=\"padding-right: 5px\">\n            \n\n<div class=\"kksr-icon\" style=\"width: 24px; height: 24px;\"><\/div>\n        <\/div>\n    <\/div>\n    \n<div class=\"kksr-stars-active\" style=\"width: 0px;\">\n            <div class=\"kksr-star\" style=\"padding-right: 5px\">\n            \n\n<div class=\"kksr-icon\" style=\"width: 24px; height: 24px;\"><\/div>\n        <\/div>\n            <div class=\"kksr-star\" style=\"padding-right: 5px\">\n            \n\n<div class=\"kksr-icon\" style=\"width: 24px; height: 24px;\"><\/div>\n        <\/div>\n            <div class=\"kksr-star\" style=\"padding-right: 5px\">\n            \n\n<div class=\"kksr-icon\" style=\"width: 24px; height: 24px;\"><\/div>\n        <\/div>\n            <div class=\"kksr-star\" style=\"padding-right: 5px\">\n            \n\n<div class=\"kksr-icon\" style=\"width: 24px; height: 24px;\"><\/div>\n        <\/div>\n            <div class=\"kksr-star\" style=\"padding-right: 5px\">\n            \n\n<div class=\"kksr-icon\" style=\"width: 24px; height: 24px;\"><\/div>\n        <\/div>\n    <\/div>\n<\/div>\n                \n\n<div class=\"kksr-legend\" style=\"font-size: 19.2px;\">\n            <span class=\"kksr-muted\">\u0110\u00e1nh gi\u00e1 product<\/span>\n    <\/div>\n    <\/div>\n","protected":false},"excerpt":{"rendered":"<p>&nbsp; K\u00edch th\u01b0\u1edbc m\u00e1y (D) 1100 x (R) 740 x (C) 1720 mm D\u1ea1ng s\u1ea3n ph\u1ea9m B\u1ed9t\/ h\u1ea1t nh\u1ecf Tr\u1ecdng l\u01b0\u1ee3ng g\u00f3i 2g &#8211; 50g Maximum film width 280 mm \u0110\u1ed9 r\u1ed9ng t\u00fai 30 &#8211; 140 mm \u0110\u1ed9 d\u00e0i t\u00fai 50 &#8211; 145 mm T\u1ed1c \u0111\u1ed9 \u0111\u00f3ng g\u00f3i 30 &#8211; 50 packs\/minute Membrane material M\u00e0ng<\/p>\n","protected":false},"featured_media":3950,"template":"","meta":{"_acf_changed":false},"product_brand":[],"product_cat":[129],"product_tag":[],"class_list":{"0":"post-4848","1":"product","2":"type-product","3":"status-publish","4":"has-post-thumbnail","6":"product_cat-machine-automation","8":"first","9":"instock","10":"shipping-taxable","11":"purchasable","12":"product-type-simple"},"acf":[],"_links":{"self":[{"href":"https:\/\/atcmachinery.com\/en\/wp-json\/wp\/v2\/product\/4848","targetHints":{"allow":["GET"]}}],"collection":[{"href":"https:\/\/atcmachinery.com\/en\/wp-json\/wp\/v2\/product"}],"about":[{"href":"https:\/\/atcmachinery.com\/en\/wp-json\/wp\/v2\/types\/product"}],"wp:featuredmedia":[{"embeddable":true,"href":"https:\/\/atcmachinery.com\/en\/wp-json\/wp\/v2\/media\/3950"}],"wp:attachment":[{"href":"https:\/\/atcmachinery.com\/en\/wp-json\/wp\/v2\/media?parent=4848"}],"wp:term":[{"taxonomy":"product_brand","embeddable":true,"href":"https:\/\/atcmachinery.com\/en\/wp-json\/wp\/v2\/product_brand?post=4848"},{"taxonomy":"product_cat","embeddable":true,"href":"https:\/\/atcmachinery.com\/en\/wp-json\/wp\/v2\/product_cat?post=4848"},{"taxonomy":"product_tag","embeddable":true,"href":"https:\/\/atcmachinery.com\/en\/wp-json\/wp\/v2\/product_tag?post=4848"}],"curies":[{"name":"wp","href":"https:\/\/api.w.org\/{rel}","templated":true}]}}