{"id":4847,"date":"2022-07-17T21:49:23","date_gmt":"2022-07-17T14:49:23","guid":{"rendered":"http:\/\/atcmachinery.com\/medium-sized-powder-and-granule-packing-machine-measuring-by-cup\/"},"modified":"2023-03-04T11:13:19","modified_gmt":"2023-03-04T04:13:19","slug":"medium-sized-powder-and-granule-packing-machine-measuring-by-cup","status":"publish","type":"product","link":"https:\/\/atcmachinery.com\/en\/medium-sized-powder-and-granule-packing-machine-measuring-by-cup\/","title":{"rendered":"Medium-sized powder and granule packing machine, measuring by cup"},"content":{"rendered":"<p>&nbsp;<\/p>\n<table style=\"height: 329px; width: 89.9974%;\" border=\"1\" width=\"503\" cellspacing=\"0\" cellpadding=\"0\">\n<tbody>\n<tr style=\"height: 20px;\">\n<td style=\"height: 20px; width: 45.7616%;\"><strong>Size machine<\/strong><\/td>\n<td style=\"height: 20px; width: 45.1467%;\"><span style=\"font-size: 14pt; font-family: arial, helvetica, sans-serif;\">(D) 1230 x (R) 770 x (C) 2200 mm<\/span><\/td>\n<\/tr>\n<tr style=\"height: 16px;\">\n<td style=\"height: 16px; width: 45.7616%;\"><strong>Quantitative type<\/strong><\/td>\n<td style=\"height: 16px; width: 45.1467%;\">By cup (cup)<\/td>\n<\/tr>\n<tr style=\"height: 16px;\">\n<td style=\"height: 16px; width: 45.7616%;\"><strong>Product form<\/strong><\/td>\n<td style=\"height: 16px; width: 45.1467%;\">Powder\/granule\/liquid (optional)<\/td>\n<\/tr>\n<tr style=\"height: 25px;\">\n<td style=\"height: 25px; width: 45.7616%;\"><strong>Package Weight<\/strong><\/td>\n<td style=\"height: 25px; width: 45.1467%;\"><span style=\"font-family: arial, helvetica, sans-serif;\"><span style=\"font-size: 18.6667px;\">100g &#8211; 500g<\/span><\/span><\/td>\n<\/tr>\n<tr style=\"height: 28px;\">\n<td style=\"height: 28px; width: 45.7616%;\"><strong>Packing style<\/strong><\/td>\n<td style=\"height: 28px; width: 45.1467%;\">Middle welding\/ Back pressing<\/td>\n<\/tr>\n<tr style=\"height: 10px;\">\n<td style=\"height: 10px; width: 45.7616%;\"><strong>Bag width<\/strong><\/td>\n<td style=\"height: 10px; width: 45.1467%;\"><span style=\"font-family: arial, helvetica, sans-serif;\"><span style=\"font-size: 18.6667px;\">100 &#8211; 190 mm<\/span><\/span><\/td>\n<\/tr>\n<tr style=\"height: 22px;\">\n<td style=\"height: 22px; width: 45.7616%;\"><strong>Bag length<\/strong><\/td>\n<td style=\"height: 22px; width: 45.1467%;\"><span style=\"font-family: arial, helvetica, sans-serif;\"><span style=\"font-size: 18.6667px;\">50 &#8211; 280 mm<\/span><\/span><\/td>\n<\/tr>\n<tr style=\"height: 22px;\">\n<td style=\"height: 22px; width: 45.7616%;\"><strong>Packing speed<\/strong><\/td>\n<td style=\"height: 22px; width: 45.1467%;\"><span style=\"font-size: 14pt; font-family: arial, helvetica, sans-serif;\">30 &#8211; 55 g\u00f3i\/ minutes (Depending on product)<\/span><\/td>\n<\/tr>\n<tr style=\"height: 22px;\">\n<td style=\"height: 22px; width: 45.7616%;\"><strong>Packaging film material<\/strong><\/td>\n<td style=\"height: 22px; width: 45.1467%;\">Complex multilayer thermal film<\/td>\n<\/tr>\n<tr style=\"height: 22px;\">\n<td style=\"height: 22px; width: 45.7616%;\"><strong>Weight machine<\/strong><\/td>\n<td style=\"height: 22px; width: 45.1467%;\"><span style=\"font-size: 14pt; font-family: arial, helvetica, sans-serif;\">400kg<\/span><\/td>\n<\/tr>\n<tr style=\"height: 22px;\">\n<td style=\"height: 22px; width: 45.7616%;\"><strong>Power capacity<\/strong><\/td>\n<td style=\"height: 22px; width: 45.1467%;\"><span style=\"font-family: arial, helvetica, sans-serif;\"><span style=\"font-size: 18.6667px;\">2.2kW<\/span><\/span><\/td>\n<\/tr>\n<tr style=\"height: 22px;\">\n<td style=\"height: 10px; width: 45.7616%;\"><strong>Power supply<\/strong><\/td>\n<td style=\"height: 10px; width: 45.1467%;\"><span style=\"font-family: arial, helvetica, sans-serif;\"><span style=\"font-size: 18.6667px;\">1 pha 3 d\u00e2y\/ AC 220V\/ 13amp (Max)<\/span><\/span><\/td>\n<\/tr>\n<tr style=\"height: 22px;\">\n<td style=\"height: 22px; width: 45.7616%;\"><strong>Origin<\/strong><\/td>\n<td style=\"height: 22px; width: 45.1467%;\"><span style=\"font-size: 14pt; font-family: arial, helvetica, sans-serif;\">Malaysia<\/span><\/td>\n<\/tr>\n<tr style=\"height: 22px;\">\n<td style=\"height: 22px; width: 45.7616%;\"><strong>Machine building materials<\/strong><\/td>\n<td style=\"height: 22px; width: 45.1467%;\">Steel and Epoxy coating or 304 or 316 Stainless Steel (on request)<\/td>\n<\/tr>\n<\/tbody>\n<\/table>\n\n\n<div class=\"kk-star-ratings kksr-auto kksr-align-center kksr-valign-bottom\"\n    data-payload='{&quot;align&quot;:&quot;center&quot;,&quot;id&quot;:&quot;4847&quot;,&quot;slug&quot;:&quot;default&quot;,&quot;valign&quot;:&quot;bottom&quot;,&quot;ignore&quot;:&quot;&quot;,&quot;reference&quot;:&quot;auto&quot;,&quot;class&quot;:&quot;&quot;,&quot;count&quot;:&quot;0&quot;,&quot;legendonly&quot;:&quot;&quot;,&quot;readonly&quot;:&quot;&quot;,&quot;score&quot;:&quot;0&quot;,&quot;starsonly&quot;:&quot;&quot;,&quot;best&quot;:&quot;5&quot;,&quot;gap&quot;:&quot;5&quot;,&quot;greet&quot;:&quot;\u0110\u00e1nh gi\u00e1 product&quot;,&quot;legend&quot;:&quot;0\\\/5 - (0 votes)&quot;,&quot;size&quot;:&quot;24&quot;,&quot;title&quot;:&quot;Medium-sized powder and granule packing machine, measuring by cup&quot;,&quot;width&quot;:&quot;0&quot;,&quot;_legend&quot;:&quot;{score}\\\/{best} - ({count} {votes})&quot;,&quot;font_factor&quot;:&quot;1.25&quot;}'>\n            \n<div class=\"kksr-stars\">\n    \n<div class=\"kksr-stars-inactive\">\n            <div class=\"kksr-star\" data-star=\"1\" style=\"padding-right: 5px\">\n            \n\n<div class=\"kksr-icon\" style=\"width: 24px; height: 24px;\"><\/div>\n        <\/div>\n            <div class=\"kksr-star\" data-star=\"2\" style=\"padding-right: 5px\">\n            \n\n<div class=\"kksr-icon\" style=\"width: 24px; height: 24px;\"><\/div>\n        <\/div>\n            <div class=\"kksr-star\" data-star=\"3\" style=\"padding-right: 5px\">\n            \n\n<div class=\"kksr-icon\" style=\"width: 24px; height: 24px;\"><\/div>\n        <\/div>\n            <div class=\"kksr-star\" data-star=\"4\" style=\"padding-right: 5px\">\n            \n\n<div class=\"kksr-icon\" style=\"width: 24px; height: 24px;\"><\/div>\n        <\/div>\n            <div class=\"kksr-star\" data-star=\"5\" style=\"padding-right: 5px\">\n            \n\n<div class=\"kksr-icon\" style=\"width: 24px; height: 24px;\"><\/div>\n        <\/div>\n    <\/div>\n    \n<div class=\"kksr-stars-active\" style=\"width: 0px;\">\n            <div class=\"kksr-star\" style=\"padding-right: 5px\">\n            \n\n<div class=\"kksr-icon\" style=\"width: 24px; height: 24px;\"><\/div>\n        <\/div>\n            <div class=\"kksr-star\" style=\"padding-right: 5px\">\n            \n\n<div class=\"kksr-icon\" style=\"width: 24px; height: 24px;\"><\/div>\n        <\/div>\n            <div class=\"kksr-star\" style=\"padding-right: 5px\">\n            \n\n<div class=\"kksr-icon\" style=\"width: 24px; height: 24px;\"><\/div>\n        <\/div>\n            <div class=\"kksr-star\" style=\"padding-right: 5px\">\n            \n\n<div class=\"kksr-icon\" style=\"width: 24px; height: 24px;\"><\/div>\n        <\/div>\n            <div class=\"kksr-star\" style=\"padding-right: 5px\">\n            \n\n<div class=\"kksr-icon\" style=\"width: 24px; height: 24px;\"><\/div>\n        <\/div>\n    <\/div>\n<\/div>\n                \n\n<div class=\"kksr-legend\" style=\"font-size: 19.2px;\">\n            <span class=\"kksr-muted\">\u0110\u00e1nh gi\u00e1 product<\/span>\n    <\/div>\n    <\/div>\n","protected":false},"excerpt":{"rendered":"<p>&nbsp; Size machine (D) 1230 x (R) 770 x (C) 2200 mm Quantitative type By cup (cup) Product form Powder\/granule\/liquid (optional) Package Weight 100g &#8211; 500g Packing style Middle welding\/ Back pressing Bag width 100 &#8211; 190 mm Bag length 50 &#8211; 280 mm Packing speed 30 &#8211; 55 g\u00f3i\/ minutes (Depending on product) Packaging<\/p>\n","protected":false},"featured_media":3953,"template":"","meta":{"_acf_changed":false},"product_brand":[],"product_cat":[129],"product_tag":[],"class_list":{"0":"post-4847","1":"product","2":"type-product","3":"status-publish","4":"has-post-thumbnail","6":"product_cat-machine-automation","8":"first","9":"instock","10":"shipping-taxable","11":"purchasable","12":"product-type-simple"},"acf":[],"_links":{"self":[{"href":"https:\/\/atcmachinery.com\/en\/wp-json\/wp\/v2\/product\/4847","targetHints":{"allow":["GET"]}}],"collection":[{"href":"https:\/\/atcmachinery.com\/en\/wp-json\/wp\/v2\/product"}],"about":[{"href":"https:\/\/atcmachinery.com\/en\/wp-json\/wp\/v2\/types\/product"}],"wp:featuredmedia":[{"embeddable":true,"href":"https:\/\/atcmachinery.com\/en\/wp-json\/wp\/v2\/media\/3953"}],"wp:attachment":[{"href":"https:\/\/atcmachinery.com\/en\/wp-json\/wp\/v2\/media?parent=4847"}],"wp:term":[{"taxonomy":"product_brand","embeddable":true,"href":"https:\/\/atcmachinery.com\/en\/wp-json\/wp\/v2\/product_brand?post=4847"},{"taxonomy":"product_cat","embeddable":true,"href":"https:\/\/atcmachinery.com\/en\/wp-json\/wp\/v2\/product_cat?post=4847"},{"taxonomy":"product_tag","embeddable":true,"href":"https:\/\/atcmachinery.com\/en\/wp-json\/wp\/v2\/product_tag?post=4847"}],"curies":[{"name":"wp","href":"https:\/\/api.w.org\/{rel}","templated":true}]}}