{"id":4647,"date":"2022-07-14T14:47:11","date_gmt":"2022-07-14T07:47:11","guid":{"rendered":"http:\/\/atcmachinery.com\/lathe-mazak-sqt-100msy\/"},"modified":"2024-02-02T09:59:40","modified_gmt":"2024-02-02T02:59:40","slug":"lathe-machine-mazak-sqt-100msy","status":"publish","type":"product","link":"https:\/\/atcmachinery.com\/en\/lathe-machine-mazak-sqt-100msy\/","title":{"rendered":"Lathe machine Mazak SQT-100MSY"},"content":{"rendered":"<table style=\"height: 600px; width: 100%;\" border=\"1\" width=\"802\" cellspacing=\"0\" cellpadding=\"0\">\n<tbody>\n<tr style=\"height: 40px;\">\n<td style=\"height: 40px;\"><strong>Model<\/strong><\/td>\n<td style=\"height: 40px;\">MAZAK SQT-100MSY<\/td>\n<\/tr>\n<tr style=\"height: 40px;\">\n<td style=\"height: 40px;\"><strong>Year<\/strong><\/td>\n<td style=\"height: 40px;\">2001<\/td>\n<\/tr>\n<tr style=\"height: 40px;\">\n<td style=\"height: 40px;\"><strong>Control System<\/strong><\/td>\n<td style=\"height: 40px;\">Mazatrol 640<\/td>\n<\/tr>\n<tr style=\"height: 40px;\">\n<td style=\"height: 40px;\"><strong>Travel (X, Y, Z)<\/strong><\/td>\n<td style=\"height: 40px;\">185 x 40 x 455 mm<\/td>\n<\/tr>\n<tr style=\"height: 40px;\">\n<td style=\"height: 40px;\"><strong>Main Spindle Speed<\/strong><\/td>\n<td style=\"height: 40px;\">6.000 rpm<\/td>\n<\/tr>\n<tr style=\"height: 40px;\">\n<td style=\"height: 40px;\"><strong>Secondary Spindle Speed<\/strong><\/td>\n<td style=\"height: 40px;\">6.000 rpm<\/td>\n<\/tr>\n<tr style=\"height: 40px;\">\n<td style=\"height: 40px;\"><strong>Milling Spindle Speed<\/strong><\/td>\n<td style=\"height: 40px;\">4.500 rpm<\/td>\n<\/tr>\n<tr style=\"height: 40px;\">\n<td style=\"height: 40px;\"><strong>C axis<\/strong><\/td>\n<td style=\"height: 40px;\">0.001<sup>o<\/sup><\/td>\n<\/tr>\n<tr style=\"height: 40px;\">\n<td style=\"height: 40px;\"><strong>Number Of Tools<\/strong><\/td>\n<td style=\"height: 40px;\">12<\/td>\n<\/tr>\n<tr style=\"height: 40px;\">\n<td style=\"height: 40px;\"><strong>2 Chucks<\/strong><\/td>\n<td style=\"height: 40px;\">Collet\/ 135 mm<\/td>\n<\/tr>\n<tr style=\"height: 40px;\">\n<td style=\"height: 40px;\"><strong>Tailstock<\/strong><\/td>\n<td style=\"height: 40px;\">Not Available<\/td>\n<\/tr>\n<tr style=\"height: 40px;\">\n<td style=\"height: 40px;\"><strong>Weight<\/strong><\/td>\n<td style=\"height: 40px;\">4500kg<\/td>\n<\/tr>\n<tr style=\"height: 40px;\">\n<td style=\"height: 40px;\"><strong>Overall Dimensions (LxWxH)<\/strong><\/td>\n<td style=\"height: 40px;\"><\/td>\n<\/tr>\n<\/tbody>\n<\/table>\n\n\n<div class=\"kk-star-ratings kksr-auto kksr-align-center kksr-valign-bottom\"\n    data-payload='{&quot;align&quot;:&quot;center&quot;,&quot;id&quot;:&quot;4647&quot;,&quot;slug&quot;:&quot;default&quot;,&quot;valign&quot;:&quot;bottom&quot;,&quot;ignore&quot;:&quot;&quot;,&quot;reference&quot;:&quot;auto&quot;,&quot;class&quot;:&quot;&quot;,&quot;count&quot;:&quot;0&quot;,&quot;legendonly&quot;:&quot;&quot;,&quot;readonly&quot;:&quot;&quot;,&quot;score&quot;:&quot;0&quot;,&quot;starsonly&quot;:&quot;&quot;,&quot;best&quot;:&quot;5&quot;,&quot;gap&quot;:&quot;5&quot;,&quot;greet&quot;:&quot;\u0110\u00e1nh gi\u00e1 product&quot;,&quot;legend&quot;:&quot;0\\\/5 - (0 votes)&quot;,&quot;size&quot;:&quot;24&quot;,&quot;title&quot;:&quot;Lathe machine Mazak SQT-100MSY&quot;,&quot;width&quot;:&quot;0&quot;,&quot;_legend&quot;:&quot;{score}\\\/{best} - ({count} {votes})&quot;,&quot;font_factor&quot;:&quot;1.25&quot;}'>\n            \n<div class=\"kksr-stars\">\n    \n<div class=\"kksr-stars-inactive\">\n            <div class=\"kksr-star\" data-star=\"1\" style=\"padding-right: 5px\">\n            \n\n<div class=\"kksr-icon\" style=\"width: 24px; height: 24px;\"><\/div>\n        <\/div>\n            <div class=\"kksr-star\" data-star=\"2\" style=\"padding-right: 5px\">\n            \n\n<div class=\"kksr-icon\" style=\"width: 24px; height: 24px;\"><\/div>\n        <\/div>\n            <div class=\"kksr-star\" data-star=\"3\" style=\"padding-right: 5px\">\n            \n\n<div class=\"kksr-icon\" style=\"width: 24px; height: 24px;\"><\/div>\n        <\/div>\n            <div class=\"kksr-star\" data-star=\"4\" style=\"padding-right: 5px\">\n            \n\n<div class=\"kksr-icon\" style=\"width: 24px; height: 24px;\"><\/div>\n        <\/div>\n            <div class=\"kksr-star\" data-star=\"5\" style=\"padding-right: 5px\">\n            \n\n<div class=\"kksr-icon\" style=\"width: 24px; height: 24px;\"><\/div>\n        <\/div>\n    <\/div>\n    \n<div class=\"kksr-stars-active\" style=\"width: 0px;\">\n            <div class=\"kksr-star\" style=\"padding-right: 5px\">\n            \n\n<div class=\"kksr-icon\" style=\"width: 24px; height: 24px;\"><\/div>\n        <\/div>\n            <div class=\"kksr-star\" style=\"padding-right: 5px\">\n            \n\n<div class=\"kksr-icon\" style=\"width: 24px; height: 24px;\"><\/div>\n        <\/div>\n            <div class=\"kksr-star\" style=\"padding-right: 5px\">\n            \n\n<div class=\"kksr-icon\" style=\"width: 24px; height: 24px;\"><\/div>\n        <\/div>\n            <div class=\"kksr-star\" style=\"padding-right: 5px\">\n            \n\n<div class=\"kksr-icon\" style=\"width: 24px; height: 24px;\"><\/div>\n        <\/div>\n            <div class=\"kksr-star\" style=\"padding-right: 5px\">\n            \n\n<div class=\"kksr-icon\" style=\"width: 24px; height: 24px;\"><\/div>\n        <\/div>\n    <\/div>\n<\/div>\n                \n\n<div class=\"kksr-legend\" style=\"font-size: 19.2px;\">\n            <span class=\"kksr-muted\">\u0110\u00e1nh gi\u00e1 product<\/span>\n    <\/div>\n    <\/div>\n","protected":false},"excerpt":{"rendered":"<p>Model MAZAK SQT-100MSY Year 2001 Control System Mazatrol 640 Travel (X, Y, Z) 185 x 40 x 455 mm Main Spindle Speed 6.000 rpm Secondary Spindle Speed 6.000 rpm Milling Spindle Speed 4.500 rpm C axis 0.001o Number Of Tools 12 2 Chucks Collet\/ 135 mm Tailstock Not Available Weight 4500kg Overall Dimensions (LxWxH)<\/p>\n","protected":false},"featured_media":6498,"template":"","meta":{"_acf_changed":false},"product_brand":[],"product_cat":[17],"product_tag":[],"class_list":{"0":"post-4647","1":"product","2":"type-product","3":"status-publish","4":"has-post-thumbnail","6":"product_cat-chua-phan-loai","8":"first","9":"instock","10":"shipping-taxable","11":"purchasable","12":"product-type-simple"},"acf":[],"_links":{"self":[{"href":"https:\/\/atcmachinery.com\/en\/wp-json\/wp\/v2\/product\/4647","targetHints":{"allow":["GET"]}}],"collection":[{"href":"https:\/\/atcmachinery.com\/en\/wp-json\/wp\/v2\/product"}],"about":[{"href":"https:\/\/atcmachinery.com\/en\/wp-json\/wp\/v2\/types\/product"}],"wp:featuredmedia":[{"embeddable":true,"href":"https:\/\/atcmachinery.com\/en\/wp-json\/wp\/v2\/media\/6498"}],"wp:attachment":[{"href":"https:\/\/atcmachinery.com\/en\/wp-json\/wp\/v2\/media?parent=4647"}],"wp:term":[{"taxonomy":"product_brand","embeddable":true,"href":"https:\/\/atcmachinery.com\/en\/wp-json\/wp\/v2\/product_brand?post=4647"},{"taxonomy":"product_cat","embeddable":true,"href":"https:\/\/atcmachinery.com\/en\/wp-json\/wp\/v2\/product_cat?post=4647"},{"taxonomy":"product_tag","embeddable":true,"href":"https:\/\/atcmachinery.com\/en\/wp-json\/wp\/v2\/product_tag?post=4647"}],"curies":[{"name":"wp","href":"https:\/\/api.w.org\/{rel}","templated":true}]}}