{"id":18129,"date":"2024-04-10T13:35:11","date_gmt":"2024-04-10T06:35:11","guid":{"rendered":"https:\/\/atcmachinery.com\/titan-dnc-communication-system\/"},"modified":"2025-10-17T14:27:43","modified_gmt":"2025-10-17T07:27:43","slug":"titan-dnc-communication-system","status":"publish","type":"product","link":"https:\/\/atcmachinery.com\/en\/titan-dnc-communication-system\/","title":{"rendered":"Titan DNC Communication System"},"content":{"rendered":"<p data-spm-anchor-id=\"a2o4n.pdp_revamp.product_detail.i0.429860dbMNMWVG\" data-sider-select-id=\"03fce5a9-b116-41f6-9e5c-1cc3a59e8519\"><strong>1. Introduction<\/strong><\/p>\n<p>DNC Titan is an upgraded version featuring robust hardware design and multiple advanced functions and utilities.<\/p>\n<p>The DNC Titan transfer unit is used to transmit machining programs from a USB device to CNC machines (such as CNC milling machines, CNC lathes, woodworking CNC machines, punching CNC machines, computerized embroidery machines, etc.). Compactly designed, the DNC Titan can be attached directly to the machine body with a magnet, saving workspace, allowing for quick and easy operation \u2014 an ideal replacement for computers in DNC data transmission.<\/p>\n<p><strong>2. Design Features &amp; Functions<\/strong><\/p>\n<p>2.4-inch LCD screen with 65,536 colors: displays program content, file and folder lists \u2014 clear, intuitive, and visually appealing.<\/p>\n<p>&#8211; Built-in 4GB memory for storing and managing machining programs<\/p>\n<p>&#8211; 02 USB 2.0 ports<\/p>\n<p>&#8211; Communication interfaces: RS232 and 50-pin Parallel<\/p>\n<p>&#8211; ON\/OFF power switch<\/p>\n<p>&#8211; 04 built-in magnets for easy installation<\/p>\n<p>&#8211; 06 control buttons: RESET, FUNCTION, BACK, SET, UP, DOWN<\/p>\n<p>&#8211; Features include COPY-PASTE, CUT-PASTE, RENAME, NEW FOLDER, and DELETE \u2014 allowing convenient file and folder operations, as well as data management within USB and internal memory.<\/p>\n<p>&#8211; AUTO CUTTING feature \u2013 Automatically splits machining programs, allowing users to set cutting parameters by Percentage (%) or Line Number (N); enables previewing of the program content after cutting.<\/p>\n<p>&#8211; SEND feature \u2013 Transfers machining programs to CNC machines and allows real-time viewing of the G-code being transmitted.<\/p>\n<p>&#8211; FORCED SEND feature \u2013 Forces the transfer of machining programs directly into the CNC machine.<\/p>\n<p>&#8211; RECEIVE feature \u2013 Receives machining programs or parameters from the CNC machine.<\/p>\n<p><strong>3. Package Includes:<\/strong><\/p>\n<p>&#8211; 01 DNC Titan<\/p>\n<p>&#8211; 01 RS232 Cable (2m)<\/p>\n<p>01 12V Power Adapter<\/p>\n\n\n<div class=\"kk-star-ratings kksr-auto kksr-align-center kksr-valign-bottom\"\n    data-payload='{&quot;align&quot;:&quot;center&quot;,&quot;id&quot;:&quot;18129&quot;,&quot;slug&quot;:&quot;default&quot;,&quot;valign&quot;:&quot;bottom&quot;,&quot;ignore&quot;:&quot;&quot;,&quot;reference&quot;:&quot;auto&quot;,&quot;class&quot;:&quot;&quot;,&quot;count&quot;:&quot;0&quot;,&quot;legendonly&quot;:&quot;&quot;,&quot;readonly&quot;:&quot;&quot;,&quot;score&quot;:&quot;0&quot;,&quot;starsonly&quot;:&quot;&quot;,&quot;best&quot;:&quot;5&quot;,&quot;gap&quot;:&quot;5&quot;,&quot;greet&quot;:&quot;\u0110\u00e1nh gi\u00e1 product&quot;,&quot;legend&quot;:&quot;0\\\/5 - (0 votes)&quot;,&quot;size&quot;:&quot;24&quot;,&quot;title&quot;:&quot;Titan DNC Communication System&quot;,&quot;width&quot;:&quot;0&quot;,&quot;_legend&quot;:&quot;{score}\\\/{best} - ({count} {votes})&quot;,&quot;font_factor&quot;:&quot;1.25&quot;}'>\n            \n<div class=\"kksr-stars\">\n    \n<div class=\"kksr-stars-inactive\">\n            <div class=\"kksr-star\" data-star=\"1\" style=\"padding-right: 5px\">\n            \n\n<div class=\"kksr-icon\" style=\"width: 24px; height: 24px;\"><\/div>\n        <\/div>\n            <div class=\"kksr-star\" data-star=\"2\" style=\"padding-right: 5px\">\n            \n\n<div class=\"kksr-icon\" style=\"width: 24px; height: 24px;\"><\/div>\n        <\/div>\n            <div class=\"kksr-star\" data-star=\"3\" style=\"padding-right: 5px\">\n            \n\n<div class=\"kksr-icon\" style=\"width: 24px; height: 24px;\"><\/div>\n        <\/div>\n            <div class=\"kksr-star\" data-star=\"4\" style=\"padding-right: 5px\">\n            \n\n<div class=\"kksr-icon\" style=\"width: 24px; height: 24px;\"><\/div>\n        <\/div>\n            <div class=\"kksr-star\" data-star=\"5\" style=\"padding-right: 5px\">\n            \n\n<div class=\"kksr-icon\" style=\"width: 24px; height: 24px;\"><\/div>\n        <\/div>\n    <\/div>\n    \n<div class=\"kksr-stars-active\" style=\"width: 0px;\">\n            <div class=\"kksr-star\" style=\"padding-right: 5px\">\n            \n\n<div class=\"kksr-icon\" style=\"width: 24px; height: 24px;\"><\/div>\n        <\/div>\n            <div class=\"kksr-star\" style=\"padding-right: 5px\">\n            \n\n<div class=\"kksr-icon\" style=\"width: 24px; height: 24px;\"><\/div>\n        <\/div>\n            <div class=\"kksr-star\" style=\"padding-right: 5px\">\n            \n\n<div class=\"kksr-icon\" style=\"width: 24px; height: 24px;\"><\/div>\n        <\/div>\n            <div class=\"kksr-star\" style=\"padding-right: 5px\">\n            \n\n<div class=\"kksr-icon\" style=\"width: 24px; height: 24px;\"><\/div>\n        <\/div>\n            <div class=\"kksr-star\" style=\"padding-right: 5px\">\n            \n\n<div class=\"kksr-icon\" style=\"width: 24px; height: 24px;\"><\/div>\n        <\/div>\n    <\/div>\n<\/div>\n                \n\n<div class=\"kksr-legend\" style=\"font-size: 19.2px;\">\n            <span class=\"kksr-muted\">\u0110\u00e1nh gi\u00e1 product<\/span>\n    <\/div>\n    <\/div>\n","protected":false},"excerpt":{"rendered":"<p>1. Introduction DNC Titan is an upgraded version featuring robust hardware design and multiple advanced functions and utilities. The DNC Titan transfer unit is used to transmit machining programs from a USB device to CNC machines (such as CNC milling machines, CNC lathes, woodworking CNC machines, punching CNC machines, computerized embroidery machines, etc.). Compactly designed,<\/p>\n","protected":false},"featured_media":12250,"template":"","meta":{"_acf_changed":false},"product_brand":[],"product_cat":[1424,130,133],"product_tag":[],"class_list":{"0":"post-18129","1":"product","2":"type-product","3":"status-publish","4":"has-post-thumbnail","6":"product_cat-spare-parts","7":"product_cat-accessories","8":"product_cat-dnc-tranfer-device","10":"first","11":"instock","12":"shipping-taxable","13":"purchasable","14":"product-type-simple"},"acf":[],"_links":{"self":[{"href":"https:\/\/atcmachinery.com\/en\/wp-json\/wp\/v2\/product\/18129","targetHints":{"allow":["GET"]}}],"collection":[{"href":"https:\/\/atcmachinery.com\/en\/wp-json\/wp\/v2\/product"}],"about":[{"href":"https:\/\/atcmachinery.com\/en\/wp-json\/wp\/v2\/types\/product"}],"wp:featuredmedia":[{"embeddable":true,"href":"https:\/\/atcmachinery.com\/en\/wp-json\/wp\/v2\/media\/12250"}],"wp:attachment":[{"href":"https:\/\/atcmachinery.com\/en\/wp-json\/wp\/v2\/media?parent=18129"}],"wp:term":[{"taxonomy":"product_brand","embeddable":true,"href":"https:\/\/atcmachinery.com\/en\/wp-json\/wp\/v2\/product_brand?post=18129"},{"taxonomy":"product_cat","embeddable":true,"href":"https:\/\/atcmachinery.com\/en\/wp-json\/wp\/v2\/product_cat?post=18129"},{"taxonomy":"product_tag","embeddable":true,"href":"https:\/\/atcmachinery.com\/en\/wp-json\/wp\/v2\/product_tag?post=18129"}],"curies":[{"name":"wp","href":"https:\/\/api.w.org\/{rel}","templated":true}]}}