{"id":18124,"date":"2024-11-04T11:36:18","date_gmt":"2024-11-04T04:36:18","guid":{"rendered":"https:\/\/atcmachinery.com\/?post_type=product&#038;p=18124"},"modified":"2025-10-17T14:04:40","modified_gmt":"2025-10-17T07:04:40","slug":"mazak-vce-700c-l-vertical-machining-center-new","status":"publish","type":"product","link":"https:\/\/atcmachinery.com\/en\/mazak-vce-700c-l-vertical-machining-center-new\/","title":{"rendered":"Mazak VCE-700C L Vertical Machining Center (New)"},"content":{"rendered":"<h2><span style=\"font-family: arial, helvetica, sans-serif;\">Product Description<\/span><\/h2>\n<p style=\"text-align: justify;\">Are you looking for a next-generation vertical machining center with high precision and outstanding durability? Then don\u2019t miss the Mazak VCE-700C L. With a large working table, superior torque, and high spindle speed, this machine is ideal for both single-piece and mass production machining.<\/p>\n<figure id=\"attachment_15207\" aria-describedby=\"caption-attachment-15207\" style=\"width: 508px\" class=\"wp-caption aligncenter\"><a href=\"https:\/\/atcmachinery.com\/wp-content\/uploads\/2024\/11\/Mazak-VCE-700C-L-1.png\"><img loading=\"lazy\" decoding=\"async\" class=\"wp-image-15207 size-full\" src=\"https:\/\/atcmachinery.com\/wp-content\/uploads\/2024\/11\/Mazak-VCE-700C-L-1.png\" alt=\"Mazak-VCE-700C-L-1\" width=\"508\" height=\"590\" title=\"\" srcset=\"https:\/\/atcmachinery.com\/wp-content\/uploads\/2024\/11\/Mazak-VCE-700C-L-1.png 508w, https:\/\/atcmachinery.com\/wp-content\/uploads\/2024\/11\/Mazak-VCE-700C-L-1-258x300.png 258w\" sizes=\"auto, (max-width: 508px) 100vw, 508px\" \/><\/a><figcaption id=\"caption-attachment-15207\" class=\"wp-caption-text\">VCE-700C L with large table design<\/figcaption><\/figure>\n<h3 style=\"text-align: justify;\">Outstanding Features<\/h3>\n<p style=\"text-align: justify;\">Compared to other products in the same segment, the Mazak VCE-700C L stands out for its ability to machine hard materials. It offers superior stability and durability, designed to withstand heavy cutting forces, and comes with many remarkable advantages.<\/p>\n<ul>\n<li style=\"text-align: justify;\">THERMAL SHIELD Technology: Helps maintain machining accuracy during continuous operation by minimizing thermal deformation.<br \/>\nHigh spindle speed: Reaches 10,000 rpm, increasing productivity and reducing machining cycle time. Suitable for various materials such as aluminum, steel, and cast iron.<\/li>\n<li style=\"text-align: justify;\">Rigid machine structure: Designed using Finite Element Analysis (FEA) and 3D simulation to ensure high stability and minimize vibration during heavy-duty machining.<\/li>\n<li style=\"text-align: justify;\">Optimized control system: Equipped with the advanced MAZAK FZ CNC control, providing an intuitive and user-friendly interface.<\/li>\n<li style=\"text-align: justify;\">Flexible tool changing: The Mazak VCE-700C L features an automatic tool changer with an exceptionally fast tool change time of only 2.2 seconds.<\/li>\n<\/ul>\n<figure id=\"attachment_15205\" aria-describedby=\"caption-attachment-15205\" style=\"width: 800px\" class=\"wp-caption aligncenter\"><a href=\"https:\/\/atcmachinery.com\/wp-content\/uploads\/2024\/11\/Mazak-VCE-700C-L-2.png\"><img loading=\"lazy\" decoding=\"async\" class=\"wp-image-15205\" src=\"https:\/\/atcmachinery.com\/wp-content\/uploads\/2024\/11\/Mazak-VCE-700C-L-2.png\" alt=\"Mazak-VCE-700C-L-2\" width=\"800\" height=\"495\" title=\"\" srcset=\"https:\/\/atcmachinery.com\/wp-content\/uploads\/2024\/11\/Mazak-VCE-700C-L-2.png 640w, https:\/\/atcmachinery.com\/wp-content\/uploads\/2024\/11\/Mazak-VCE-700C-L-2-300x186.png 300w, https:\/\/atcmachinery.com\/wp-content\/uploads\/2024\/11\/Mazak-VCE-700C-L-2-510x316.png 510w\" sizes=\"auto, (max-width: 800px) 100vw, 800px\" \/><\/a><figcaption id=\"caption-attachment-15205\" class=\"wp-caption-text\">Flexible automatic tool changing system<\/figcaption><\/figure>\n<h3 style=\"text-align: justify;\">Benefits<\/h3>\n<ul style=\"text-align: justify;\">\n<li>Optimized productivity: With superior machining speed, the machine increases efficiency and saves production time.<\/li>\n<li>Consistent product quality: Capable of machining complex components with high precision, ensuring excellent product quality.<\/li>\n<li>High durability: The VCE-700C L is designed for longevity, reliability, and minimal maintenance requirements.<\/li>\n<\/ul>\n<h3 style=\"text-align: justify;\">Application Fields<\/h3>\n<p style=\"text-align: justify;\">The Mazak VCE-700L can meet precision machining and mass production requirements. It is suitable for a wide range of industries, including automotive, mold manufacturing, medical equipment, and aerospace.<\/p>\n<figure id=\"attachment_15203\" aria-describedby=\"caption-attachment-15203\" style=\"width: 800px\" class=\"wp-caption aligncenter\"><a href=\"https:\/\/atcmachinery.com\/wp-content\/uploads\/2024\/11\/Mazak-VCE-700C-L-3.png\"><img loading=\"lazy\" decoding=\"async\" class=\"wp-image-15203\" src=\"https:\/\/atcmachinery.com\/wp-content\/uploads\/2024\/11\/Mazak-VCE-700C-L-3.png\" alt=\"Mazak-VCE-700C-L-3\" width=\"800\" height=\"425\" title=\"\" srcset=\"https:\/\/atcmachinery.com\/wp-content\/uploads\/2024\/11\/Mazak-VCE-700C-L-3.png 1050w, https:\/\/atcmachinery.com\/wp-content\/uploads\/2024\/11\/Mazak-VCE-700C-L-3-300x159.png 300w, https:\/\/atcmachinery.com\/wp-content\/uploads\/2024\/11\/Mazak-VCE-700C-L-3-1024x544.png 1024w, https:\/\/atcmachinery.com\/wp-content\/uploads\/2024\/11\/Mazak-VCE-700C-L-3-768x408.png 768w, https:\/\/atcmachinery.com\/wp-content\/uploads\/2024\/11\/Mazak-VCE-700C-L-3-510x271.png 510w\" sizes=\"auto, (max-width: 800px) 100vw, 800px\" \/><\/a><figcaption id=\"caption-attachment-15203\" class=\"wp-caption-text\">Suitable for complex machining requirements<\/figcaption><\/figure>\n\n\n<div class=\"kk-star-ratings kksr-auto kksr-align-center kksr-valign-bottom\"\n    data-payload='{&quot;align&quot;:&quot;center&quot;,&quot;id&quot;:&quot;18124&quot;,&quot;slug&quot;:&quot;default&quot;,&quot;valign&quot;:&quot;bottom&quot;,&quot;ignore&quot;:&quot;&quot;,&quot;reference&quot;:&quot;auto&quot;,&quot;class&quot;:&quot;&quot;,&quot;count&quot;:&quot;0&quot;,&quot;legendonly&quot;:&quot;&quot;,&quot;readonly&quot;:&quot;&quot;,&quot;score&quot;:&quot;0&quot;,&quot;starsonly&quot;:&quot;&quot;,&quot;best&quot;:&quot;5&quot;,&quot;gap&quot;:&quot;5&quot;,&quot;greet&quot;:&quot;\u0110\u00e1nh gi\u00e1 product&quot;,&quot;legend&quot;:&quot;0\\\/5 - (0 votes)&quot;,&quot;size&quot;:&quot;24&quot;,&quot;title&quot;:&quot;Mazak VCE-700C L Vertical Machining Center (New)&quot;,&quot;width&quot;:&quot;0&quot;,&quot;_legend&quot;:&quot;{score}\\\/{best} - ({count} {votes})&quot;,&quot;font_factor&quot;:&quot;1.25&quot;}'>\n            \n<div class=\"kksr-stars\">\n    \n<div class=\"kksr-stars-inactive\">\n            <div class=\"kksr-star\" data-star=\"1\" style=\"padding-right: 5px\">\n            \n\n<div class=\"kksr-icon\" style=\"width: 24px; height: 24px;\"><\/div>\n        <\/div>\n            <div class=\"kksr-star\" data-star=\"2\" style=\"padding-right: 5px\">\n            \n\n<div class=\"kksr-icon\" style=\"width: 24px; height: 24px;\"><\/div>\n        <\/div>\n            <div class=\"kksr-star\" data-star=\"3\" style=\"padding-right: 5px\">\n            \n\n<div class=\"kksr-icon\" style=\"width: 24px; height: 24px;\"><\/div>\n        <\/div>\n            <div class=\"kksr-star\" data-star=\"4\" style=\"padding-right: 5px\">\n            \n\n<div class=\"kksr-icon\" style=\"width: 24px; height: 24px;\"><\/div>\n        <\/div>\n            <div class=\"kksr-star\" data-star=\"5\" style=\"padding-right: 5px\">\n            \n\n<div class=\"kksr-icon\" style=\"width: 24px; height: 24px;\"><\/div>\n        <\/div>\n    <\/div>\n    \n<div class=\"kksr-stars-active\" style=\"width: 0px;\">\n            <div class=\"kksr-star\" style=\"padding-right: 5px\">\n            \n\n<div class=\"kksr-icon\" style=\"width: 24px; height: 24px;\"><\/div>\n        <\/div>\n            <div class=\"kksr-star\" style=\"padding-right: 5px\">\n            \n\n<div class=\"kksr-icon\" style=\"width: 24px; height: 24px;\"><\/div>\n        <\/div>\n            <div class=\"kksr-star\" style=\"padding-right: 5px\">\n            \n\n<div class=\"kksr-icon\" style=\"width: 24px; height: 24px;\"><\/div>\n        <\/div>\n            <div class=\"kksr-star\" style=\"padding-right: 5px\">\n            \n\n<div class=\"kksr-icon\" style=\"width: 24px; height: 24px;\"><\/div>\n        <\/div>\n            <div class=\"kksr-star\" style=\"padding-right: 5px\">\n            \n\n<div class=\"kksr-icon\" style=\"width: 24px; height: 24px;\"><\/div>\n        <\/div>\n    <\/div>\n<\/div>\n                \n\n<div class=\"kksr-legend\" style=\"font-size: 19.2px;\">\n            <span class=\"kksr-muted\">\u0110\u00e1nh gi\u00e1 product<\/span>\n    <\/div>\n    <\/div>\n","protected":false},"excerpt":{"rendered":"<p>Product Description Are you looking for a next-generation vertical machining center with high precision and outstanding durability? Then don\u2019t miss the Mazak VCE-700C L. With a large working table, superior torque, and high spindle speed, this machine is ideal for both single-piece and mass production machining. Outstanding Features Compared to other products in the same<\/p>\n","protected":false},"featured_media":14680,"template":"","meta":{"_acf_changed":false},"product_brand":[],"product_cat":[854,864],"product_tag":[814,815,855],"class_list":{"0":"post-18124","1":"product","2":"type-product","3":"status-publish","4":"has-post-thumbnail","6":"product_cat-new-cnc-machine","7":"product_cat-new-cnc-milling-machine","8":"product_tag-new-cnc-machine","9":"product_tag-new-cnc-milling-machine","10":"product_tag-new-mazak-cnc-machine","11":"pa_loai-vertical-en-2","12":"pa_thuong-hieu-mazak-en","14":"first","15":"instock","16":"shipping-taxable","17":"purchasable","18":"product-type-simple"},"acf":[],"_links":{"self":[{"href":"https:\/\/atcmachinery.com\/en\/wp-json\/wp\/v2\/product\/18124","targetHints":{"allow":["GET"]}}],"collection":[{"href":"https:\/\/atcmachinery.com\/en\/wp-json\/wp\/v2\/product"}],"about":[{"href":"https:\/\/atcmachinery.com\/en\/wp-json\/wp\/v2\/types\/product"}],"wp:featuredmedia":[{"embeddable":true,"href":"https:\/\/atcmachinery.com\/en\/wp-json\/wp\/v2\/media\/14680"}],"wp:attachment":[{"href":"https:\/\/atcmachinery.com\/en\/wp-json\/wp\/v2\/media?parent=18124"}],"wp:term":[{"taxonomy":"product_brand","embeddable":true,"href":"https:\/\/atcmachinery.com\/en\/wp-json\/wp\/v2\/product_brand?post=18124"},{"taxonomy":"product_cat","embeddable":true,"href":"https:\/\/atcmachinery.com\/en\/wp-json\/wp\/v2\/product_cat?post=18124"},{"taxonomy":"product_tag","embeddable":true,"href":"https:\/\/atcmachinery.com\/en\/wp-json\/wp\/v2\/product_tag?post=18124"}],"curies":[{"name":"wp","href":"https:\/\/api.w.org\/{rel}","templated":true}]}}