{"id":18108,"date":"2024-11-14T15:25:16","date_gmt":"2024-11-14T08:25:16","guid":{"rendered":"https:\/\/atcmachinery.com\/?post_type=product&#038;p=18108"},"modified":"2025-10-17T16:40:52","modified_gmt":"2025-10-17T09:40:52","slug":"mazak-vce-430a-l-vertical-milling-machine-new","status":"publish","type":"product","link":"https:\/\/atcmachinery.com\/en\/mazak-vce-430a-l-vertical-milling-machine-new\/","title":{"rendered":"Mazak VCE-430A L Vertical Milling Machine (New)"},"content":{"rendered":"<h2 style=\"text-align: justify;\">Product Description<\/h2>\n<p style=\"text-align: justify;\">The Mazak VCE-430A L is a vertical machining center designed to deliver superior performance. With a stable and rigid structure combined with an intelligent control system, the VCE-430A L perfectly meets all machining requirements.<\/p>\n<figure id=\"attachment_15141\" aria-describedby=\"caption-attachment-15141\" style=\"width: 640px\" class=\"wp-caption aligncenter\"><a href=\"https:\/\/atcmachinery.com\/wp-content\/uploads\/2024\/11\/VCE-430A-L-1.jpeg\"><img loading=\"lazy\" decoding=\"async\" class=\"wp-image-15141\" src=\"https:\/\/atcmachinery.com\/wp-content\/uploads\/2024\/11\/VCE-430A-L-1.jpeg\" alt=\"\" width=\"640\" height=\"495\" title=\"\" srcset=\"https:\/\/atcmachinery.com\/wp-content\/uploads\/2024\/11\/VCE-430A-L-1.jpeg 1367w, https:\/\/atcmachinery.com\/wp-content\/uploads\/2024\/11\/VCE-430A-L-1-300x232.jpeg 300w, https:\/\/atcmachinery.com\/wp-content\/uploads\/2024\/11\/VCE-430A-L-1-1024x793.jpeg 1024w, https:\/\/atcmachinery.com\/wp-content\/uploads\/2024\/11\/VCE-430A-L-1-768x594.jpeg 768w, https:\/\/atcmachinery.com\/wp-content\/uploads\/2024\/11\/VCE-430A-L-1-510x395.jpeg 510w\" sizes=\"auto, (max-width: 640px) 100vw, 640px\" \/><\/a><figcaption id=\"caption-attachment-15141\" class=\"wp-caption-text\">Mazak VCE-430A L<\/figcaption><\/figure>\n<h3 style=\"text-align: justify;\">Outstanding Features:<\/h3>\n<ul>\n<li style=\"text-align: justify;\">High precision: Equipped with THERMAL SHIELD technology that ensures continuous operation and accurate machining.<br \/>\nImpressive performance: The high-power spindle can reach up to 10,000 rpm, enabling fast and efficient machining.<\/li>\n<li style=\"text-align: justify;\">Stable and durable: Built from premium materials with a robust frame structure, enhancing durability and extending machine life.<\/li>\n<li style=\"text-align: justify;\">Easy to use: Equipped with the MAZAK FZ CNC control system based on the FANUC 0i-MF Plus platform, featuring a user-friendly and intuitive interface.<\/li>\n<\/ul>\n<figure id=\"attachment_15137\" aria-describedby=\"caption-attachment-15137\" style=\"width: 640px\" class=\"wp-caption aligncenter\"><a href=\"https:\/\/atcmachinery.com\/wp-content\/uploads\/2024\/11\/mazak-fz.webp\"><img loading=\"lazy\" decoding=\"async\" class=\"wp-image-15137 size-full\" src=\"https:\/\/atcmachinery.com\/wp-content\/uploads\/2024\/11\/mazak-fz.webp\" alt=\"\" width=\"640\" height=\"396\" title=\"\" srcset=\"https:\/\/atcmachinery.com\/wp-content\/uploads\/2024\/11\/mazak-fz.webp 640w, https:\/\/atcmachinery.com\/wp-content\/uploads\/2024\/11\/mazak-fz-300x186.webp 300w, https:\/\/atcmachinery.com\/wp-content\/uploads\/2024\/11\/mazak-fz-510x316.webp 510w\" sizes=\"auto, (max-width: 640px) 100vw, 640px\" \/><\/a><figcaption id=\"caption-attachment-15137\" class=\"wp-caption-text\">Equipped with MAZAK FZ CNC control system<\/figcaption><\/figure>\n<h3 style=\"text-align: justify;\">Applications:<\/h3>\n<p style=\"text-align: justify;\">With outstanding power and strong performance, the Mazak VCE-430A L is capable of machining materials such as aluminum, steel, and cast iron. It is ideal for industries re<\/p>\n\n\n<div class=\"kk-star-ratings kksr-auto kksr-align-center kksr-valign-bottom\"\n    data-payload='{&quot;align&quot;:&quot;center&quot;,&quot;id&quot;:&quot;18108&quot;,&quot;slug&quot;:&quot;default&quot;,&quot;valign&quot;:&quot;bottom&quot;,&quot;ignore&quot;:&quot;&quot;,&quot;reference&quot;:&quot;auto&quot;,&quot;class&quot;:&quot;&quot;,&quot;count&quot;:&quot;0&quot;,&quot;legendonly&quot;:&quot;&quot;,&quot;readonly&quot;:&quot;&quot;,&quot;score&quot;:&quot;0&quot;,&quot;starsonly&quot;:&quot;&quot;,&quot;best&quot;:&quot;5&quot;,&quot;gap&quot;:&quot;5&quot;,&quot;greet&quot;:&quot;\u0110\u00e1nh gi\u00e1 product&quot;,&quot;legend&quot;:&quot;0\\\/5 - (0 votes)&quot;,&quot;size&quot;:&quot;24&quot;,&quot;title&quot;:&quot;Mazak VCE-430A L Vertical Milling Machine (New)&quot;,&quot;width&quot;:&quot;0&quot;,&quot;_legend&quot;:&quot;{score}\\\/{best} - ({count} {votes})&quot;,&quot;font_factor&quot;:&quot;1.25&quot;}'>\n            \n<div class=\"kksr-stars\">\n    \n<div class=\"kksr-stars-inactive\">\n            <div class=\"kksr-star\" data-star=\"1\" style=\"padding-right: 5px\">\n            \n\n<div class=\"kksr-icon\" style=\"width: 24px; height: 24px;\"><\/div>\n        <\/div>\n            <div class=\"kksr-star\" data-star=\"2\" style=\"padding-right: 5px\">\n            \n\n<div class=\"kksr-icon\" style=\"width: 24px; height: 24px;\"><\/div>\n        <\/div>\n            <div class=\"kksr-star\" data-star=\"3\" style=\"padding-right: 5px\">\n            \n\n<div class=\"kksr-icon\" style=\"width: 24px; height: 24px;\"><\/div>\n        <\/div>\n            <div class=\"kksr-star\" data-star=\"4\" style=\"padding-right: 5px\">\n            \n\n<div class=\"kksr-icon\" style=\"width: 24px; height: 24px;\"><\/div>\n        <\/div>\n            <div class=\"kksr-star\" data-star=\"5\" style=\"padding-right: 5px\">\n            \n\n<div class=\"kksr-icon\" style=\"width: 24px; height: 24px;\"><\/div>\n        <\/div>\n    <\/div>\n    \n<div class=\"kksr-stars-active\" style=\"width: 0px;\">\n            <div class=\"kksr-star\" style=\"padding-right: 5px\">\n            \n\n<div class=\"kksr-icon\" style=\"width: 24px; height: 24px;\"><\/div>\n        <\/div>\n            <div class=\"kksr-star\" style=\"padding-right: 5px\">\n            \n\n<div class=\"kksr-icon\" style=\"width: 24px; height: 24px;\"><\/div>\n        <\/div>\n            <div class=\"kksr-star\" style=\"padding-right: 5px\">\n            \n\n<div class=\"kksr-icon\" style=\"width: 24px; height: 24px;\"><\/div>\n        <\/div>\n            <div class=\"kksr-star\" style=\"padding-right: 5px\">\n            \n\n<div class=\"kksr-icon\" style=\"width: 24px; height: 24px;\"><\/div>\n        <\/div>\n            <div class=\"kksr-star\" style=\"padding-right: 5px\">\n            \n\n<div class=\"kksr-icon\" style=\"width: 24px; height: 24px;\"><\/div>\n        <\/div>\n    <\/div>\n<\/div>\n                \n\n<div class=\"kksr-legend\" style=\"font-size: 19.2px;\">\n            <span class=\"kksr-muted\">\u0110\u00e1nh gi\u00e1 product<\/span>\n    <\/div>\n    <\/div>\n","protected":false},"excerpt":{"rendered":"<p>Product Description The Mazak VCE-430A L is a vertical machining center designed to deliver superior performance. With a stable and rigid structure combined with an intelligent control system, the VCE-430A L perfectly meets all machining requirements. Outstanding Features: High precision: Equipped with THERMAL SHIELD technology that ensures continuous operation and accurate machining. Impressive performance: The<\/p>\n","protected":false},"featured_media":15142,"template":"","meta":{"_acf_changed":false},"product_brand":[],"product_cat":[854,864],"product_tag":[814,815,855],"class_list":{"0":"post-18108","1":"product","2":"type-product","3":"status-publish","4":"has-post-thumbnail","6":"product_cat-new-cnc-machine","7":"product_cat-new-cnc-milling-machine","8":"product_tag-new-cnc-machine","9":"product_tag-new-cnc-milling-machine","10":"product_tag-new-mazak-cnc-machine","11":"pa_loai-vertical-en","12":"pa_thuong-hieu-mazak-en","13":"pa_tinh-nang-3-axis","15":"first","16":"instock","17":"shipping-taxable","18":"purchasable","19":"product-type-simple"},"acf":[],"_links":{"self":[{"href":"https:\/\/atcmachinery.com\/en\/wp-json\/wp\/v2\/product\/18108","targetHints":{"allow":["GET"]}}],"collection":[{"href":"https:\/\/atcmachinery.com\/en\/wp-json\/wp\/v2\/product"}],"about":[{"href":"https:\/\/atcmachinery.com\/en\/wp-json\/wp\/v2\/types\/product"}],"wp:featuredmedia":[{"embeddable":true,"href":"https:\/\/atcmachinery.com\/en\/wp-json\/wp\/v2\/media\/15142"}],"wp:attachment":[{"href":"https:\/\/atcmachinery.com\/en\/wp-json\/wp\/v2\/media?parent=18108"}],"wp:term":[{"taxonomy":"product_brand","embeddable":true,"href":"https:\/\/atcmachinery.com\/en\/wp-json\/wp\/v2\/product_brand?post=18108"},{"taxonomy":"product_cat","embeddable":true,"href":"https:\/\/atcmachinery.com\/en\/wp-json\/wp\/v2\/product_cat?post=18108"},{"taxonomy":"product_tag","embeddable":true,"href":"https:\/\/atcmachinery.com\/en\/wp-json\/wp\/v2\/product_tag?post=18108"}],"curies":[{"name":"wp","href":"https:\/\/api.w.org\/{rel}","templated":true}]}}