{"id":11854,"date":"2024-03-08T15:22:28","date_gmt":"2024-03-08T08:22:28","guid":{"rendered":"http:\/\/atcmachinery.com\/may-tien-mazak-qte-200sg\/"},"modified":"2024-03-08T15:36:48","modified_gmt":"2024-03-08T08:36:48","slug":"may-tien-mazak-qte-200sg","status":"publish","type":"product","link":"https:\/\/atcmachinery.com\/en\/may-tien-mazak-qte-200sg\/","title":{"rendered":"Lathe machine Mazak QTE-200SG (New)"},"content":{"rendered":"<table style=\"border-collapse: collapse; width: 100%;\">\n<tbody>\n<tr>\n<td style=\"width: 25%;\">\n<div id=\"dev-machine-specs-container\">\n<table class=\"main-table machines-table\" style=\"height: 189px; width: 100%;\" border=\"2\">\n<thead>\n<tr style=\"height: 21px;\">\n<th style=\"height: 21px; text-align: left;\" colspan=\"2\">Specification &#8211; QTE 200SG<\/th>\n<th style=\"height: 21px; text-align: center;\">Bed Length &#8211;\u00a0<strong>300U\u00a0mm<\/strong><\/th>\n<th style=\"height: 21px; text-align: center;\">Bed Length &#8211;\u00a0<strong>500U\u00a0mm<\/strong><\/th>\n<\/tr>\n<\/thead>\n<tbody>\n<tr class=\"table-border\" style=\"height: 21px;\">\n<td style=\"height: 84px;\" rowspan=\"4\">Capacity<\/td>\n<td style=\"height: 21px;\">Maximum Swing<\/td>\n<td style=\"height: 21px; text-align: center;\"><strong>580<\/strong>\u00a0mm<\/td>\n<td style=\"height: 21px; text-align: center;\"><strong>580<\/strong>\u00a0mm<\/td>\n<\/tr>\n<tr style=\"height: 21px;\">\n<td style=\"height: 21px;\">Maximum Machining Diameter<\/td>\n<td style=\"height: 21px; text-align: center;\"><strong>350<\/strong>\u00a0mm<\/td>\n<td style=\"height: 21px; text-align: center;\"><strong>350<\/strong>\u00a0mm<\/td>\n<\/tr>\n<tr style=\"height: 21px;\">\n<td style=\"height: 21px;\">Maximum Bar Work Capacity<\/td>\n<td style=\"height: 21px; text-align: center;\"><strong>51<\/strong>\u00a0mm<\/td>\n<td style=\"height: 21px; text-align: center;\"><strong>51<\/strong>\u00a0mm<\/td>\n<\/tr>\n<tr style=\"height: 21px;\">\n<td style=\"height: 21px;\">Maximum Machining Length<\/td>\n<td style=\"height: 21px; text-align: center;\"><strong>285<\/strong>\u00a0mm<\/td>\n<td style=\"height: 21px; text-align: center;\"><strong>520<\/strong>\u00a0mm<\/td>\n<\/tr>\n<tr class=\"table-border\" style=\"height: 21px;\">\n<td style=\"height: 42px;\" rowspan=\"2\">Main Spindle<\/td>\n<td style=\"height: 21px;\">Chuck Size<\/td>\n<td style=\"height: 21px; text-align: center;\"><strong>8<\/strong>\u00a0in<\/td>\n<td style=\"height: 21px; text-align: center;\"><strong>8<\/strong>\u00a0in<\/td>\n<\/tr>\n<tr style=\"height: 21px;\">\n<td style=\"height: 21px;\">Maximum Speed<\/td>\n<td style=\"height: 21px; text-align: center;\"><strong>5000<\/strong>\u00a0rpm<\/td>\n<td style=\"height: 21px; text-align: center;\"><strong>5000<\/strong>\u00a0rpm<\/td>\n<\/tr>\n<tr class=\"table-border\" style=\"height: 21px;\">\n<td style=\"height: 42px;\" rowspan=\"2\">Feed Axes<\/td>\n<td style=\"height: 21px;\">Travel (X Axis)<\/td>\n<td style=\"height: 21px; text-align: center;\"><strong>195<\/strong>\u00a0mm<\/td>\n<td style=\"height: 21px; text-align: center;\"><strong>195<\/strong>\u00a0mm<\/td>\n<\/tr>\n<tr style=\"height: 21px;\">\n<td style=\"height: 21px;\">Travel (Z Axis)<\/td>\n<td style=\"height: 21px; text-align: center;\"><strong>325<\/strong>\u00a0mm<\/td>\n<td style=\"height: 21px; text-align: center;\"><strong>560<\/strong>\u00a0mm<\/td>\n<\/tr>\n<\/tbody>\n<\/table>\n<\/div>\n<\/td>\n<\/tr>\n<\/tbody>\n<\/table>\n<p><span style=\"color: #ed1c24;\"><strong>Mua m\u00e1y t\u1ea1i ATC b\u1ea1n \u0111\u01b0\u1ee3c g\u00ec?<\/strong><\/span><\/p>\n<p><span style=\"font-weight: 400;\">\ud83d\udc49H\u00e0ng m\u1edbi 100%.<\/span><\/p>\n<p><span style=\"font-weight: 400;\">\ud83d\udc49Cam k\u1ebft gi\u00e1 c\u1ea3 r\u1ea5t c\u1ea1nh tranh.<\/span><\/p>\n<p><span style=\"font-weight: 400;\">\ud83d\udc49B\u1ea3o h\u00e0nh ch\u00ednh h\u00e3ng<\/span><\/p>\n<p><span style=\"font-weight: 400;\">\ud83d\udc49Thanh to\u00e1n linh ho\u1ea1t: Ch\u00fang t\u00f4i c\u00f3 ch\u00ednh s\u00e1ch \u0111\u1eb7c bi\u1ec7t v\u01b0\u1ee3t tr\u1ed9i so v\u1edbi ch\u00ednh s\u00e1ch c\u1ee7a h\u00e3ng.<\/span><\/p>\n<p><span style=\"font-weight: 400;\">\ud83d\udc49H\u1ed7 tr\u1ee3 24\/7: B\u1ea1n s\u1ebd \u0111\u01b0\u1ee3c s\u1ef1 ph\u1ee5c v\u1ee5 c\u1ee7a c\u1ea3 h\u00e3ng v\u00e0 \u0111\u1ed9i ng\u0169 k\u1ef9 thu\u1eadt ATC \u0111\u00e3 \u0111\u01b0\u1ee3c h\u00e3ng \u0111\u00e0o t\u1ea1o chuy\u00ean nghi\u1ec7p.<\/span><\/p>\n<p><span style=\"font-weight: 400;\">\ud83d\udca5H\u00e3y li\u00ean h\u1ec7 v\u1edbi ATC \u0111\u1ec3 \u0111\u01b0\u1ee3c t\u01b0 v\u1ea5n chuy\u00ean nghi\u1ec7p ngay h\u00f4m nay. Ch\u00fang t\u00f4i l\u00e0 \u0111\u01a1n v\u1ecb cung c\u1ea5p m\u00e1y v\u00e0 d\u1ecbch v\u1ee5 s\u1eeda ch\u1eefa m\u00e1y CNC.<\/span><\/p>\n<p><span style=\"font-weight: 400;\">&#8212;&#8212;&#8212;&#8212;&#8212;&#8212;&#8212;&#8212;&#8212;&#8212;&#8212;&#8211;<\/span><\/p>\n<p><span style=\"font-weight: 400;\">Li\u00ean h\u1ec7 Hotline \u0111\u1ec3 \u0111\u01b0\u1ee3c t\u01b0 v\u1ea5n, h\u1ed7 tr\u1ee3 nhanh nh\u1ea5t!<\/span><\/p>\n<p><span style=\"font-weight: 400;\">\u260e\ufe0f Hotline: 0902 419 483 (T\u01b0 v\u1ea5n b\u00e1n h\u00e0ng) &#8211; 0911 122 122 (T\u01b0 v\u1ea5n d\u1ecbch v\u1ee5)<\/span><\/p>\n<p><span style=\"font-weight: 400;\">\ud83d\udcf2 +84901396540 (Whatsapp\/Line)<\/span><\/p>\n<p><span style=\"font-weight: 400;\">\ud83c\udf10 atcmachinery.com<\/span><\/p>\n<p><span style=\"font-weight: 400;\">\ud83c\udfe0 HCM: 55\/4e Ti\u1ec1n L\u00e2n 1, B\u00e0 \u0110i\u1ec3m, H\u00f3c M\u00f4n<\/span><\/p>\n<p><span style=\"font-weight: 400;\">\ud83c\udfe0 H\u00e0 N\u1ed9i: Th\u00f4n \u0110\u00eca, x\u00e3 Nam H\u1ed3ng, huy\u1ec7n \u0110\u00f4ng Anh<\/span><\/p>\n\n\n<div class=\"kk-star-ratings kksr-auto kksr-align-center kksr-valign-bottom\"\n    data-payload='{&quot;align&quot;:&quot;center&quot;,&quot;id&quot;:&quot;11854&quot;,&quot;slug&quot;:&quot;default&quot;,&quot;valign&quot;:&quot;bottom&quot;,&quot;ignore&quot;:&quot;&quot;,&quot;reference&quot;:&quot;auto&quot;,&quot;class&quot;:&quot;&quot;,&quot;count&quot;:&quot;2&quot;,&quot;legendonly&quot;:&quot;&quot;,&quot;readonly&quot;:&quot;&quot;,&quot;score&quot;:&quot;5&quot;,&quot;starsonly&quot;:&quot;&quot;,&quot;best&quot;:&quot;5&quot;,&quot;gap&quot;:&quot;5&quot;,&quot;greet&quot;:&quot;\u0110\u00e1nh gi\u00e1 product&quot;,&quot;legend&quot;:&quot;5\\\/5 - (2 votes)&quot;,&quot;size&quot;:&quot;24&quot;,&quot;title&quot;:&quot;Lathe machine Mazak QTE-200SG (New)&quot;,&quot;width&quot;:&quot;142.5&quot;,&quot;_legend&quot;:&quot;{score}\\\/{best} - ({count} {votes})&quot;,&quot;font_factor&quot;:&quot;1.25&quot;}'>\n            \n<div class=\"kksr-stars\">\n    \n<div class=\"kksr-stars-inactive\">\n            <div class=\"kksr-star\" data-star=\"1\" style=\"padding-right: 5px\">\n            \n\n<div class=\"kksr-icon\" style=\"width: 24px; height: 24px;\"><\/div>\n        <\/div>\n            <div class=\"kksr-star\" data-star=\"2\" style=\"padding-right: 5px\">\n            \n\n<div class=\"kksr-icon\" style=\"width: 24px; height: 24px;\"><\/div>\n        <\/div>\n            <div class=\"kksr-star\" data-star=\"3\" style=\"padding-right: 5px\">\n            \n\n<div class=\"kksr-icon\" style=\"width: 24px; height: 24px;\"><\/div>\n        <\/div>\n            <div class=\"kksr-star\" data-star=\"4\" style=\"padding-right: 5px\">\n            \n\n<div class=\"kksr-icon\" style=\"width: 24px; height: 24px;\"><\/div>\n        <\/div>\n            <div class=\"kksr-star\" data-star=\"5\" style=\"padding-right: 5px\">\n            \n\n<div class=\"kksr-icon\" style=\"width: 24px; height: 24px;\"><\/div>\n        <\/div>\n    <\/div>\n    \n<div class=\"kksr-stars-active\" style=\"width: 142.5px;\">\n            <div class=\"kksr-star\" style=\"padding-right: 5px\">\n            \n\n<div class=\"kksr-icon\" style=\"width: 24px; height: 24px;\"><\/div>\n        <\/div>\n            <div class=\"kksr-star\" style=\"padding-right: 5px\">\n            \n\n<div class=\"kksr-icon\" style=\"width: 24px; height: 24px;\"><\/div>\n        <\/div>\n            <div class=\"kksr-star\" style=\"padding-right: 5px\">\n            \n\n<div class=\"kksr-icon\" style=\"width: 24px; height: 24px;\"><\/div>\n        <\/div>\n            <div class=\"kksr-star\" style=\"padding-right: 5px\">\n            \n\n<div class=\"kksr-icon\" style=\"width: 24px; height: 24px;\"><\/div>\n        <\/div>\n            <div class=\"kksr-star\" style=\"padding-right: 5px\">\n            \n\n<div class=\"kksr-icon\" style=\"width: 24px; height: 24px;\"><\/div>\n        <\/div>\n    <\/div>\n<\/div>\n                \n\n<div class=\"kksr-legend\" style=\"font-size: 19.2px;\">\n            5\/5 - (2 votes)    <\/div>\n    <\/div>\n","protected":false},"excerpt":{"rendered":"<p>Specification &#8211; QTE 200SG Bed Length &#8211;\u00a0300U\u00a0mm Bed Length &#8211;\u00a0500U\u00a0mm Capacity Maximum Swing 580\u00a0mm 580\u00a0mm Maximum Machining Diameter 350\u00a0mm 350\u00a0mm Maximum Bar Work Capacity 51\u00a0mm 51\u00a0mm Maximum Machining Length 285\u00a0mm 520\u00a0mm Main Spindle Chuck Size 8\u00a0in 8\u00a0in Maximum Speed 5000\u00a0rpm 5000\u00a0rpm Feed Axes Travel (X Axis) 195\u00a0mm 195\u00a0mm Travel (Z Axis) 325\u00a0mm 560\u00a0mm Mua m\u00e1y<\/p>\n","protected":false},"featured_media":11853,"template":"","meta":{"_acf_changed":false},"product_brand":[],"product_cat":[856,854],"product_tag":[818,814,855],"class_list":{"0":"post-11854","1":"product","2":"type-product","3":"status-publish","4":"has-post-thumbnail","6":"product_cat-new-cnc-lathe","7":"product_cat-new-cnc-machine","8":"product_tag-new-cnc-lathe","9":"product_tag-new-cnc-machine","10":"product_tag-new-mazak-cnc-machine","11":"pa_thuong-hieu-mazak-en","13":"first","14":"instock","15":"shipping-taxable","16":"purchasable","17":"product-type-simple"},"acf":[],"_links":{"self":[{"href":"https:\/\/atcmachinery.com\/en\/wp-json\/wp\/v2\/product\/11854","targetHints":{"allow":["GET"]}}],"collection":[{"href":"https:\/\/atcmachinery.com\/en\/wp-json\/wp\/v2\/product"}],"about":[{"href":"https:\/\/atcmachinery.com\/en\/wp-json\/wp\/v2\/types\/product"}],"wp:featuredmedia":[{"embeddable":true,"href":"https:\/\/atcmachinery.com\/en\/wp-json\/wp\/v2\/media\/11853"}],"wp:attachment":[{"href":"https:\/\/atcmachinery.com\/en\/wp-json\/wp\/v2\/media?parent=11854"}],"wp:term":[{"taxonomy":"product_brand","embeddable":true,"href":"https:\/\/atcmachinery.com\/en\/wp-json\/wp\/v2\/product_brand?post=11854"},{"taxonomy":"product_cat","embeddable":true,"href":"https:\/\/atcmachinery.com\/en\/wp-json\/wp\/v2\/product_cat?post=11854"},{"taxonomy":"product_tag","embeddable":true,"href":"https:\/\/atcmachinery.com\/en\/wp-json\/wp\/v2\/product_tag?post=11854"}],"curies":[{"name":"wp","href":"https:\/\/api.w.org\/{rel}","templated":true}]}}