{"id":11824,"date":"2024-03-08T14:42:30","date_gmt":"2024-03-08T07:42:30","guid":{"rendered":"http:\/\/atcmachinery.com\/may-phay-mazak-vcn-430a-hs\/"},"modified":"2024-03-08T14:45:12","modified_gmt":"2024-03-08T07:45:12","slug":"may-phay-mazak-vcn-430a-hs","status":"publish","type":"product","link":"https:\/\/atcmachinery.com\/en\/may-phay-mazak-vcn-430a-hs\/","title":{"rendered":"Milling machine Mazak VCN-430A HS (New)"},"content":{"rendered":"<table style=\"height: 189px; width: 100%; border-collapse: collapse;\" border=\"2\">\n<tbody>\n<tr style=\"height: 21px;\">\n<th style=\"width: 64.5062%; text-align: left; height: 21px;\" colspan=\"2\">Specification<\/th>\n<th style=\"width: 35.391%; height: 21px;\">VCN-430A HS<\/th>\n<\/tr>\n<tr class=\"table-border\" style=\"height: 21px;\">\n<td style=\"width: 24.177%; height: 42px;\" rowspan=\"2\">Capacity<\/td>\n<td style=\"width: 40.3292%; height: 21px;\">Table Right\/Left<\/td>\n<td style=\"width: 35.391%; text-align: center; height: 21px;\"><strong>900<\/strong>\u00a0mm \/\u00a0<strong>35.430<\/strong>\u00a0in<\/td>\n<\/tr>\n<tr style=\"height: 21px;\">\n<td style=\"width: 40.3292%; height: 21px;\">Table Longitudinal<\/td>\n<td style=\"width: 35.391%; text-align: center; height: 21px;\"><strong>430<\/strong>\u00a0mm \/\u00a0<strong>16.930<\/strong>\u00a0in<\/td>\n<\/tr>\n<tr class=\"table-border\" style=\"height: 21px;\">\n<td style=\"width: 24.177%; height: 42px;\" rowspan=\"2\">Spindle<\/td>\n<td style=\"width: 40.3292%; height: 21px;\">Spindle Taper<\/td>\n<td style=\"width: 35.391%; text-align: center; height: 21px;\"><strong>40<\/strong><\/td>\n<\/tr>\n<tr style=\"height: 21px;\">\n<td style=\"width: 40.3292%; height: 21px;\">Maximum Speed<\/td>\n<td style=\"width: 35.391%; text-align: center; height: 21px;\"><strong>18000<\/strong>\u00a0rpm<\/td>\n<\/tr>\n<tr class=\"table-border\" style=\"height: 21px;\">\n<td style=\"width: 24.177%; height: 21px;\">Magazine<\/td>\n<td style=\"width: 40.3292%; height: 21px;\">Number of Tools<\/td>\n<td style=\"width: 35.391%; text-align: center; height: 21px;\"><strong>30<\/strong><\/td>\n<\/tr>\n<tr class=\"table-border\" style=\"height: 21px;\">\n<td style=\"width: 24.177%; height: 63px;\" rowspan=\"3\">Feed Axes<\/td>\n<td style=\"width: 40.3292%; height: 21px;\">Travel (X Axis)<\/td>\n<td style=\"width: 35.391%; text-align: center; height: 21px;\"><strong>560<\/strong>\u00a0mm \/\u00a0<strong>22.05<\/strong>\u00a0in<\/td>\n<\/tr>\n<tr style=\"height: 21px;\">\n<td style=\"width: 40.3292%; height: 21px;\">Travel (Y Axis)<\/td>\n<td style=\"width: 35.391%; text-align: center; height: 21px;\"><strong>430<\/strong>\u00a0mm \/\u00a0<strong>16.93<\/strong>\u00a0in<\/td>\n<\/tr>\n<tr style=\"height: 21px;\">\n<td style=\"width: 40.3292%; height: 21px;\">Travel (Z Axis)<\/td>\n<td style=\"width: 35.391%; text-align: center; height: 21px;\"><strong>510<\/strong>\u00a0mm \/\u00a0<strong>20.08<\/strong>\u00a0in<\/td>\n<\/tr>\n<\/tbody>\n<\/table>\n<p>&nbsp;<\/p>\n\n\n<div class=\"kk-star-ratings kksr-auto kksr-align-center kksr-valign-bottom\"\n    data-payload='{&quot;align&quot;:&quot;center&quot;,&quot;id&quot;:&quot;11824&quot;,&quot;slug&quot;:&quot;default&quot;,&quot;valign&quot;:&quot;bottom&quot;,&quot;ignore&quot;:&quot;&quot;,&quot;reference&quot;:&quot;auto&quot;,&quot;class&quot;:&quot;&quot;,&quot;count&quot;:&quot;3&quot;,&quot;legendonly&quot;:&quot;&quot;,&quot;readonly&quot;:&quot;&quot;,&quot;score&quot;:&quot;5&quot;,&quot;starsonly&quot;:&quot;&quot;,&quot;best&quot;:&quot;5&quot;,&quot;gap&quot;:&quot;5&quot;,&quot;greet&quot;:&quot;\u0110\u00e1nh gi\u00e1 product&quot;,&quot;legend&quot;:&quot;5\\\/5 - (3 votes)&quot;,&quot;size&quot;:&quot;24&quot;,&quot;title&quot;:&quot;Milling machine Mazak VCN-430A HS (New)&quot;,&quot;width&quot;:&quot;142.5&quot;,&quot;_legend&quot;:&quot;{score}\\\/{best} - ({count} {votes})&quot;,&quot;font_factor&quot;:&quot;1.25&quot;}'>\n            \n<div class=\"kksr-stars\">\n    \n<div class=\"kksr-stars-inactive\">\n            <div class=\"kksr-star\" data-star=\"1\" style=\"padding-right: 5px\">\n            \n\n<div class=\"kksr-icon\" style=\"width: 24px; height: 24px;\"><\/div>\n        <\/div>\n            <div class=\"kksr-star\" data-star=\"2\" style=\"padding-right: 5px\">\n            \n\n<div class=\"kksr-icon\" style=\"width: 24px; height: 24px;\"><\/div>\n        <\/div>\n            <div class=\"kksr-star\" data-star=\"3\" style=\"padding-right: 5px\">\n            \n\n<div class=\"kksr-icon\" style=\"width: 24px; height: 24px;\"><\/div>\n        <\/div>\n            <div class=\"kksr-star\" data-star=\"4\" style=\"padding-right: 5px\">\n            \n\n<div class=\"kksr-icon\" style=\"width: 24px; height: 24px;\"><\/div>\n        <\/div>\n            <div class=\"kksr-star\" data-star=\"5\" style=\"padding-right: 5px\">\n            \n\n<div class=\"kksr-icon\" style=\"width: 24px; height: 24px;\"><\/div>\n        <\/div>\n    <\/div>\n    \n<div class=\"kksr-stars-active\" style=\"width: 142.5px;\">\n            <div class=\"kksr-star\" style=\"padding-right: 5px\">\n            \n\n<div class=\"kksr-icon\" style=\"width: 24px; height: 24px;\"><\/div>\n        <\/div>\n            <div class=\"kksr-star\" style=\"padding-right: 5px\">\n            \n\n<div class=\"kksr-icon\" style=\"width: 24px; height: 24px;\"><\/div>\n        <\/div>\n            <div class=\"kksr-star\" style=\"padding-right: 5px\">\n            \n\n<div class=\"kksr-icon\" style=\"width: 24px; height: 24px;\"><\/div>\n        <\/div>\n            <div class=\"kksr-star\" style=\"padding-right: 5px\">\n            \n\n<div class=\"kksr-icon\" style=\"width: 24px; height: 24px;\"><\/div>\n        <\/div>\n            <div class=\"kksr-star\" style=\"padding-right: 5px\">\n            \n\n<div class=\"kksr-icon\" style=\"width: 24px; height: 24px;\"><\/div>\n        <\/div>\n    <\/div>\n<\/div>\n                \n\n<div class=\"kksr-legend\" style=\"font-size: 19.2px;\">\n            5\/5 - (3 votes)    <\/div>\n    <\/div>\n","protected":false},"excerpt":{"rendered":"<p>Specification VCN-430A HS Capacity Table Right\/Left 900\u00a0mm \/\u00a035.430\u00a0in Table Longitudinal 430\u00a0mm \/\u00a016.930\u00a0in Spindle Spindle Taper 40 Maximum Speed 18000\u00a0rpm Magazine Number of Tools 30 Feed Axes Travel (X Axis) 560\u00a0mm \/\u00a022.05\u00a0in Travel (Y Axis) 430\u00a0mm \/\u00a016.93\u00a0in Travel (Z Axis) 510\u00a0mm \/\u00a020.08\u00a0in &nbsp;<\/p>\n","protected":false},"featured_media":11823,"template":"","meta":{"_acf_changed":false},"product_brand":[],"product_cat":[854,864],"product_tag":[814,815,855],"class_list":{"0":"post-11824","1":"product","2":"type-product","3":"status-publish","4":"has-post-thumbnail","6":"product_cat-new-cnc-machine","7":"product_cat-new-cnc-milling-machine","8":"product_tag-new-cnc-machine","9":"product_tag-new-cnc-milling-machine","10":"product_tag-new-mazak-cnc-machine","11":"pa_thuong-hieu-mazak-en","13":"first","14":"instock","15":"shipping-taxable","16":"purchasable","17":"product-type-simple"},"acf":[],"_links":{"self":[{"href":"https:\/\/atcmachinery.com\/en\/wp-json\/wp\/v2\/product\/11824","targetHints":{"allow":["GET"]}}],"collection":[{"href":"https:\/\/atcmachinery.com\/en\/wp-json\/wp\/v2\/product"}],"about":[{"href":"https:\/\/atcmachinery.com\/en\/wp-json\/wp\/v2\/types\/product"}],"wp:featuredmedia":[{"embeddable":true,"href":"https:\/\/atcmachinery.com\/en\/wp-json\/wp\/v2\/media\/11823"}],"wp:attachment":[{"href":"https:\/\/atcmachinery.com\/en\/wp-json\/wp\/v2\/media?parent=11824"}],"wp:term":[{"taxonomy":"product_brand","embeddable":true,"href":"https:\/\/atcmachinery.com\/en\/wp-json\/wp\/v2\/product_brand?post=11824"},{"taxonomy":"product_cat","embeddable":true,"href":"https:\/\/atcmachinery.com\/en\/wp-json\/wp\/v2\/product_cat?post=11824"},{"taxonomy":"product_tag","embeddable":true,"href":"https:\/\/atcmachinery.com\/en\/wp-json\/wp\/v2\/product_tag?post=11824"}],"curies":[{"name":"wp","href":"https:\/\/api.w.org\/{rel}","templated":true}]}}