{"id":11265,"date":"2024-01-03T10:33:31","date_gmt":"2024-01-03T03:33:31","guid":{"rendered":"http:\/\/atcmachinery.com\/?post_type=product&#038;p=11265"},"modified":"2025-10-17T14:32:44","modified_gmt":"2025-10-17T07:32:44","slug":"fanuc-robot-lr-10ia-moi","status":"publish","type":"product","link":"https:\/\/atcmachinery.com\/en\/fanuc-robot-lr-10ia-moi\/","title":{"rendered":"FANUC Robot LR-10iA (M\u1edbi)"},"content":{"rendered":"<p>&nbsp;<\/p>\n<table style=\"height: 359px; width: 51.7364%;\" border=\"1\" width=\"503\" cellspacing=\"0\" cellpadding=\"0\">\n<tbody>\n<tr style=\"height: 43px;\">\n<th style=\"width: 42.7394%; text-align: left; height: 43px;\" colspan=\"2\">FANUC Robot LR-10iA<\/th>\n<\/tr>\n<tr style=\"height: 45px;\">\n<td style=\"width: 42.7394%; height: 45px;\">Controlled axes<\/td>\n<td style=\"text-align: center; width: 56.316%; height: 45px;\">6<\/td>\n<\/tr>\n<tr style=\"height: 36px;\">\n<td style=\"height: 40px; width: 42.7394%;\">Max. payload at wrist<\/td>\n<td style=\"text-align: center; height: 40px; width: 56.316%;\">10 kg<\/td>\n<\/tr>\n<tr style=\"height: 36px;\">\n<td style=\"width: 42.7394%; height: 36px;\">Motion range (X, Y)<\/td>\n<td style=\"text-align: center; width: 56.316%; height: 36px;\">1101mm, 1988mm<\/td>\n<\/tr>\n<tr style=\"height: 40px;\">\n<td style=\"width: 42.7394%; height: 40px;\">Repeatability<\/td>\n<td style=\"text-align: center; width: 56.316%; height: 40px;\">\u00b10.02mm<\/td>\n<\/tr>\n<tr style=\"height: 42px;\">\n<td style=\"width: 42.7394%; height: 42px;\">Mass<\/td>\n<td style=\"text-align: center; width: 56.316%; height: 42px;\">46kg<\/td>\n<\/tr>\n<tr style=\"height: 36px;\">\n<td style=\"height: 36px; width: 42.7394%;\">Installation<\/td>\n<td style=\"text-align: center; height: 36px; width: 56.316%;\">Floor, Upside-down, Angle<\/td>\n<\/tr>\n<tr style=\"height: 36px;\">\n<td style=\"height: 36px; width: 42.7394%;\">Matching controller<\/td>\n<td style=\"text-align: center; height: 36px; width: 56.316%;\">R-30<span class=\"i_char\">i<\/span>B Mate Plus \uff08standard, open air\uff09<\/td>\n<\/tr>\n<tr style=\"height: 36px;\">\n<td style=\"height: 41px; width: 42.7394%;\">Application<\/td>\n<td style=\"text-align: center; height: 41px; width: 56.316%;\">Handling, Assembling, Sealing, Mold release spray, Deburring<\/td>\n<\/tr>\n<\/tbody>\n<\/table>\n<p>&nbsp;<\/p>\n\n\n<div class=\"kk-star-ratings kksr-auto kksr-align-center kksr-valign-bottom\"\n    data-payload='{&quot;align&quot;:&quot;center&quot;,&quot;id&quot;:&quot;11265&quot;,&quot;slug&quot;:&quot;default&quot;,&quot;valign&quot;:&quot;bottom&quot;,&quot;ignore&quot;:&quot;&quot;,&quot;reference&quot;:&quot;auto&quot;,&quot;class&quot;:&quot;&quot;,&quot;count&quot;:&quot;0&quot;,&quot;legendonly&quot;:&quot;&quot;,&quot;readonly&quot;:&quot;&quot;,&quot;score&quot;:&quot;0&quot;,&quot;starsonly&quot;:&quot;&quot;,&quot;best&quot;:&quot;5&quot;,&quot;gap&quot;:&quot;5&quot;,&quot;greet&quot;:&quot;\u0110\u00e1nh gi\u00e1 product&quot;,&quot;legend&quot;:&quot;0\\\/5 - (0 votes)&quot;,&quot;size&quot;:&quot;24&quot;,&quot;title&quot;:&quot;FANUC Robot LR-10iA (M\u1edbi)&quot;,&quot;width&quot;:&quot;0&quot;,&quot;_legend&quot;:&quot;{score}\\\/{best} - ({count} {votes})&quot;,&quot;font_factor&quot;:&quot;1.25&quot;}'>\n            \n<div class=\"kksr-stars\">\n    \n<div class=\"kksr-stars-inactive\">\n            <div class=\"kksr-star\" data-star=\"1\" style=\"padding-right: 5px\">\n            \n\n<div class=\"kksr-icon\" style=\"width: 24px; height: 24px;\"><\/div>\n        <\/div>\n            <div class=\"kksr-star\" data-star=\"2\" style=\"padding-right: 5px\">\n            \n\n<div class=\"kksr-icon\" style=\"width: 24px; height: 24px;\"><\/div>\n        <\/div>\n            <div class=\"kksr-star\" data-star=\"3\" style=\"padding-right: 5px\">\n            \n\n<div class=\"kksr-icon\" style=\"width: 24px; height: 24px;\"><\/div>\n        <\/div>\n            <div class=\"kksr-star\" data-star=\"4\" style=\"padding-right: 5px\">\n            \n\n<div class=\"kksr-icon\" style=\"width: 24px; height: 24px;\"><\/div>\n        <\/div>\n            <div class=\"kksr-star\" data-star=\"5\" style=\"padding-right: 5px\">\n            \n\n<div class=\"kksr-icon\" style=\"width: 24px; height: 24px;\"><\/div>\n        <\/div>\n    <\/div>\n    \n<div class=\"kksr-stars-active\" style=\"width: 0px;\">\n            <div class=\"kksr-star\" style=\"padding-right: 5px\">\n            \n\n<div class=\"kksr-icon\" style=\"width: 24px; height: 24px;\"><\/div>\n        <\/div>\n            <div class=\"kksr-star\" style=\"padding-right: 5px\">\n            \n\n<div class=\"kksr-icon\" style=\"width: 24px; height: 24px;\"><\/div>\n        <\/div>\n            <div class=\"kksr-star\" style=\"padding-right: 5px\">\n            \n\n<div class=\"kksr-icon\" style=\"width: 24px; height: 24px;\"><\/div>\n        <\/div>\n            <div class=\"kksr-star\" style=\"padding-right: 5px\">\n            \n\n<div class=\"kksr-icon\" style=\"width: 24px; height: 24px;\"><\/div>\n        <\/div>\n            <div class=\"kksr-star\" style=\"padding-right: 5px\">\n            \n\n<div class=\"kksr-icon\" style=\"width: 24px; height: 24px;\"><\/div>\n        <\/div>\n    <\/div>\n<\/div>\n                \n\n<div class=\"kksr-legend\" style=\"font-size: 19.2px;\">\n            <span class=\"kksr-muted\">\u0110\u00e1nh gi\u00e1 product<\/span>\n    <\/div>\n    <\/div>\n","protected":false},"excerpt":{"rendered":"<p>&nbsp; FANUC Robot LR-10iA Controlled axes 6 Max. payload at wrist 10 kg Motion range (X, Y) 1101mm, 1988mm Repeatability \u00b10.02mm Mass 46kg Installation Floor, Upside-down, Angle Matching controller R-30iB Mate Plus \uff08standard, open air\uff09 Application Handling, Assembling, Sealing, Mold release spray, Deburring &nbsp;<\/p>\n","protected":false},"featured_media":11013,"template":"","meta":{"_acf_changed":false},"product_brand":[],"product_cat":[1425],"product_tag":[814,865],"class_list":{"0":"post-11265","1":"product","2":"type-product","3":"status-publish","4":"has-post-thumbnail","6":"product_cat-robots","7":"product_tag-new-cnc-machine","8":"product_tag-new-fanuc-cnc-machine","9":"pa_loai-robot-en","10":"pa_thuong-hieu-fanuc-en","12":"first","13":"instock","14":"shipping-taxable","15":"purchasable","16":"product-type-simple"},"acf":[],"_links":{"self":[{"href":"https:\/\/atcmachinery.com\/en\/wp-json\/wp\/v2\/product\/11265","targetHints":{"allow":["GET"]}}],"collection":[{"href":"https:\/\/atcmachinery.com\/en\/wp-json\/wp\/v2\/product"}],"about":[{"href":"https:\/\/atcmachinery.com\/en\/wp-json\/wp\/v2\/types\/product"}],"wp:featuredmedia":[{"embeddable":true,"href":"https:\/\/atcmachinery.com\/en\/wp-json\/wp\/v2\/media\/11013"}],"wp:attachment":[{"href":"https:\/\/atcmachinery.com\/en\/wp-json\/wp\/v2\/media?parent=11265"}],"wp:term":[{"taxonomy":"product_brand","embeddable":true,"href":"https:\/\/atcmachinery.com\/en\/wp-json\/wp\/v2\/product_brand?post=11265"},{"taxonomy":"product_cat","embeddable":true,"href":"https:\/\/atcmachinery.com\/en\/wp-json\/wp\/v2\/product_cat?post=11265"},{"taxonomy":"product_tag","embeddable":true,"href":"https:\/\/atcmachinery.com\/en\/wp-json\/wp\/v2\/product_tag?post=11265"}],"curies":[{"name":"wp","href":"https:\/\/api.w.org\/{rel}","templated":true}]}}