{"id":11080,"date":"2024-01-08T16:52:19","date_gmt":"2024-01-08T09:52:19","guid":{"rendered":"http:\/\/atcmachinery.com\/may-phay-mazak-%c2%b5-8800\/"},"modified":"2024-02-02T14:46:20","modified_gmt":"2024-02-02T07:46:20","slug":"milling-machine-mazak-8800-new","status":"publish","type":"product","link":"https:\/\/atcmachinery.com\/en\/milling-machine-mazak-8800-new\/","title":{"rendered":"Milling machine Mazak \u00b5-8800 (New)"},"content":{"rendered":"<table style=\"width: 59.2593%; border-collapse: collapse;\" border=\"2\">\n<tbody>\n<tr>\n<th style=\"width: 40.3292%; text-align: left;\" colspan=\"2\">Specification<\/th>\n<th style=\"width: 18.8272%;\">\u00b5-8800<\/th>\n<\/tr>\n<tr class=\"table-border\">\n<td style=\"width: 14.2618%;\" rowspan=\"3\">Capacity<\/td>\n<td style=\"width: 26.0674%;\">Pallet Size<\/td>\n<td style=\"width: 18.8272%; text-align: center;\"><strong>800<\/strong>\u00a0mm \/\u00a0<strong>31.500<\/strong>\u00a0in<\/td>\n<\/tr>\n<tr>\n<td style=\"width: 26.0674%;\">Maximum Workpiece Diameter<\/td>\n<td style=\"width: 18.8272%; text-align: center;\"><strong>1450<\/strong>\u00a0mm \/\u00a0<strong>57.090<\/strong>\u00a0in<\/td>\n<\/tr>\n<tr>\n<td style=\"width: 26.0674%;\">Maximum Workpiece Height<\/td>\n<td style=\"width: 18.8272%; text-align: center;\"><strong>1450<\/strong>\u00a0mm \/\u00a0<strong>57.090<\/strong>\u00a0in<\/td>\n<\/tr>\n<tr class=\"table-border\">\n<td style=\"width: 14.2618%;\" rowspan=\"3\">Spindle<\/td>\n<td style=\"width: 26.0674%;\">Spindle Taper<\/td>\n<td style=\"width: 18.8272%; text-align: center;\"><strong>BT50<\/strong><\/td>\n<\/tr>\n<tr>\n<td style=\"width: 26.0674%;\">Maximum Speed<\/td>\n<td style=\"width: 18.8272%; text-align: center;\"><strong>10000<\/strong>\u00a0rpm<\/td>\n<\/tr>\n<tr>\n<td style=\"width: 26.0674%;\">Motor Output (<strong>30<\/strong>\u00a0minute rating)<\/td>\n<td style=\"width: 18.8272%; text-align: center;\"><strong>37<\/strong>\u00a0kw \/\u00a0<strong>50.0<\/strong>\u00a0hp<\/td>\n<\/tr>\n<tr class=\"table-border\">\n<td style=\"width: 14.2618%;\">Magazine<\/td>\n<td style=\"width: 26.0674%;\">Number of Tools<\/td>\n<td style=\"width: 18.8272%; text-align: center;\"><strong>60<\/strong><\/td>\n<\/tr>\n<tr class=\"table-border\">\n<td style=\"width: 14.2618%;\" rowspan=\"3\">Feed Axes<\/td>\n<td style=\"width: 26.0674%;\">Travel (X Axis)<\/td>\n<td style=\"width: 18.8272%; text-align: center;\"><strong>1400<\/strong>\u00a0mm \/\u00a0<strong>55.12<\/strong>\u00a0in<\/td>\n<\/tr>\n<tr>\n<td style=\"width: 26.0674%;\">Travel (Y Axis)<\/td>\n<td style=\"width: 18.8272%; text-align: center;\"><strong>1200<\/strong>\u00a0mm \/\u00a0<strong>47.24<\/strong>\u00a0in<\/td>\n<\/tr>\n<tr>\n<td style=\"width: 26.0674%;\">Travel (Z Axis)<\/td>\n<td style=\"width: 18.8272%; text-align: center;\"><strong>1325<\/strong>\u00a0mm \/\u00a0<strong>52.17<\/strong>\u00a0in<\/td>\n<\/tr>\n<\/tbody>\n<\/table>\n<p>&nbsp;<\/p>\n\n\n<div class=\"kk-star-ratings kksr-auto kksr-align-center kksr-valign-bottom\"\n    data-payload='{&quot;align&quot;:&quot;center&quot;,&quot;id&quot;:&quot;11080&quot;,&quot;slug&quot;:&quot;default&quot;,&quot;valign&quot;:&quot;bottom&quot;,&quot;ignore&quot;:&quot;&quot;,&quot;reference&quot;:&quot;auto&quot;,&quot;class&quot;:&quot;&quot;,&quot;count&quot;:&quot;2&quot;,&quot;legendonly&quot;:&quot;&quot;,&quot;readonly&quot;:&quot;&quot;,&quot;score&quot;:&quot;5&quot;,&quot;starsonly&quot;:&quot;&quot;,&quot;best&quot;:&quot;5&quot;,&quot;gap&quot;:&quot;5&quot;,&quot;greet&quot;:&quot;\u0110\u00e1nh gi\u00e1 product&quot;,&quot;legend&quot;:&quot;5\\\/5 - (2 votes)&quot;,&quot;size&quot;:&quot;24&quot;,&quot;title&quot;:&quot;Milling machine Mazak \u00b5-8800 (New)&quot;,&quot;width&quot;:&quot;142.5&quot;,&quot;_legend&quot;:&quot;{score}\\\/{best} - ({count} {votes})&quot;,&quot;font_factor&quot;:&quot;1.25&quot;}'>\n            \n<div class=\"kksr-stars\">\n    \n<div class=\"kksr-stars-inactive\">\n            <div class=\"kksr-star\" data-star=\"1\" style=\"padding-right: 5px\">\n            \n\n<div class=\"kksr-icon\" style=\"width: 24px; height: 24px;\"><\/div>\n        <\/div>\n            <div class=\"kksr-star\" data-star=\"2\" style=\"padding-right: 5px\">\n            \n\n<div class=\"kksr-icon\" style=\"width: 24px; height: 24px;\"><\/div>\n        <\/div>\n            <div class=\"kksr-star\" data-star=\"3\" style=\"padding-right: 5px\">\n            \n\n<div class=\"kksr-icon\" style=\"width: 24px; height: 24px;\"><\/div>\n        <\/div>\n            <div class=\"kksr-star\" data-star=\"4\" style=\"padding-right: 5px\">\n            \n\n<div class=\"kksr-icon\" style=\"width: 24px; height: 24px;\"><\/div>\n        <\/div>\n            <div class=\"kksr-star\" data-star=\"5\" style=\"padding-right: 5px\">\n            \n\n<div class=\"kksr-icon\" style=\"width: 24px; height: 24px;\"><\/div>\n        <\/div>\n    <\/div>\n    \n<div class=\"kksr-stars-active\" style=\"width: 142.5px;\">\n            <div class=\"kksr-star\" style=\"padding-right: 5px\">\n            \n\n<div class=\"kksr-icon\" style=\"width: 24px; height: 24px;\"><\/div>\n        <\/div>\n            <div class=\"kksr-star\" style=\"padding-right: 5px\">\n            \n\n<div class=\"kksr-icon\" style=\"width: 24px; height: 24px;\"><\/div>\n        <\/div>\n            <div class=\"kksr-star\" style=\"padding-right: 5px\">\n            \n\n<div class=\"kksr-icon\" style=\"width: 24px; height: 24px;\"><\/div>\n        <\/div>\n            <div class=\"kksr-star\" style=\"padding-right: 5px\">\n            \n\n<div class=\"kksr-icon\" style=\"width: 24px; height: 24px;\"><\/div>\n        <\/div>\n            <div class=\"kksr-star\" style=\"padding-right: 5px\">\n            \n\n<div class=\"kksr-icon\" style=\"width: 24px; height: 24px;\"><\/div>\n        <\/div>\n    <\/div>\n<\/div>\n                \n\n<div class=\"kksr-legend\" style=\"font-size: 19.2px;\">\n            5\/5 - (2 votes)    <\/div>\n    <\/div>\n","protected":false},"excerpt":{"rendered":"<p>Specification \u00b5-8800 Capacity Pallet Size 800\u00a0mm \/\u00a031.500\u00a0in Maximum Workpiece Diameter 1450\u00a0mm \/\u00a057.090\u00a0in Maximum Workpiece Height 1450\u00a0mm \/\u00a057.090\u00a0in Spindle Spindle Taper BT50 Maximum Speed 10000\u00a0rpm Motor Output (30\u00a0minute rating) 37\u00a0kw \/\u00a050.0\u00a0hp Magazine Number of Tools 60 Feed Axes Travel (X Axis) 1400\u00a0mm \/\u00a055.12\u00a0in Travel (Y Axis) 1200\u00a0mm \/\u00a047.24\u00a0in Travel (Z Axis) 1325\u00a0mm \/\u00a052.17\u00a0in &nbsp;<\/p>\n","protected":false},"featured_media":11079,"template":"","meta":{"_acf_changed":false},"product_brand":[],"product_cat":[17],"product_tag":[],"class_list":{"0":"post-11080","1":"product","2":"type-product","3":"status-publish","4":"has-post-thumbnail","6":"product_cat-chua-phan-loai","8":"first","9":"instock","10":"shipping-taxable","11":"purchasable","12":"product-type-simple"},"acf":[],"_links":{"self":[{"href":"https:\/\/atcmachinery.com\/en\/wp-json\/wp\/v2\/product\/11080","targetHints":{"allow":["GET"]}}],"collection":[{"href":"https:\/\/atcmachinery.com\/en\/wp-json\/wp\/v2\/product"}],"about":[{"href":"https:\/\/atcmachinery.com\/en\/wp-json\/wp\/v2\/types\/product"}],"wp:featuredmedia":[{"embeddable":true,"href":"https:\/\/atcmachinery.com\/en\/wp-json\/wp\/v2\/media\/11079"}],"wp:attachment":[{"href":"https:\/\/atcmachinery.com\/en\/wp-json\/wp\/v2\/media?parent=11080"}],"wp:term":[{"taxonomy":"product_brand","embeddable":true,"href":"https:\/\/atcmachinery.com\/en\/wp-json\/wp\/v2\/product_brand?post=11080"},{"taxonomy":"product_cat","embeddable":true,"href":"https:\/\/atcmachinery.com\/en\/wp-json\/wp\/v2\/product_cat?post=11080"},{"taxonomy":"product_tag","embeddable":true,"href":"https:\/\/atcmachinery.com\/en\/wp-json\/wp\/v2\/product_tag?post=11080"}],"curies":[{"name":"wp","href":"https:\/\/api.w.org\/{rel}","templated":true}]}}