{"id":11076,"date":"2024-01-08T16:44:42","date_gmt":"2024-01-08T09:44:42","guid":{"rendered":"http:\/\/atcmachinery.com\/may-tien-mazak-slant-turn-500\/"},"modified":"2024-01-08T16:49:27","modified_gmt":"2024-01-08T09:49:27","slug":"lathe-machine-mazak-slant-turn-500","status":"publish","type":"product","link":"https:\/\/atcmachinery.com\/en\/lathe-machine-mazak-slant-turn-500\/","title":{"rendered":"Lathe machine Mazak Slant Turn 500 (New)"},"content":{"rendered":"<table style=\"width: 95.1633%; border-collapse: collapse; height: 210px;\" border=\"1\">\n<tbody>\n<tr>\n<th style=\"width: 30.5556%; text-align: left;\" colspan=\"2\">Specification<\/th>\n<th style=\"width: 16.8725%; text-align: center;\">Bed Length &#8211;\u00a0<strong><strong>1000U<\/strong>\u00a0mm<\/strong><\/th>\n<th style=\"width: 15.6379%; text-align: center;\">Bed Length &#8211;\u00a0<strong><strong>2000U<\/strong>\u00a0mm<\/strong><\/th>\n<th style=\"width: 15.6379%; text-align: center;\">Bed Length &#8211;\u00a0<strong><strong>3000U<\/strong>\u00a0mm<\/strong><\/th>\n<th style=\"width: 16.4029%; text-align: center;\">Bed Length &#8211;\u00a0<strong><strong>4000U<\/strong>\u00a0mm<\/strong><\/th>\n<\/tr>\n<tr class=\"table-border\">\n<td style=\"width: 14.5062%;\" rowspan=\"3\">Capacity<\/td>\n<td style=\"width: 16.0494%;\">Maximum Swing<\/td>\n<td style=\"width: 16.8725%; text-align: center;\"><strong>1040<\/strong>\u00a0mm \/\u00a0<strong>40.94<\/strong>\u00a0in<\/td>\n<td style=\"width: 15.6379%; text-align: center;\"><strong>1040<\/strong>\u00a0mm \/\u00a0<strong>40.94<\/strong>\u00a0in<\/td>\n<td style=\"width: 15.6379%; text-align: center;\"><strong>1040<\/strong>\u00a0mm \/\u00a0<strong>40.94<\/strong>\u00a0in<\/td>\n<td style=\"width: 16.4029%; text-align: center;\"><strong>1040<\/strong>\u00a0mm \/\u00a0<strong>40.94<\/strong>\u00a0in<\/td>\n<\/tr>\n<tr>\n<td style=\"width: 16.0494%;\">Maximum Machining Diameter<\/td>\n<td style=\"width: 16.8725%; text-align: center;\"><strong>910<\/strong>\u00a0mm \/\u00a0<strong>35.830<\/strong>\u00a0in<\/td>\n<td style=\"width: 15.6379%; text-align: center;\"><strong>910<\/strong>\u00a0mm \/\u00a0<strong>35.830<\/strong>\u00a0in<\/td>\n<td style=\"width: 15.6379%; text-align: center;\"><strong>910<\/strong>\u00a0mm \/\u00a0<strong>35.830<\/strong>\u00a0in<\/td>\n<td style=\"width: 16.4029%; text-align: center;\"><strong>910<\/strong>\u00a0mm \/\u00a0<strong>35.830<\/strong>\u00a0in<\/td>\n<\/tr>\n<tr>\n<td style=\"width: 16.0494%;\">Maximum Machining Length<\/td>\n<td style=\"width: 16.8725%; text-align: center;\"><strong>1047<\/strong>\u00a0mm \/\u00a0<strong>41.220<\/strong>\u00a0in<\/td>\n<td style=\"width: 15.6379%; text-align: center;\"><strong>2040<\/strong>\u00a0mm \/\u00a0<strong>80.310<\/strong>\u00a0in<\/td>\n<td style=\"width: 15.6379%; text-align: center;\"><strong>3175<\/strong>\u00a0mm \/\u00a0<strong>125.000<\/strong>\u00a0in<\/td>\n<td style=\"width: 16.4029%; text-align: center;\"><strong>4064<\/strong>\u00a0mm \/\u00a0<strong>160.000<\/strong>\u00a0in<\/td>\n<\/tr>\n<tr class=\"table-border\">\n<td style=\"width: 14.5062%;\" rowspan=\"2\">Main Spindle<\/td>\n<td style=\"width: 16.0494%;\">Chuck Size<\/td>\n<td style=\"width: 16.8725%; text-align: center;\"><strong>18<\/strong>\u00a0in<\/td>\n<td style=\"width: 15.6379%; text-align: center;\"><strong>18<\/strong>\u00a0in<\/td>\n<td style=\"width: 15.6379%; text-align: center;\"><strong>18<\/strong>\u00a0in<\/td>\n<td style=\"width: 16.4029%; text-align: center;\"><strong>18<\/strong>\u00a0in<\/td>\n<\/tr>\n<tr>\n<td style=\"width: 16.0494%;\">Maximum Speed<\/td>\n<td style=\"width: 16.8725%; text-align: center;\"><strong>1600<\/strong>\u00a0rpm<\/td>\n<td style=\"width: 15.6379%; text-align: center;\"><strong>1600<\/strong>\u00a0rpm<\/td>\n<td style=\"width: 15.6379%; text-align: center;\"><strong>1600<\/strong>\u00a0rpm<\/td>\n<td style=\"width: 16.4029%; text-align: center;\"><strong>1600<\/strong>\u00a0rpm<\/td>\n<\/tr>\n<tr class=\"table-border\">\n<td style=\"width: 14.5062%;\">Turret (Upper)<\/td>\n<td style=\"width: 16.0494%;\">Number of Tools<\/td>\n<td style=\"width: 16.8725%; text-align: center;\"><strong>12<\/strong><\/td>\n<td style=\"width: 15.6379%; text-align: center;\"><strong>12<\/strong><\/td>\n<td style=\"width: 15.6379%; text-align: center;\"><strong>12<\/strong><\/td>\n<td style=\"width: 16.4029%; text-align: center;\"><strong>12<\/strong><\/td>\n<\/tr>\n<tr class=\"table-border\">\n<td style=\"width: 14.5062%;\" rowspan=\"2\">Feed Axes<\/td>\n<td style=\"width: 16.0494%;\">Travel (X Axis)<\/td>\n<td style=\"width: 16.8725%; text-align: center;\"><strong>465<\/strong>\u00a0mm \/\u00a0<strong>18.31<\/strong>\u00a0in<\/td>\n<td style=\"width: 15.6379%; text-align: center;\"><strong>465<\/strong>\u00a0mm \/\u00a0<strong>18.31<\/strong>\u00a0in<\/td>\n<td style=\"width: 15.6379%; text-align: center;\"><strong>465<\/strong>\u00a0mm \/\u00a0<strong>18.31<\/strong>\u00a0in<\/td>\n<td style=\"width: 16.4029%; text-align: center;\"><strong>465<\/strong>\u00a0mm \/\u00a0<strong>18.31<\/strong>\u00a0in<\/td>\n<\/tr>\n<tr>\n<td style=\"width: 16.0494%;\">Travel (Z Axis)<\/td>\n<td style=\"width: 16.8725%; text-align: center;\"><strong>1175<\/strong>\u00a0mm \/\u00a0<strong>46.26<\/strong>\u00a0in<\/td>\n<td style=\"width: 15.6379%; text-align: center;\"><strong>2165<\/strong>\u00a0mm \/\u00a0<strong>85.24<\/strong>\u00a0in<\/td>\n<td style=\"width: 15.6379%; text-align: center;\"><strong>3300<\/strong>\u00a0mm \/\u00a0<strong>129.92<\/strong>\u00a0in<\/td>\n<td style=\"width: 16.4029%; text-align: center;\"><strong>4190<\/strong>\u00a0mm \/\u00a0<strong>164.96<\/strong>\u00a0in<\/td>\n<\/tr>\n<\/tbody>\n<\/table>\n\n\n<div class=\"kk-star-ratings kksr-auto kksr-align-center kksr-valign-bottom\"\n    data-payload='{&quot;align&quot;:&quot;center&quot;,&quot;id&quot;:&quot;11076&quot;,&quot;slug&quot;:&quot;default&quot;,&quot;valign&quot;:&quot;bottom&quot;,&quot;ignore&quot;:&quot;&quot;,&quot;reference&quot;:&quot;auto&quot;,&quot;class&quot;:&quot;&quot;,&quot;count&quot;:&quot;2&quot;,&quot;legendonly&quot;:&quot;&quot;,&quot;readonly&quot;:&quot;&quot;,&quot;score&quot;:&quot;5&quot;,&quot;starsonly&quot;:&quot;&quot;,&quot;best&quot;:&quot;5&quot;,&quot;gap&quot;:&quot;5&quot;,&quot;greet&quot;:&quot;\u0110\u00e1nh gi\u00e1 product&quot;,&quot;legend&quot;:&quot;5\\\/5 - (2 votes)&quot;,&quot;size&quot;:&quot;24&quot;,&quot;title&quot;:&quot;Lathe machine Mazak Slant Turn 500 (New)&quot;,&quot;width&quot;:&quot;142.5&quot;,&quot;_legend&quot;:&quot;{score}\\\/{best} - ({count} {votes})&quot;,&quot;font_factor&quot;:&quot;1.25&quot;}'>\n            \n<div class=\"kksr-stars\">\n    \n<div class=\"kksr-stars-inactive\">\n            <div class=\"kksr-star\" data-star=\"1\" style=\"padding-right: 5px\">\n            \n\n<div class=\"kksr-icon\" style=\"width: 24px; height: 24px;\"><\/div>\n        <\/div>\n            <div class=\"kksr-star\" data-star=\"2\" style=\"padding-right: 5px\">\n            \n\n<div class=\"kksr-icon\" style=\"width: 24px; height: 24px;\"><\/div>\n        <\/div>\n            <div class=\"kksr-star\" data-star=\"3\" style=\"padding-right: 5px\">\n            \n\n<div class=\"kksr-icon\" style=\"width: 24px; height: 24px;\"><\/div>\n        <\/div>\n            <div class=\"kksr-star\" data-star=\"4\" style=\"padding-right: 5px\">\n            \n\n<div class=\"kksr-icon\" style=\"width: 24px; height: 24px;\"><\/div>\n        <\/div>\n            <div class=\"kksr-star\" data-star=\"5\" style=\"padding-right: 5px\">\n            \n\n<div class=\"kksr-icon\" style=\"width: 24px; height: 24px;\"><\/div>\n        <\/div>\n    <\/div>\n    \n<div class=\"kksr-stars-active\" style=\"width: 142.5px;\">\n            <div class=\"kksr-star\" style=\"padding-right: 5px\">\n            \n\n<div class=\"kksr-icon\" style=\"width: 24px; height: 24px;\"><\/div>\n        <\/div>\n            <div class=\"kksr-star\" style=\"padding-right: 5px\">\n            \n\n<div class=\"kksr-icon\" style=\"width: 24px; height: 24px;\"><\/div>\n        <\/div>\n            <div class=\"kksr-star\" style=\"padding-right: 5px\">\n            \n\n<div class=\"kksr-icon\" style=\"width: 24px; height: 24px;\"><\/div>\n        <\/div>\n            <div class=\"kksr-star\" style=\"padding-right: 5px\">\n            \n\n<div class=\"kksr-icon\" style=\"width: 24px; height: 24px;\"><\/div>\n        <\/div>\n            <div class=\"kksr-star\" style=\"padding-right: 5px\">\n            \n\n<div class=\"kksr-icon\" style=\"width: 24px; height: 24px;\"><\/div>\n        <\/div>\n    <\/div>\n<\/div>\n                \n\n<div class=\"kksr-legend\" style=\"font-size: 19.2px;\">\n            5\/5 - (2 votes)    <\/div>\n    <\/div>\n","protected":false},"excerpt":{"rendered":"<p>Specification Bed Length &#8211;\u00a01000U\u00a0mm Bed Length &#8211;\u00a02000U\u00a0mm Bed Length &#8211;\u00a03000U\u00a0mm Bed Length &#8211;\u00a04000U\u00a0mm Capacity Maximum Swing 1040\u00a0mm \/\u00a040.94\u00a0in 1040\u00a0mm \/\u00a040.94\u00a0in 1040\u00a0mm \/\u00a040.94\u00a0in 1040\u00a0mm \/\u00a040.94\u00a0in Maximum Machining Diameter 910\u00a0mm \/\u00a035.830\u00a0in 910\u00a0mm \/\u00a035.830\u00a0in 910\u00a0mm \/\u00a035.830\u00a0in 910\u00a0mm \/\u00a035.830\u00a0in Maximum Machining Length 1047\u00a0mm \/\u00a041.220\u00a0in 2040\u00a0mm \/\u00a080.310\u00a0in 3175\u00a0mm \/\u00a0125.000\u00a0in 4064\u00a0mm \/\u00a0160.000\u00a0in Main Spindle Chuck Size 18\u00a0in 18\u00a0in 18\u00a0in 18\u00a0in Maximum<\/p>\n","protected":false},"featured_media":11075,"template":"","meta":{"_acf_changed":false},"product_brand":[],"product_cat":[17],"product_tag":[],"class_list":{"0":"post-11076","1":"product","2":"type-product","3":"status-publish","4":"has-post-thumbnail","6":"product_cat-chua-phan-loai","8":"first","9":"instock","10":"shipping-taxable","11":"purchasable","12":"product-type-simple"},"acf":[],"_links":{"self":[{"href":"https:\/\/atcmachinery.com\/en\/wp-json\/wp\/v2\/product\/11076","targetHints":{"allow":["GET"]}}],"collection":[{"href":"https:\/\/atcmachinery.com\/en\/wp-json\/wp\/v2\/product"}],"about":[{"href":"https:\/\/atcmachinery.com\/en\/wp-json\/wp\/v2\/types\/product"}],"wp:featuredmedia":[{"embeddable":true,"href":"https:\/\/atcmachinery.com\/en\/wp-json\/wp\/v2\/media\/11075"}],"wp:attachment":[{"href":"https:\/\/atcmachinery.com\/en\/wp-json\/wp\/v2\/media?parent=11076"}],"wp:term":[{"taxonomy":"product_brand","embeddable":true,"href":"https:\/\/atcmachinery.com\/en\/wp-json\/wp\/v2\/product_brand?post=11076"},{"taxonomy":"product_cat","embeddable":true,"href":"https:\/\/atcmachinery.com\/en\/wp-json\/wp\/v2\/product_cat?post=11076"},{"taxonomy":"product_tag","embeddable":true,"href":"https:\/\/atcmachinery.com\/en\/wp-json\/wp\/v2\/product_tag?post=11076"}],"curies":[{"name":"wp","href":"https:\/\/api.w.org\/{rel}","templated":true}]}}