{"id":11026,"date":"2024-01-06T13:58:09","date_gmt":"2024-01-06T06:58:09","guid":{"rendered":"http:\/\/atcmachinery.com\/may-cat-day-fanuc-robocut-%ce%b1-c800ib\/"},"modified":"2025-10-17T14:08:49","modified_gmt":"2025-10-17T07:08:49","slug":"fanuc-robocut-a-c800ib","status":"publish","type":"product","link":"https:\/\/atcmachinery.com\/en\/fanuc-robocut-a-c800ib\/","title":{"rendered":"Fanuc Robocut \u03b1-C800iB (New)"},"content":{"rendered":"<table style=\"width: 100.721%; border-collapse: collapse; border-color: #080707; border-style: outset; height: 154px;\" border=\"1\">\n<tbody>\n<tr style=\"height: 21px;\">\n<td style=\"width: 51.0634%; height: 21px;\" colspan=\"2\"><strong>Model<\/strong><\/td>\n<td style=\"width: 87.3336%; height: 21px; text-align: center;\"><strong>\u03b1-C800iB<\/strong><\/td>\n<\/tr>\n<tr style=\"height: 10px;\">\n<td style=\"width: 28.7355%; height: 20px;\" rowspan=\"2\" width=\"109\">Maximum workpiece dimensions<\/td>\n<td style=\"width: 22.3279%; height: 10px;\" width=\"168\">w\/o automatic door<\/td>\n<td style=\"width: 87.3336%; height: 10px; text-align: center;\" width=\"433\">1250\u00d71020\u00d7300 mm \uff08option: Z axis 500mm\uff09<\/td>\n<\/tr>\n<tr style=\"height: 10px;\">\n<td style=\"width: 22.3279%; height: 10px;\" width=\"168\">w\/\u00a0 \u00a0automatic door<\/td>\n<td style=\"width: 87.3336%; height: 10px; text-align: center;\" width=\"433\">1250\u00d7 975\u00d7300 mm \uff08option\uff1aZ axis 500mm\uff09<\/td>\n<\/tr>\n<tr style=\"height: 10px;\">\n<td style=\"width: 51.0634%; height: 10px;\" colspan=\"2\" width=\"277\">Maximum workpiece mass<\/td>\n<td style=\"width: 87.3336%; height: 10px; text-align: center;\" width=\"433\">3000 kg<\/td>\n<\/tr>\n<tr style=\"height: 50px;\">\n<td style=\"width: 51.0634%; height: 10px;\" colspan=\"2\" width=\"277\">XY axis table travel<\/td>\n<td style=\"width: 87.3336%; height: 10px; text-align: center;\" width=\"433\">800\u00d7600 mm<\/td>\n<\/tr>\n<tr style=\"height: 28px;\">\n<td style=\"width: 51.0634%; height: 28px;\" colspan=\"2\" width=\"277\">Z axis travel<\/td>\n<td style=\"width: 87.3336%; height: 28px; text-align: center;\" width=\"433\">310 mm\uff08option\uff1aZ axis 510mm\uff09<\/td>\n<\/tr>\n<tr style=\"height: 11px;\">\n<td style=\"width: 51.0634%; height: 11px;\" colspan=\"2\" width=\"277\">UV axis travel<\/td>\n<td style=\"width: 87.3336%; height: 11px; text-align: center;\" width=\"433\">\u00b1100 mm\u00d7\u00b1100 mm<\/td>\n<\/tr>\n<tr style=\"height: 35px;\">\n<td style=\"width: 51.0634%; height: 14px;\" colspan=\"2\" width=\"277\">Maximum taper angle<\/td>\n<td style=\"width: 87.3336%; height: 14px; text-align: center;\" width=\"433\">\u00b130\u00b0\/150 mm\uff08option\uff1a\u00b145\u00b0\/70 mm\uff09<\/td>\n<\/tr>\n<tr style=\"height: 50px;\">\n<td style=\"width: 51.0634%; height: 10px;\" colspan=\"2\" width=\"277\">Wire diameter<\/td>\n<td style=\"width: 87.3336%; height: 10px; text-align: center;\" width=\"433\">\u03c60.10 to \u03c60.30 mm<\/td>\n<\/tr>\n<tr style=\"height: 10px;\">\n<td style=\"width: 51.0634%; height: 10px;\" colspan=\"2\" width=\"277\">Maximum wire mass<\/td>\n<td style=\"width: 87.3336%; height: 10px; text-align: center;\" width=\"433\">16 kg<\/td>\n<\/tr>\n<tr style=\"height: 10px;\">\n<td style=\"width: 51.0634%; height: 10px;\" colspan=\"2\" width=\"277\">Machine mass<\/td>\n<td style=\"width: 87.3336%; height: 10px; text-align: center;\" width=\"433\">About 4200 kg<\/td>\n<\/tr>\n<tr style=\"height: 10px;\">\n<td style=\"width: 51.0634%; height: 10px;\" colspan=\"2\" width=\"277\">Controller<\/td>\n<td style=\"width: 87.3336%; height: 10px; text-align: center;\" width=\"433\">FANUC Series 31+-WB<\/td>\n<\/tr>\n<\/tbody>\n<\/table>\n<p>&nbsp;<\/p>\n\n\n<div class=\"kk-star-ratings kksr-auto kksr-align-center kksr-valign-bottom\"\n    data-payload='{&quot;align&quot;:&quot;center&quot;,&quot;id&quot;:&quot;11026&quot;,&quot;slug&quot;:&quot;default&quot;,&quot;valign&quot;:&quot;bottom&quot;,&quot;ignore&quot;:&quot;&quot;,&quot;reference&quot;:&quot;auto&quot;,&quot;class&quot;:&quot;&quot;,&quot;count&quot;:&quot;2&quot;,&quot;legendonly&quot;:&quot;&quot;,&quot;readonly&quot;:&quot;&quot;,&quot;score&quot;:&quot;5&quot;,&quot;starsonly&quot;:&quot;&quot;,&quot;best&quot;:&quot;5&quot;,&quot;gap&quot;:&quot;5&quot;,&quot;greet&quot;:&quot;\u0110\u00e1nh gi\u00e1 product&quot;,&quot;legend&quot;:&quot;5\\\/5 - (2 votes)&quot;,&quot;size&quot;:&quot;24&quot;,&quot;title&quot;:&quot;Fanuc Robocut \u03b1-C800iB (New)&quot;,&quot;width&quot;:&quot;142.5&quot;,&quot;_legend&quot;:&quot;{score}\\\/{best} - ({count} {votes})&quot;,&quot;font_factor&quot;:&quot;1.25&quot;}'>\n            \n<div class=\"kksr-stars\">\n    \n<div class=\"kksr-stars-inactive\">\n            <div class=\"kksr-star\" data-star=\"1\" style=\"padding-right: 5px\">\n            \n\n<div class=\"kksr-icon\" style=\"width: 24px; height: 24px;\"><\/div>\n        <\/div>\n            <div class=\"kksr-star\" data-star=\"2\" style=\"padding-right: 5px\">\n            \n\n<div class=\"kksr-icon\" style=\"width: 24px; height: 24px;\"><\/div>\n        <\/div>\n            <div class=\"kksr-star\" data-star=\"3\" style=\"padding-right: 5px\">\n            \n\n<div class=\"kksr-icon\" style=\"width: 24px; height: 24px;\"><\/div>\n        <\/div>\n            <div class=\"kksr-star\" data-star=\"4\" style=\"padding-right: 5px\">\n            \n\n<div class=\"kksr-icon\" style=\"width: 24px; height: 24px;\"><\/div>\n        <\/div>\n            <div class=\"kksr-star\" data-star=\"5\" style=\"padding-right: 5px\">\n            \n\n<div class=\"kksr-icon\" style=\"width: 24px; height: 24px;\"><\/div>\n        <\/div>\n    <\/div>\n    \n<div class=\"kksr-stars-active\" style=\"width: 142.5px;\">\n            <div class=\"kksr-star\" style=\"padding-right: 5px\">\n            \n\n<div class=\"kksr-icon\" style=\"width: 24px; height: 24px;\"><\/div>\n        <\/div>\n            <div class=\"kksr-star\" style=\"padding-right: 5px\">\n            \n\n<div class=\"kksr-icon\" style=\"width: 24px; height: 24px;\"><\/div>\n        <\/div>\n            <div class=\"kksr-star\" style=\"padding-right: 5px\">\n            \n\n<div class=\"kksr-icon\" style=\"width: 24px; height: 24px;\"><\/div>\n        <\/div>\n            <div class=\"kksr-star\" style=\"padding-right: 5px\">\n            \n\n<div class=\"kksr-icon\" style=\"width: 24px; height: 24px;\"><\/div>\n        <\/div>\n            <div class=\"kksr-star\" style=\"padding-right: 5px\">\n            \n\n<div class=\"kksr-icon\" style=\"width: 24px; height: 24px;\"><\/div>\n        <\/div>\n    <\/div>\n<\/div>\n                \n\n<div class=\"kksr-legend\" style=\"font-size: 19.2px;\">\n            5\/5 - (2 votes)    <\/div>\n    <\/div>\n","protected":false},"excerpt":{"rendered":"<p>Model \u03b1-C800iB Maximum workpiece dimensions w\/o automatic door 1250\u00d71020\u00d7300 mm \uff08option: Z axis 500mm\uff09 w\/\u00a0 \u00a0automatic door 1250\u00d7 975\u00d7300 mm \uff08option\uff1aZ axis 500mm\uff09 Maximum workpiece mass 3000 kg XY axis table travel 800\u00d7600 mm Z axis travel 310 mm\uff08option\uff1aZ axis 510mm\uff09 UV axis travel \u00b1100 mm\u00d7\u00b1100 mm Maximum taper angle \u00b130\u00b0\/150 mm\uff08option\uff1a\u00b145\u00b0\/70 mm\uff09 Wire diameter<\/p>\n","protected":false},"featured_media":11025,"template":"","meta":{"_acf_changed":false},"product_brand":[],"product_cat":[1423],"product_tag":[814,865],"class_list":{"0":"post-11026","1":"product","2":"type-product","3":"status-publish","4":"has-post-thumbnail","6":"product_cat-cnc-wire-cutting-machines","7":"product_tag-new-cnc-machine","8":"product_tag-new-fanuc-cnc-machine","9":"pa_thuong-hieu-fanuc-en","11":"first","12":"instock","13":"shipping-taxable","14":"purchasable","15":"product-type-simple"},"acf":[],"_links":{"self":[{"href":"https:\/\/atcmachinery.com\/en\/wp-json\/wp\/v2\/product\/11026","targetHints":{"allow":["GET"]}}],"collection":[{"href":"https:\/\/atcmachinery.com\/en\/wp-json\/wp\/v2\/product"}],"about":[{"href":"https:\/\/atcmachinery.com\/en\/wp-json\/wp\/v2\/types\/product"}],"wp:featuredmedia":[{"embeddable":true,"href":"https:\/\/atcmachinery.com\/en\/wp-json\/wp\/v2\/media\/11025"}],"wp:attachment":[{"href":"https:\/\/atcmachinery.com\/en\/wp-json\/wp\/v2\/media?parent=11026"}],"wp:term":[{"taxonomy":"product_brand","embeddable":true,"href":"https:\/\/atcmachinery.com\/en\/wp-json\/wp\/v2\/product_brand?post=11026"},{"taxonomy":"product_cat","embeddable":true,"href":"https:\/\/atcmachinery.com\/en\/wp-json\/wp\/v2\/product_cat?post=11026"},{"taxonomy":"product_tag","embeddable":true,"href":"https:\/\/atcmachinery.com\/en\/wp-json\/wp\/v2\/product_tag?post=11026"}],"curies":[{"name":"wp","href":"https:\/\/api.w.org\/{rel}","templated":true}]}}