{"id":11022,"date":"2024-01-06T13:27:37","date_gmt":"2024-01-06T06:27:37","guid":{"rendered":"http:\/\/atcmachinery.com\/may-cat-day-fanuc-robocut-%ce%b1-c400ic\/"},"modified":"2025-10-17T14:16:22","modified_gmt":"2025-10-17T07:16:22","slug":"may-cat-day-fanuc-robocut-a-c400ic","status":"publish","type":"product","link":"https:\/\/atcmachinery.com\/en\/may-cat-day-fanuc-robocut-a-c400ic\/","title":{"rendered":"Fanuc Robocut \u03b1-C400iC (New)"},"content":{"rendered":"<table style=\"width: 97.8399%; border-collapse: collapse; border-color: #080707; border-style: outset; height: 212px;\" border=\"1\">\n<tbody>\n<tr style=\"height: 21px;\">\n<td style=\"width: 58.2134%; height: 21px;\" colspan=\"3\"><strong>Model<\/strong><\/td>\n<td style=\"width: 59.0453%; height: 21px; text-align: center;\"><strong>\u03b1-C400iC <\/strong><\/td>\n<\/tr>\n<tr style=\"height: 16px;\">\n<td style=\"width: 14.8456%; height: 48px;\" rowspan=\"4\" width=\"79\">Maximum workpiece dimensions<\/td>\n<td style=\"width: 20.2047%; height: 28px;\" rowspan=\"2\" width=\"68\">without\u00a0 Automatic door<\/td>\n<td style=\"width: 23.1631%; height: 16px;\" width=\"110\">Z axis travel\u00a0standard<\/td>\n<td style=\"width: 59.0453%; height: 16px; text-align: center;\" width=\"227\">730 x 630 x 250 mm<\/td>\n<\/tr>\n<tr style=\"height: 50px;\">\n<td style=\"width: 23.1631%; height: 12px;\" width=\"110\">Z axis travel\u00a0option<\/td>\n<td style=\"width: 59.0453%; height: 12px; text-align: center;\" width=\"227\">\u2014<\/td>\n<\/tr>\n<tr style=\"height: 50px;\">\n<td style=\"width: 20.2047%; height: 20px;\" rowspan=\"2\" width=\"68\">with Automatic door<\/td>\n<td style=\"width: 23.1631%; height: 10px;\" width=\"110\">Z axis travel\u00a0standard<\/td>\n<td style=\"width: 59.0453%; height: 10px; text-align: center;\" width=\"227\">730 x 585 x 250 mm<\/td>\n<\/tr>\n<tr style=\"height: 50px;\">\n<td style=\"width: 23.1631%; height: 10px;\" width=\"110\">Z axis travel\u00a0option<\/td>\n<td style=\"width: 59.0453%; height: 10px; text-align: center;\" width=\"227\">\u2014<\/td>\n<\/tr>\n<tr style=\"height: 21px;\">\n<td style=\"width: 58.2134%; height: 21px;\" colspan=\"3\" width=\"257\">Maximum workpiece weight<\/td>\n<td style=\"width: 59.0453%; height: 21px; text-align: center;\" width=\"227\">500 kg<\/td>\n<\/tr>\n<tr style=\"height: 50px;\">\n<td style=\"width: 58.2134%; height: 10px;\" colspan=\"3\" width=\"257\">XY axis table travel<\/td>\n<td style=\"width: 59.0453%; height: 10px; text-align: center;\" width=\"227\">400 x 300 mm<\/td>\n<\/tr>\n<tr style=\"height: 50px;\">\n<td style=\"width: 35.0503%; height: 20px;\" colspan=\"2\" rowspan=\"2\" width=\"147\"><span style=\"font-family: inherit; font-size: inherit;\">Z axis travel<\/span><\/td>\n<td style=\"width: 23.1631%; height: 10px;\" width=\"110\">standard<\/td>\n<td style=\"width: 59.0453%; height: 10px; text-align: center;\" width=\"227\">255 mm<\/td>\n<\/tr>\n<tr style=\"height: 50px;\">\n<td style=\"width: 23.1631%; height: 10px;\" width=\"110\">option<\/td>\n<td style=\"width: 59.0453%; height: 10px; text-align: center;\" width=\"227\">\u2014<\/td>\n<\/tr>\n<tr style=\"height: 50px;\">\n<td style=\"width: 35.0503%; height: 10px;\" colspan=\"2\" width=\"257\">UV axis travel<\/td>\n<td style=\"width: 23.1631%; height: 10px;\" width=\"227\"><\/td>\n<td style=\"width: 59.0453%; height: 10px; text-align: center;\" width=\"227\">\u00b160 mm x \u00b160 mm<\/td>\n<\/tr>\n<tr style=\"height: 50px;\">\n<td style=\"width: 35.0503%; height: 24px;\" colspan=\"2\" rowspan=\"2\" width=\"147\"><span style=\"font-family: inherit; font-size: inherit;\">Maximum taper angle<\/span><\/td>\n<td style=\"width: 23.1631%; height: 14px;\" width=\"110\">standard<\/td>\n<td style=\"width: 59.0453%; height: 14px; text-align: center;\" width=\"227\">\u00b130\u00b0\/80 mm<\/td>\n<\/tr>\n<tr style=\"height: 50px;\">\n<td style=\"width: 23.1631%; height: 10px;\" width=\"110\">option<\/td>\n<td style=\"width: 59.0453%; height: 10px; text-align: center;\" width=\"227\">\u00b145\u00b0\/40 mm<\/td>\n<\/tr>\n<tr style=\"height: 50px;\">\n<td style=\"width: 35.0503%; height: 20px;\" colspan=\"2\" rowspan=\"2\" width=\"147\"><span style=\"font-family: inherit; font-size: inherit;\">Wire diameter<\/span><\/td>\n<td style=\"width: 23.1631%; height: 10px;\" width=\"110\">standard<\/td>\n<td style=\"width: 59.0453%; height: 10px; text-align: center;\">\u03c60.10 to \u03c60.30 mm<\/td>\n<\/tr>\n<tr style=\"height: 50px;\">\n<td style=\"width: 23.1631%; height: 10px;\" width=\"110\">option<\/td>\n<td style=\"width: 59.0453%; height: 10px; text-align: center;\">\u03c60.05 to \u03c60.30 mm<\/td>\n<\/tr>\n<tr style=\"height: 50px;\">\n<td style=\"width: 58.2134%; height: 10px;\" colspan=\"3\" width=\"257\">Maximum wire weight<\/td>\n<td style=\"width: 59.0453%; height: 10px; text-align: center;\">16 kg<\/td>\n<\/tr>\n<tr style=\"height: 50px;\">\n<td style=\"width: 58.2134%; height: 10px;\" colspan=\"3\" width=\"257\">Machine weight (including the dried work tank)<\/td>\n<td style=\"width: 59.0453%; height: 10px; text-align: center;\">Approx. 2200 kg<\/td>\n<\/tr>\n<tr style=\"height: 18px;\">\n<td style=\"width: 58.2134%; height: 18px;\" colspan=\"3\" width=\"257\">Controller<\/td>\n<td style=\"width: 59.0453%; height: 18px; text-align: center;\">FANUC Series 31+-WB<\/td>\n<\/tr>\n<\/tbody>\n<\/table>\n<p>&nbsp;<\/p>\n\n\n<div class=\"kk-star-ratings kksr-auto kksr-align-center kksr-valign-bottom\"\n    data-payload='{&quot;align&quot;:&quot;center&quot;,&quot;id&quot;:&quot;11022&quot;,&quot;slug&quot;:&quot;default&quot;,&quot;valign&quot;:&quot;bottom&quot;,&quot;ignore&quot;:&quot;&quot;,&quot;reference&quot;:&quot;auto&quot;,&quot;class&quot;:&quot;&quot;,&quot;count&quot;:&quot;2&quot;,&quot;legendonly&quot;:&quot;&quot;,&quot;readonly&quot;:&quot;&quot;,&quot;score&quot;:&quot;5&quot;,&quot;starsonly&quot;:&quot;&quot;,&quot;best&quot;:&quot;5&quot;,&quot;gap&quot;:&quot;5&quot;,&quot;greet&quot;:&quot;\u0110\u00e1nh gi\u00e1 product&quot;,&quot;legend&quot;:&quot;5\\\/5 - (2 votes)&quot;,&quot;size&quot;:&quot;24&quot;,&quot;title&quot;:&quot;Fanuc Robocut \u03b1-C400iC (New)&quot;,&quot;width&quot;:&quot;142.5&quot;,&quot;_legend&quot;:&quot;{score}\\\/{best} - ({count} {votes})&quot;,&quot;font_factor&quot;:&quot;1.25&quot;}'>\n            \n<div class=\"kksr-stars\">\n    \n<div class=\"kksr-stars-inactive\">\n            <div class=\"kksr-star\" data-star=\"1\" style=\"padding-right: 5px\">\n            \n\n<div class=\"kksr-icon\" style=\"width: 24px; height: 24px;\"><\/div>\n        <\/div>\n            <div class=\"kksr-star\" data-star=\"2\" style=\"padding-right: 5px\">\n            \n\n<div class=\"kksr-icon\" style=\"width: 24px; height: 24px;\"><\/div>\n        <\/div>\n            <div class=\"kksr-star\" data-star=\"3\" style=\"padding-right: 5px\">\n            \n\n<div class=\"kksr-icon\" style=\"width: 24px; height: 24px;\"><\/div>\n        <\/div>\n            <div class=\"kksr-star\" data-star=\"4\" style=\"padding-right: 5px\">\n            \n\n<div class=\"kksr-icon\" style=\"width: 24px; height: 24px;\"><\/div>\n        <\/div>\n            <div class=\"kksr-star\" data-star=\"5\" style=\"padding-right: 5px\">\n            \n\n<div class=\"kksr-icon\" style=\"width: 24px; height: 24px;\"><\/div>\n        <\/div>\n    <\/div>\n    \n<div class=\"kksr-stars-active\" style=\"width: 142.5px;\">\n            <div class=\"kksr-star\" style=\"padding-right: 5px\">\n            \n\n<div class=\"kksr-icon\" style=\"width: 24px; height: 24px;\"><\/div>\n        <\/div>\n            <div class=\"kksr-star\" style=\"padding-right: 5px\">\n            \n\n<div class=\"kksr-icon\" style=\"width: 24px; height: 24px;\"><\/div>\n        <\/div>\n            <div class=\"kksr-star\" style=\"padding-right: 5px\">\n            \n\n<div class=\"kksr-icon\" style=\"width: 24px; height: 24px;\"><\/div>\n        <\/div>\n            <div class=\"kksr-star\" style=\"padding-right: 5px\">\n            \n\n<div class=\"kksr-icon\" style=\"width: 24px; height: 24px;\"><\/div>\n        <\/div>\n            <div class=\"kksr-star\" style=\"padding-right: 5px\">\n            \n\n<div class=\"kksr-icon\" style=\"width: 24px; height: 24px;\"><\/div>\n        <\/div>\n    <\/div>\n<\/div>\n                \n\n<div class=\"kksr-legend\" style=\"font-size: 19.2px;\">\n            5\/5 - (2 votes)    <\/div>\n    <\/div>\n","protected":false},"excerpt":{"rendered":"<p>Model \u03b1-C400iC Maximum workpiece dimensions without\u00a0 Automatic door Z axis travel\u00a0standard 730 x 630 x 250 mm Z axis travel\u00a0option \u2014 with Automatic door Z axis travel\u00a0standard 730 x 585 x 250 mm Z axis travel\u00a0option \u2014 Maximum workpiece weight 500 kg XY axis table travel 400 x 300 mm Z axis travel standard 255<\/p>\n","protected":false},"featured_media":11020,"template":"","meta":{"_acf_changed":false},"product_brand":[],"product_cat":[1423],"product_tag":[814,865],"class_list":{"0":"post-11022","1":"product","2":"type-product","3":"status-publish","4":"has-post-thumbnail","6":"product_cat-cnc-wire-cutting-machines","7":"product_tag-new-cnc-machine","8":"product_tag-new-fanuc-cnc-machine","9":"pa_thuong-hieu-fanuc-en","11":"first","12":"instock","13":"shipping-taxable","14":"purchasable","15":"product-type-simple"},"acf":[],"_links":{"self":[{"href":"https:\/\/atcmachinery.com\/en\/wp-json\/wp\/v2\/product\/11022","targetHints":{"allow":["GET"]}}],"collection":[{"href":"https:\/\/atcmachinery.com\/en\/wp-json\/wp\/v2\/product"}],"about":[{"href":"https:\/\/atcmachinery.com\/en\/wp-json\/wp\/v2\/types\/product"}],"wp:featuredmedia":[{"embeddable":true,"href":"https:\/\/atcmachinery.com\/en\/wp-json\/wp\/v2\/media\/11020"}],"wp:attachment":[{"href":"https:\/\/atcmachinery.com\/en\/wp-json\/wp\/v2\/media?parent=11022"}],"wp:term":[{"taxonomy":"product_brand","embeddable":true,"href":"https:\/\/atcmachinery.com\/en\/wp-json\/wp\/v2\/product_brand?post=11022"},{"taxonomy":"product_cat","embeddable":true,"href":"https:\/\/atcmachinery.com\/en\/wp-json\/wp\/v2\/product_cat?post=11022"},{"taxonomy":"product_tag","embeddable":true,"href":"https:\/\/atcmachinery.com\/en\/wp-json\/wp\/v2\/product_tag?post=11022"}],"curies":[{"name":"wp","href":"https:\/\/api.w.org\/{rel}","templated":true}]}}