{"id":10927,"date":"2024-01-03T09:18:33","date_gmt":"2024-01-03T02:18:33","guid":{"rendered":"http:\/\/atcmachinery.com\/may-phay-mazak-fjv-200\/"},"modified":"2024-02-02T15:08:53","modified_gmt":"2024-02-02T08:08:53","slug":"milling-machine-mazak-fjv-200","status":"publish","type":"product","link":"https:\/\/atcmachinery.com\/en\/milling-machine-mazak-fjv-200\/","title":{"rendered":"Milling machine Mazak FJV-200"},"content":{"rendered":"<p>&nbsp;<\/p>\n<table style=\"height: 329px; width: 52.252%;\" border=\"1\" width=\"503\" cellspacing=\"0\" cellpadding=\"0\">\n<tbody>\n<tr style=\"height: 36px;\">\n<td style=\"width: 26.3779%; text-align: center; height: 72px;\" rowspan=\"2\"><strong>Capacity <\/strong><strong><br \/>\n<\/strong><\/td>\n<td style=\"height: 36px; width: 37.4017%;\">Table Right\/Left<\/td>\n<td style=\"text-align: center; height: 36px; width: 35.8267%;\"><strong>800<\/strong>\u00a0mm \/\u00a0<strong>31.500<\/strong>\u00a0in<\/td>\n<\/tr>\n<tr style=\"height: 36px;\">\n<td style=\"height: 36px; width: 37.4017%;\">Table Longitudinal<\/td>\n<td style=\"text-align: center; height: 36px; width: 35.8267%;\"><strong>460<\/strong>\u00a0mm \/\u00a0<strong>18.110<\/strong>\u00a0in<\/td>\n<\/tr>\n<tr style=\"height: 36px;\">\n<td style=\"width: 26.3779%; text-align: center; height: 108px;\" rowspan=\"3\"><strong>Spindle<\/strong><strong><br \/>\n<\/strong><\/td>\n<td style=\"height: 36px; width: 37.4017%;\">Spindle Taper<\/td>\n<td style=\"text-align: center; height: 36px; width: 35.8267%;\"><strong>BT40<\/strong><\/td>\n<\/tr>\n<tr style=\"height: 36px;\">\n<td style=\"height: 36px; width: 37.4017%;\">Maximum Speed<\/td>\n<td style=\"text-align: center; height: 36px; width: 35.8267%;\"><strong>12000<\/strong>\u00a0rpm<\/td>\n<\/tr>\n<tr style=\"height: 36px;\">\n<td style=\"height: 36px; width: 37.4017%;\">Motor Output (<strong>30<\/strong>\u00a0minute rating)<\/td>\n<td style=\"text-align: center; height: 36px; width: 35.8267%;\"><strong>22<\/strong>\u00a0kw \/\u00a0<strong>30.0<\/strong>\u00a0hp<\/td>\n<\/tr>\n<tr style=\"height: 36px;\">\n<td style=\"width: 26.3779%; text-align: center; height: 41px;\"><strong>Magazine<\/strong><\/td>\n<td style=\"height: 41px; width: 37.4017%;\">Number of Tools<\/td>\n<td style=\"text-align: center; height: 41px; width: 35.8267%;\"><strong>30<\/strong><\/td>\n<\/tr>\n<tr style=\"height: 36px;\">\n<td style=\"width: 26.3779%; text-align: center; height: 108px;\" rowspan=\"3\"><strong>Feed Axes<\/strong><strong><br \/>\n<\/strong><\/td>\n<td style=\"height: 36px; width: 37.4017%;\">Travel (X Axis)<\/td>\n<td style=\"text-align: center; height: 36px; width: 35.8267%;\"><strong>560<\/strong>\u00a0mm \/\u00a0<strong>22.05<\/strong>\u00a0in<\/td>\n<\/tr>\n<tr style=\"height: 36px;\">\n<td style=\"height: 36px; width: 37.4017%;\">Travel (Y Axis)<\/td>\n<td style=\"text-align: center; height: 36px; width: 35.8267%;\"><strong>410<\/strong>\u00a0mm \/\u00a0<strong>16.14<\/strong>\u00a0in<\/td>\n<\/tr>\n<tr style=\"height: 36px;\">\n<td style=\"height: 36px; width: 37.4017%;\">Travel (Z Axis)<\/td>\n<td style=\"text-align: center; height: 36px; width: 35.8267%;\"><strong>410<\/strong>\u00a0mm \/\u00a0<strong>16.14<\/strong>\u00a0in<\/td>\n<\/tr>\n<\/tbody>\n<\/table>\n<p>&nbsp;<\/p>\n\n\n<div class=\"kk-star-ratings kksr-auto kksr-align-center kksr-valign-bottom\"\n    data-payload='{&quot;align&quot;:&quot;center&quot;,&quot;id&quot;:&quot;10927&quot;,&quot;slug&quot;:&quot;default&quot;,&quot;valign&quot;:&quot;bottom&quot;,&quot;ignore&quot;:&quot;&quot;,&quot;reference&quot;:&quot;auto&quot;,&quot;class&quot;:&quot;&quot;,&quot;count&quot;:&quot;2&quot;,&quot;legendonly&quot;:&quot;&quot;,&quot;readonly&quot;:&quot;&quot;,&quot;score&quot;:&quot;5&quot;,&quot;starsonly&quot;:&quot;&quot;,&quot;best&quot;:&quot;5&quot;,&quot;gap&quot;:&quot;5&quot;,&quot;greet&quot;:&quot;\u0110\u00e1nh gi\u00e1 product&quot;,&quot;legend&quot;:&quot;5\\\/5 - (2 votes)&quot;,&quot;size&quot;:&quot;24&quot;,&quot;title&quot;:&quot;Milling machine Mazak FJV-200&quot;,&quot;width&quot;:&quot;142.5&quot;,&quot;_legend&quot;:&quot;{score}\\\/{best} - ({count} {votes})&quot;,&quot;font_factor&quot;:&quot;1.25&quot;}'>\n            \n<div class=\"kksr-stars\">\n    \n<div class=\"kksr-stars-inactive\">\n            <div class=\"kksr-star\" data-star=\"1\" style=\"padding-right: 5px\">\n            \n\n<div class=\"kksr-icon\" style=\"width: 24px; height: 24px;\"><\/div>\n        <\/div>\n            <div class=\"kksr-star\" data-star=\"2\" style=\"padding-right: 5px\">\n            \n\n<div class=\"kksr-icon\" style=\"width: 24px; height: 24px;\"><\/div>\n        <\/div>\n            <div class=\"kksr-star\" data-star=\"3\" style=\"padding-right: 5px\">\n            \n\n<div class=\"kksr-icon\" style=\"width: 24px; height: 24px;\"><\/div>\n        <\/div>\n            <div class=\"kksr-star\" data-star=\"4\" style=\"padding-right: 5px\">\n            \n\n<div class=\"kksr-icon\" style=\"width: 24px; height: 24px;\"><\/div>\n        <\/div>\n            <div class=\"kksr-star\" data-star=\"5\" style=\"padding-right: 5px\">\n            \n\n<div class=\"kksr-icon\" style=\"width: 24px; height: 24px;\"><\/div>\n        <\/div>\n    <\/div>\n    \n<div class=\"kksr-stars-active\" style=\"width: 142.5px;\">\n            <div class=\"kksr-star\" style=\"padding-right: 5px\">\n            \n\n<div class=\"kksr-icon\" style=\"width: 24px; height: 24px;\"><\/div>\n        <\/div>\n            <div class=\"kksr-star\" style=\"padding-right: 5px\">\n            \n\n<div class=\"kksr-icon\" style=\"width: 24px; height: 24px;\"><\/div>\n        <\/div>\n            <div class=\"kksr-star\" style=\"padding-right: 5px\">\n            \n\n<div class=\"kksr-icon\" style=\"width: 24px; height: 24px;\"><\/div>\n        <\/div>\n            <div class=\"kksr-star\" style=\"padding-right: 5px\">\n            \n\n<div class=\"kksr-icon\" style=\"width: 24px; height: 24px;\"><\/div>\n        <\/div>\n            <div class=\"kksr-star\" style=\"padding-right: 5px\">\n            \n\n<div class=\"kksr-icon\" style=\"width: 24px; height: 24px;\"><\/div>\n        <\/div>\n    <\/div>\n<\/div>\n                \n\n<div class=\"kksr-legend\" style=\"font-size: 19.2px;\">\n            5\/5 - (2 votes)    <\/div>\n    <\/div>\n","protected":false},"excerpt":{"rendered":"<p>&nbsp; Capacity Table Right\/Left 800\u00a0mm \/\u00a031.500\u00a0in Table Longitudinal 460\u00a0mm \/\u00a018.110\u00a0in Spindle Spindle Taper BT40 Maximum Speed 12000\u00a0rpm Motor Output (30\u00a0minute rating) 22\u00a0kw \/\u00a030.0\u00a0hp Magazine Number of Tools 30 Feed Axes Travel (X Axis) 560\u00a0mm \/\u00a022.05\u00a0in Travel (Y Axis) 410\u00a0mm \/\u00a016.14\u00a0in Travel (Z Axis) 410\u00a0mm \/\u00a016.14\u00a0in &nbsp;<\/p>\n","protected":false},"featured_media":10925,"template":"","meta":{"_acf_changed":false},"product_brand":[],"product_cat":[17],"product_tag":[],"class_list":{"0":"post-10927","1":"product","2":"type-product","3":"status-publish","4":"has-post-thumbnail","6":"product_cat-chua-phan-loai","8":"first","9":"instock","10":"shipping-taxable","11":"purchasable","12":"product-type-simple"},"acf":[],"_links":{"self":[{"href":"https:\/\/atcmachinery.com\/en\/wp-json\/wp\/v2\/product\/10927","targetHints":{"allow":["GET"]}}],"collection":[{"href":"https:\/\/atcmachinery.com\/en\/wp-json\/wp\/v2\/product"}],"about":[{"href":"https:\/\/atcmachinery.com\/en\/wp-json\/wp\/v2\/types\/product"}],"wp:featuredmedia":[{"embeddable":true,"href":"https:\/\/atcmachinery.com\/en\/wp-json\/wp\/v2\/media\/10925"}],"wp:attachment":[{"href":"https:\/\/atcmachinery.com\/en\/wp-json\/wp\/v2\/media?parent=10927"}],"wp:term":[{"taxonomy":"product_brand","embeddable":true,"href":"https:\/\/atcmachinery.com\/en\/wp-json\/wp\/v2\/product_brand?post=10927"},{"taxonomy":"product_cat","embeddable":true,"href":"https:\/\/atcmachinery.com\/en\/wp-json\/wp\/v2\/product_cat?post=10927"},{"taxonomy":"product_tag","embeddable":true,"href":"https:\/\/atcmachinery.com\/en\/wp-json\/wp\/v2\/product_tag?post=10927"}],"curies":[{"name":"wp","href":"https:\/\/api.w.org\/{rel}","templated":true}]}}