{"id":4585,"date":"2022-04-27T04:53:37","date_gmt":"2022-04-26T21:53:37","guid":{"rendered":"http:\/\/atcmachinery.com\/return-refund-policy\/"},"modified":"2025-10-10T10:15:43","modified_gmt":"2025-10-10T03:15:43","slug":"return-refund-policy","status":"publish","type":"page","link":"https:\/\/atcmachinery.com\/en\/return-refund-policy\/","title":{"rendered":"Return &amp; Refund Policy"},"content":{"rendered":"<p>In order to bring convenience and the best experience to customers, avoid a lot of risks when buying products that you are completely passive, receive products that are worth the money you spend, products that bring you the right price. The value I want\u2026<\/p>\n<p><a href=\"http:\/\/atcmachinery.com\/wp-content\/uploads\/2022\/07\/chinh-sach-doi-may-image.jpg\"><img loading=\"lazy\" decoding=\"async\" class=\"aligncenter\" src=\"http:\/\/atcmachinery.com\/wp-content\/uploads\/2022\/07\/chinh-sach-doi-may-image.jpg\" alt=\"ch\u00ednh s\u00e1ch \u0111\u1ed5i m\u00e1y taikanvietnam\" width=\"300\" height=\"282\" title=\"\"><\/a><\/p>\n<p>Customers have 30 days to evaluate the reality and avoid the following risks:<\/p>\n<ul>\n<li>Bought the machine but not suitable for actual processing.<\/li>\n<li>Bought the machine to work unstable.<\/li>\n<li>Bought a machine with an error that can&#8217;t be fixed, it&#8217;s slow to fix.<\/li>\n<li>Bought the machine back did not meet the quality as originally committed.<\/li>\n<li>Bought the device, but feel lost, don&#8217;t like it anymore.<\/li>\n<li>\u2026.<\/li>\n<\/ul>\n<p>We will exchange for you another more suitable product only on condition: You do not damage our machine.<\/p>\n<p><strong>CONTACT INFO:<\/strong><\/p>\n<p dir=\"ltr\"><strong>Website<\/strong><a href=\"http:\/\/atcmachinery.com\/\"><strong>: www.atcmachinery.com\/<\/strong><br \/>\n<\/a><\/p>\n<p dir=\"ltr\"><strong>Hotline: <\/strong>03 2929 6789<\/p>\n<p dir=\"ltr\"><strong>Email: <a href=\"mailto:dat@atcmachinery.com\">dat@atcmachinery.com<\/a><\/strong><\/p>\n<p dir=\"ltr\"><strong>HCM:<\/strong> 55\/4E Tien Lan 1, Ba Diem, Hoc Mon<\/p>\n<p dir=\"ltr\"><strong>HN:<\/strong> Nam Hong, Dong Anh<\/p>\n<p dir=\"ltr\"><strong>Showroom:<\/strong> Km12+800, National Highway 3, Group 6, Dong Anh, Hanoi<\/p>\n<p dir=\"ltr\"><strong>Fanpage: <a href=\"https:\/\/www.facebook.com\/atcmachinery\/\" rel=\"nofollow noopener\" target=\"_blank\">https:\/\/www.facebook.com\/atcmachinery\/<\/a><\/strong><\/p>\n","protected":false},"excerpt":{"rendered":"<p>In order to bring convenience and the best experience to customers, avoid a lot of risks when buying products that you are completely passive, receive products that are worth the money you spend, products that bring you the right price. The value I want\u2026 Customers have 30 days to evaluate the reality and avoid the<\/p>\n","protected":false},"author":1,"featured_media":0,"parent":0,"menu_order":0,"comment_status":"closed","ping_status":"closed","template":"","meta":{"_acf_changed":false,"footnotes":""},"class_list":["post-4585","page","type-page","status-publish","hentry"],"acf":[],"_links":{"self":[{"href":"https:\/\/atcmachinery.com\/en\/wp-json\/wp\/v2\/pages\/4585","targetHints":{"allow":["GET"]}}],"collection":[{"href":"https:\/\/atcmachinery.com\/en\/wp-json\/wp\/v2\/pages"}],"about":[{"href":"https:\/\/atcmachinery.com\/en\/wp-json\/wp\/v2\/types\/page"}],"author":[{"embeddable":true,"href":"https:\/\/atcmachinery.com\/en\/wp-json\/wp\/v2\/users\/1"}],"replies":[{"embeddable":true,"href":"https:\/\/atcmachinery.com\/en\/wp-json\/wp\/v2\/comments?post=4585"}],"version-history":[{"count":0,"href":"https:\/\/atcmachinery.com\/en\/wp-json\/wp\/v2\/pages\/4585\/revisions"}],"wp:attachment":[{"href":"https:\/\/atcmachinery.com\/en\/wp-json\/wp\/v2\/media?parent=4585"}],"curies":[{"name":"wp","href":"https:\/\/api.w.org\/{rel}","templated":true}]}}