{"id":4578,"date":"2022-04-27T06:54:45","date_gmt":"2022-04-26T23:54:45","guid":{"rendered":"http:\/\/atcmachinery.com\/payment-policy\/"},"modified":"2025-10-10T10:14:05","modified_gmt":"2025-10-10T03:14:05","slug":"payment-policy","status":"publish","type":"page","link":"https:\/\/atcmachinery.com\/en\/payment-policy\/","title":{"rendered":"Payment policy"},"content":{"rendered":"<p><a href=\"http:\/\/atcmachinery.com\/wp-content\/uploads\/2022\/07\/chinh-sach-thanh-toan-1.jpg\"><img loading=\"lazy\" decoding=\"async\" class=\"aligncenter\" src=\"http:\/\/atcmachinery.com\/wp-content\/uploads\/2022\/07\/chinh-sach-thanh-toan-1.jpg\" alt=\"Ch\u00ednh s\u00e1ch thanh to\u00e1n taikanvietnam\" width=\"600\" height=\"200\" title=\"\"><\/a><\/p>\n<ol>\n<li><strong>METHOD OF PAYMENT:<\/strong> Cash or bank transfer<\/li>\n<li><strong>PAYMENT POLICY:<\/strong><\/li>\n<\/ol>\n<p>\u2666 <span style=\"text-decoration: underline;\">About repair service:<\/span><\/p>\n<ul>\n<li>Payment within 07 days from the date of signing the acceptance record.<\/li>\n<li>You will receive a 5% discount \/ total labor cost (excluding VAT) if payment is made within 1 day from the date of signing for acceptance.<\/li>\n<li>Payment on a fixed date every month applies to customers who sign a contract to use the service within 01 year or more.<\/li>\n<\/ul>\n<p>\u2666 <span style=\"text-decoration: underline;\">About purchase:<\/span><\/p>\n<ul>\n<li>100% payment before receiving the machine will be given a 1-month warranty package.<\/li>\n<li>Payment within 30 days will be given a 15-day warranty package.<\/li>\n<li>Payment within 90 days will be charged interest equal to bank rate.<\/li>\n<li>Payment within 180 days will charge an interest rate equal to 1.5 times the bank rate.<\/li>\n<\/ul>\n<ol start=\"3\">\n<li><strong>CONTACT INFO:<\/strong><\/li>\n<\/ol>\n<p dir=\"ltr\"><strong>Website<\/strong><a href=\"http:\/\/atcmachinery.com\/\"><strong>: www.atcmachinery.com\/<\/strong><br \/>\n<\/a><\/p>\n<p dir=\"ltr\"><strong>Hotline: <\/strong>03 2929 6789<\/p>\n<p dir=\"ltr\"><strong>Email: <a href=\"mailto:dat@atcmachinery.com\">dat@atcmachinery.com<\/a><\/strong><\/p>\n<p dir=\"ltr\"><strong>HCM:<\/strong> 55\/4E Tien Lan 1, Ba Diem, Hoc Mon<\/p>\n<p dir=\"ltr\"><strong>HN:<\/strong> Nam Hong, Dong Anh<\/p>\n<p dir=\"ltr\"><strong>Showroom:<\/strong> Km12+800, National Highway 3, Group 6, Dong Anh, Hanoi<\/p>\n<p dir=\"ltr\"><strong>Fanpage: <a href=\"https:\/\/www.facebook.com\/atcmachinery\/\" rel=\"nofollow noopener\" target=\"_blank\">https:\/\/www.facebook.com\/atcmachinery\/<\/a><\/strong><\/p>\n","protected":false},"excerpt":{"rendered":"<p>METHOD OF PAYMENT: Cash or bank transfer PAYMENT POLICY: \u2666 About repair service: Payment within 07 days from the date of signing the acceptance record. You will receive a 5% discount \/ total labor cost (excluding VAT) if payment is made within 1 day from the date of signing for acceptance. Payment on a fixed<\/p>\n","protected":false},"author":1,"featured_media":0,"parent":0,"menu_order":0,"comment_status":"closed","ping_status":"closed","template":"","meta":{"_acf_changed":false,"footnotes":""},"class_list":["post-4578","page","type-page","status-publish","hentry"],"acf":[],"_links":{"self":[{"href":"https:\/\/atcmachinery.com\/en\/wp-json\/wp\/v2\/pages\/4578","targetHints":{"allow":["GET"]}}],"collection":[{"href":"https:\/\/atcmachinery.com\/en\/wp-json\/wp\/v2\/pages"}],"about":[{"href":"https:\/\/atcmachinery.com\/en\/wp-json\/wp\/v2\/types\/page"}],"author":[{"embeddable":true,"href":"https:\/\/atcmachinery.com\/en\/wp-json\/wp\/v2\/users\/1"}],"replies":[{"embeddable":true,"href":"https:\/\/atcmachinery.com\/en\/wp-json\/wp\/v2\/comments?post=4578"}],"version-history":[{"count":0,"href":"https:\/\/atcmachinery.com\/en\/wp-json\/wp\/v2\/pages\/4578\/revisions"}],"wp:attachment":[{"href":"https:\/\/atcmachinery.com\/en\/wp-json\/wp\/v2\/media?parent=4578"}],"curies":[{"name":"wp","href":"https:\/\/api.w.org\/{rel}","templated":true}]}}